{"id":28652,"date":"2024-02-10T19:57:33","date_gmt":"2024-02-10T19:57:33","guid":{"rendered":"https:\/\/kartingvendrell.com\/tienda\/racedays\/"},"modified":"2024-02-10T19:57:33","modified_gmt":"2024-02-10T19:57:33","slug":"racedays","status":"publish","type":"product","link":"https:\/\/kartingvendrell.com\/fr\/tienda\/racedays\/","title":{"rendered":"RACEDAYS"},"content":{"rendered":"<p>Marre de faire des s\u00e9ances de 10 minutes ? Envie de nouveaux d\u00e9fis ? Les RACEDAYS sont arriv\u00e9s, des courses con\u00e7ues pour les fans de karting de location souhaitant d\u00e9montrer leurs comp\u00e9tences en rivalisant avec d&rsquo;autres pilotes. Les RACEDAYS sont des courses ouvertes o\u00f9 vous pouvez vous inscrire seul ou avec vos amis. Nous avons cr\u00e9\u00e9 un groupe WhatsApp o\u00f9 nous publierons toutes les courses, dates, caract\u00e9ristiques et PRIX. Il y aura des courses chaque semaine ! Si vous \u00eates int\u00e9ress\u00e9, cliquez sur le lien dans la description pour entrer dans le monde des RACEDAYS !<\/p>\n","protected":false},"excerpt":{"rendered":"<p>Marre de faire des s\u00e9ances de 10 minutes ? Envie de nouveaux d\u00e9fis ? Les RACEDAYS sont arriv\u00e9s, des courses con\u00e7ues pour les fans de karting de location souhaitant d\u00e9montrer leurs comp\u00e9tences en rivalisant avec d&rsquo;autres pilotes. Les RACEDAYS sont des courses ouvertes o\u00f9 vous pouvez vous inscrire seul ou avec vos amis. Nous avons [&hellip;]<\/p>\n","protected":false},"featured_media":20003,"template":"","meta":{"_joinchat":[]},"product_brand":[],"product_cat":[135],"product_tag":[],"class_list":{"0":"post-28652","1":"product","2":"type-product","3":"status-publish","4":"has-post-thumbnail","6":"product_cat-racedays-fr","8":"first","9":"instock","10":"shipping-taxable","11":"purchasable","12":"product-type-simple"},"yoast_head":"<!-- This site is optimized with the Yoast SEO plugin v26.0 - https:\/\/yoast.com\/wordpress\/plugins\/seo\/ -->\n<title>RACEDAYS - Karting Vendrell<\/title>\n<meta name=\"robots\" content=\"index, follow, max-snippet:-1, max-image-preview:large, max-video-preview:-1\" \/>\n<link rel=\"canonical\" href=\"https:\/\/kartingvendrell.com\/fr\/tienda\/racedays\/\" \/>\n<meta property=\"og:locale\" content=\"fr_FR\" \/>\n<meta property=\"og:type\" content=\"article\" \/>\n<meta property=\"og:title\" content=\"RACEDAYS - Karting Vendrell\" \/>\n<meta property=\"og:description\" content=\"Marre de faire des s\u00e9ances de 10 minutes ? Envie de nouveaux d\u00e9fis ? Les RACEDAYS sont arriv\u00e9s, des courses con\u00e7ues pour les fans de karting de location souhaitant d\u00e9montrer leurs comp\u00e9tences en rivalisant avec d&rsquo;autres pilotes. Les RACEDAYS sont des courses ouvertes o\u00f9 vous pouvez vous inscrire seul ou avec vos amis. Nous avons [&hellip;]\" \/>\n<meta property=\"og:url\" content=\"https:\/\/kartingvendrell.com\/fr\/tienda\/racedays\/\" \/>\n<meta property=\"og:site_name\" content=\"Karting Vendrell\" \/>\n<meta property=\"article:publisher\" content=\"https:\/\/www.facebook.com\/karting.vendrell\" \/>\n<meta name=\"twitter:card\" content=\"summary_large_image\" \/>\n<meta name=\"twitter:site\" content=\"@ClubVendrell\" \/>\n<script type=\"application\/ld+json\" class=\"yoast-schema-graph\">{\"@context\":\"https:\/\/schema.org\",\"@graph\":[{\"@type\":\"WebPage\",\"@id\":\"https:\/\/kartingvendrell.com\/fr\/tienda\/racedays\/\",\"url\":\"https:\/\/kartingvendrell.com\/fr\/tienda\/racedays\/\",\"name\":\"RACEDAYS - Karting Vendrell\",\"isPartOf\":{\"@id\":\"https:\/\/kartingvendrell.com\/#website\"},\"primaryImageOfPage\":{\"@id\":\"https:\/\/kartingvendrell.com\/fr\/tienda\/racedays\/#primaryimage\"},\"image\":{\"@id\":\"https:\/\/kartingvendrell.com\/fr\/tienda\/racedays\/#primaryimage\"},\"thumbnailUrl\":\"https:\/\/kartingvendrell.com\/wp-content\/uploads\/2022\/09\/RACEDAYS2.jpg\",\"datePublished\":\"2024-02-10T19:57:33+00:00\",\"breadcrumb\":{\"@id\":\"https:\/\/kartingvendrell.com\/fr\/tienda\/racedays\/#breadcrumb\"},\"inLanguage\":\"fr-FR\",\"potentialAction\":[{\"@type\":\"ReadAction\",\"target\":[\"https:\/\/kartingvendrell.com\/fr\/tienda\/racedays\/\"]}]},{\"@type\":\"ImageObject\",\"inLanguage\":\"fr-FR\",\"@id\":\"https:\/\/kartingvendrell.com\/fr\/tienda\/racedays\/#primaryimage\",\"url\":\"https:\/\/kartingvendrell.com\/wp-content\/uploads\/2022\/09\/RACEDAYS2.jpg\",\"contentUrl\":\"https:\/\/kartingvendrell.com\/wp-content\/uploads\/2022\/09\/RACEDAYS2.jpg\",\"width\":773,\"height\":736},{\"@type\":\"BreadcrumbList\",\"@id\":\"https:\/\/kartingvendrell.com\/fr\/tienda\/racedays\/#breadcrumb\",\"itemListElement\":[{\"@type\":\"ListItem\",\"position\":1,\"name\":\"Karting Vendrell\",\"item\":\"https:\/\/kartingvendrell.com\/fr\/\"},{\"@type\":\"ListItem\",\"position\":2,\"name\":\"Boutique\",\"item\":\"https:\/\/kartingvendrell.com\/fr\/boutique\/\"},{\"@type\":\"ListItem\",\"position\":3,\"name\":\"RACEDAYS\"}]},{\"@type\":\"WebSite\",\"@id\":\"https:\/\/kartingvendrell.com\/#website\",\"url\":\"https:\/\/kartingvendrell.com\/\",\"name\":\"Karting Vendrell\",\"description\":\"Circuito de Karts\",\"publisher\":{\"@id\":\"https:\/\/kartingvendrell.com\/#organization\"},\"potentialAction\":[{\"@type\":\"SearchAction\",\"target\":{\"@type\":\"EntryPoint\",\"urlTemplate\":\"https:\/\/kartingvendrell.com\/?s={search_term_string}\"},\"query-input\":{\"@type\":\"PropertyValueSpecification\",\"valueRequired\":true,\"valueName\":\"search_term_string\"}}],\"inLanguage\":\"fr-FR\"},{\"@type\":\"Organization\",\"@id\":\"https:\/\/kartingvendrell.com\/#organization\",\"name\":\"Karting Vendrell\",\"url\":\"https:\/\/kartingvendrell.com\/\",\"logo\":{\"@type\":\"ImageObject\",\"inLanguage\":\"fr-FR\",\"@id\":\"https:\/\/kartingvendrell.com\/#\/schema\/logo\/image\/\",\"url\":\"https:\/\/kartingvendrell.com\/wp-content\/uploads\/2017\/12\/Karting-Vendrell.png\",\"contentUrl\":\"https:\/\/kartingvendrell.com\/wp-content\/uploads\/2017\/12\/Karting-Vendrell.png\",\"width\":244,\"height\":100,\"caption\":\"Karting Vendrell\"},\"image\":{\"@id\":\"https:\/\/kartingvendrell.com\/#\/schema\/logo\/image\/\"},\"sameAs\":[\"https:\/\/www.facebook.com\/karting.vendrell\",\"https:\/\/x.com\/ClubVendrell\"]}]}<\/script>\n<!-- \/ Yoast SEO plugin. -->","yoast_head_json":{"title":"RACEDAYS - Karting Vendrell","robots":{"index":"index","follow":"follow","max-snippet":"max-snippet:-1","max-image-preview":"max-image-preview:large","max-video-preview":"max-video-preview:-1"},"canonical":"https:\/\/kartingvendrell.com\/fr\/tienda\/racedays\/","og_locale":"fr_FR","og_type":"article","og_title":"RACEDAYS - Karting Vendrell","og_description":"Marre de faire des s\u00e9ances de 10 minutes ? Envie de nouveaux d\u00e9fis ? Les RACEDAYS sont arriv\u00e9s, des courses con\u00e7ues pour les fans de karting de location souhaitant d\u00e9montrer leurs comp\u00e9tences en rivalisant avec d&rsquo;autres pilotes. Les RACEDAYS sont des courses ouvertes o\u00f9 vous pouvez vous inscrire seul ou avec vos amis. Nous avons [&hellip;]","og_url":"https:\/\/kartingvendrell.com\/fr\/tienda\/racedays\/","og_site_name":"Karting Vendrell","article_publisher":"https:\/\/www.facebook.com\/karting.vendrell","twitter_card":"summary_large_image","twitter_site":"@ClubVendrell","schema":{"@context":"https:\/\/schema.org","@graph":[{"@type":"WebPage","@id":"https:\/\/kartingvendrell.com\/fr\/tienda\/racedays\/","url":"https:\/\/kartingvendrell.com\/fr\/tienda\/racedays\/","name":"RACEDAYS - Karting Vendrell","isPartOf":{"@id":"https:\/\/kartingvendrell.com\/#website"},"primaryImageOfPage":{"@id":"https:\/\/kartingvendrell.com\/fr\/tienda\/racedays\/#primaryimage"},"image":{"@id":"https:\/\/kartingvendrell.com\/fr\/tienda\/racedays\/#primaryimage"},"thumbnailUrl":"https:\/\/kartingvendrell.com\/wp-content\/uploads\/2022\/09\/RACEDAYS2.jpg","datePublished":"2024-02-10T19:57:33+00:00","breadcrumb":{"@id":"https:\/\/kartingvendrell.com\/fr\/tienda\/racedays\/#breadcrumb"},"inLanguage":"fr-FR","potentialAction":[{"@type":"ReadAction","target":["https:\/\/kartingvendrell.com\/fr\/tienda\/racedays\/"]}]},{"@type":"ImageObject","inLanguage":"fr-FR","@id":"https:\/\/kartingvendrell.com\/fr\/tienda\/racedays\/#primaryimage","url":"https:\/\/kartingvendrell.com\/wp-content\/uploads\/2022\/09\/RACEDAYS2.jpg","contentUrl":"https:\/\/kartingvendrell.com\/wp-content\/uploads\/2022\/09\/RACEDAYS2.jpg","width":773,"height":736},{"@type":"BreadcrumbList","@id":"https:\/\/kartingvendrell.com\/fr\/tienda\/racedays\/#breadcrumb","itemListElement":[{"@type":"ListItem","position":1,"name":"Karting Vendrell","item":"https:\/\/kartingvendrell.com\/fr\/"},{"@type":"ListItem","position":2,"name":"Boutique","item":"https:\/\/kartingvendrell.com\/fr\/boutique\/"},{"@type":"ListItem","position":3,"name":"RACEDAYS"}]},{"@type":"WebSite","@id":"https:\/\/kartingvendrell.com\/#website","url":"https:\/\/kartingvendrell.com\/","name":"Karting Vendrell","description":"Circuito de Karts","publisher":{"@id":"https:\/\/kartingvendrell.com\/#organization"},"potentialAction":[{"@type":"SearchAction","target":{"@type":"EntryPoint","urlTemplate":"https:\/\/kartingvendrell.com\/?s={search_term_string}"},"query-input":{"@type":"PropertyValueSpecification","valueRequired":true,"valueName":"search_term_string"}}],"inLanguage":"fr-FR"},{"@type":"Organization","@id":"https:\/\/kartingvendrell.com\/#organization","name":"Karting Vendrell","url":"https:\/\/kartingvendrell.com\/","logo":{"@type":"ImageObject","inLanguage":"fr-FR","@id":"https:\/\/kartingvendrell.com\/#\/schema\/logo\/image\/","url":"https:\/\/kartingvendrell.com\/wp-content\/uploads\/2017\/12\/Karting-Vendrell.png","contentUrl":"https:\/\/kartingvendrell.com\/wp-content\/uploads\/2017\/12\/Karting-Vendrell.png","width":244,"height":100,"caption":"Karting Vendrell"},"image":{"@id":"https:\/\/kartingvendrell.com\/#\/schema\/logo\/image\/"},"sameAs":["https:\/\/www.facebook.com\/karting.vendrell","https:\/\/x.com\/ClubVendrell"]}]}},"_links":{"self":[{"href":"https:\/\/kartingvendrell.com\/fr\/wp-json\/wp\/v2\/product\/28652","targetHints":{"allow":["GET"]}}],"collection":[{"href":"https:\/\/kartingvendrell.com\/fr\/wp-json\/wp\/v2\/product"}],"about":[{"href":"https:\/\/kartingvendrell.com\/fr\/wp-json\/wp\/v2\/types\/product"}],"wp:featuredmedia":[{"embeddable":true,"href":"https:\/\/kartingvendrell.com\/fr\/wp-json\/wp\/v2\/media\/20003"}],"wp:attachment":[{"href":"https:\/\/kartingvendrell.com\/fr\/wp-json\/wp\/v2\/media?parent=28652"}],"wp:term":[{"taxonomy":"product_brand","embeddable":true,"href":"https:\/\/kartingvendrell.com\/fr\/wp-json\/wp\/v2\/product_brand?post=28652"},{"taxonomy":"product_cat","embeddable":true,"href":"https:\/\/kartingvendrell.com\/fr\/wp-json\/wp\/v2\/product_cat?post=28652"},{"taxonomy":"product_tag","embeddable":true,"href":"https:\/\/kartingvendrell.com\/fr\/wp-json\/wp\/v2\/product_tag?post=28652"}],"curies":[{"name":"wp","href":"https:\/\/api.w.org\/{rel}","templated":true}]}}