{"id":28519,"date":"2024-02-08T16:21:30","date_gmt":"2024-02-08T16:21:30","guid":{"rendered":"https:\/\/kartingvendrell.com\/tienda\/gp2-skc\/"},"modified":"2024-02-08T16:21:30","modified_gmt":"2024-02-08T16:21:30","slug":"gp2-skc","status":"publish","type":"product","link":"https:\/\/kartingvendrell.com\/fr\/tienda\/gp2-skc\/","title":{"rendered":"GP2 SKC"},"content":{"rendered":"<p>Deuxi\u00e8me GP de la SKC Catalonia Rental Kart League. Pour la premi\u00e8re fois de notre histoire, nous avons d\u00e9m\u00e9nag\u00e9 sur le grand circuit international de karting Vendrell.<\/p>\n<p>Apr\u00e8s le succ\u00e8s du GP1 avec 103 pilotes, nous esp\u00e9rons avoir une participation similaire.<\/p>\n<p>2 Courses par groupe, 2 Qualis \u00e0 1 tour, la somme des 4 scores vous qualifiera pour une grande finale avec des personnes de votre niveau. Seriez-vous qualifi\u00e9 pour la finale Gold ?<\/p>\n<p>Troph\u00e9es personnalis\u00e9s de haute qualit\u00e9 pour les vainqueurs et podiums de toutes les courses, ainsi que des tirages au sort pour tous les participants assistant aux podiums finaux.<\/p>\n<p>sous-cat\u00e9gories :<\/p>\n<p>Moins de 21<br \/>\nV\u00e9t\u00e9ran<br \/>\nPlus de poids<\/p>\n<p>&nbsp;<\/p>\n<p>Date de l&rsquo;\u00e9v\u00e9nement:<br \/>\n17 mars \u00e0 8h00<\/p>\n<p>&nbsp;<\/p>\n<p>Ne manquez pas d&rsquo;espace et courez !<\/p>\n","protected":false},"excerpt":{"rendered":"<p>Deuxi\u00e8me GP de la SKC Catalonia Rental Kart League. Pour la premi\u00e8re fois de notre histoire, nous avons d\u00e9m\u00e9nag\u00e9 sur le grand circuit international de karting Vendrell. Apr\u00e8s le succ\u00e8s du GP1 avec 103 pilotes, nous esp\u00e9rons avoir une participation similaire. 2 Courses par groupe, 2 Qualis \u00e0 1 tour, la somme des 4 scores [&hellip;]<\/p>\n","protected":false},"featured_media":0,"template":"","meta":{"_joinchat":[]},"product_brand":[],"product_cat":[135],"product_tag":[],"class_list":{"0":"post-28519","1":"product","2":"type-product","3":"status-publish","5":"product_cat-racedays-fr","7":"first","8":"instock","9":"shipping-taxable","10":"product-type-simple"},"yoast_head":"<!-- This site is optimized with the Yoast SEO plugin v26.0 - https:\/\/yoast.com\/wordpress\/plugins\/seo\/ -->\n<title>GP2 SKC - Karting Vendrell<\/title>\n<meta name=\"robots\" content=\"index, follow, max-snippet:-1, max-image-preview:large, max-video-preview:-1\" \/>\n<link rel=\"canonical\" href=\"https:\/\/kartingvendrell.com\/fr\/tienda\/gp2-skc\/\" \/>\n<meta property=\"og:locale\" content=\"fr_FR\" \/>\n<meta property=\"og:type\" content=\"article\" \/>\n<meta property=\"og:title\" content=\"GP2 SKC - Karting Vendrell\" \/>\n<meta property=\"og:description\" content=\"Deuxi\u00e8me GP de la SKC Catalonia Rental Kart League. Pour la premi\u00e8re fois de notre histoire, nous avons d\u00e9m\u00e9nag\u00e9 sur le grand circuit international de karting Vendrell. Apr\u00e8s le succ\u00e8s du GP1 avec 103 pilotes, nous esp\u00e9rons avoir une participation similaire. 2 Courses par groupe, 2 Qualis \u00e0 1 tour, la somme des 4 scores [&hellip;]\" \/>\n<meta property=\"og:url\" content=\"https:\/\/kartingvendrell.com\/fr\/tienda\/gp2-skc\/\" \/>\n<meta property=\"og:site_name\" content=\"Karting Vendrell\" \/>\n<meta property=\"article:publisher\" content=\"https:\/\/www.facebook.com\/karting.vendrell\" \/>\n<meta name=\"twitter:card\" content=\"summary_large_image\" \/>\n<meta name=\"twitter:site\" content=\"@ClubVendrell\" \/>\n<meta name=\"twitter:label1\" content=\"Dur\u00e9e de lecture estim\u00e9e\" \/>\n\t<meta name=\"twitter:data1\" content=\"1 minute\" \/>\n<script type=\"application\/ld+json\" class=\"yoast-schema-graph\">{\"@context\":\"https:\/\/schema.org\",\"@graph\":[{\"@type\":\"WebPage\",\"@id\":\"https:\/\/kartingvendrell.com\/fr\/tienda\/gp2-skc\/\",\"url\":\"https:\/\/kartingvendrell.com\/fr\/tienda\/gp2-skc\/\",\"name\":\"GP2 SKC - Karting Vendrell\",\"isPartOf\":{\"@id\":\"https:\/\/kartingvendrell.com\/#website\"},\"datePublished\":\"2024-02-08T16:21:30+00:00\",\"breadcrumb\":{\"@id\":\"https:\/\/kartingvendrell.com\/fr\/tienda\/gp2-skc\/#breadcrumb\"},\"inLanguage\":\"fr-FR\",\"potentialAction\":[{\"@type\":\"ReadAction\",\"target\":[\"https:\/\/kartingvendrell.com\/fr\/tienda\/gp2-skc\/\"]}]},{\"@type\":\"BreadcrumbList\",\"@id\":\"https:\/\/kartingvendrell.com\/fr\/tienda\/gp2-skc\/#breadcrumb\",\"itemListElement\":[{\"@type\":\"ListItem\",\"position\":1,\"name\":\"Karting Vendrell\",\"item\":\"https:\/\/kartingvendrell.com\/fr\/\"},{\"@type\":\"ListItem\",\"position\":2,\"name\":\"Boutique\",\"item\":\"https:\/\/kartingvendrell.com\/fr\/boutique\/\"},{\"@type\":\"ListItem\",\"position\":3,\"name\":\"GP2 SKC\"}]},{\"@type\":\"WebSite\",\"@id\":\"https:\/\/kartingvendrell.com\/#website\",\"url\":\"https:\/\/kartingvendrell.com\/\",\"name\":\"Karting Vendrell\",\"description\":\"Circuito de Karts\",\"publisher\":{\"@id\":\"https:\/\/kartingvendrell.com\/#organization\"},\"potentialAction\":[{\"@type\":\"SearchAction\",\"target\":{\"@type\":\"EntryPoint\",\"urlTemplate\":\"https:\/\/kartingvendrell.com\/?s={search_term_string}\"},\"query-input\":{\"@type\":\"PropertyValueSpecification\",\"valueRequired\":true,\"valueName\":\"search_term_string\"}}],\"inLanguage\":\"fr-FR\"},{\"@type\":\"Organization\",\"@id\":\"https:\/\/kartingvendrell.com\/#organization\",\"name\":\"Karting Vendrell\",\"url\":\"https:\/\/kartingvendrell.com\/\",\"logo\":{\"@type\":\"ImageObject\",\"inLanguage\":\"fr-FR\",\"@id\":\"https:\/\/kartingvendrell.com\/#\/schema\/logo\/image\/\",\"url\":\"https:\/\/kartingvendrell.com\/wp-content\/uploads\/2017\/12\/Karting-Vendrell.png\",\"contentUrl\":\"https:\/\/kartingvendrell.com\/wp-content\/uploads\/2017\/12\/Karting-Vendrell.png\",\"width\":244,\"height\":100,\"caption\":\"Karting Vendrell\"},\"image\":{\"@id\":\"https:\/\/kartingvendrell.com\/#\/schema\/logo\/image\/\"},\"sameAs\":[\"https:\/\/www.facebook.com\/karting.vendrell\",\"https:\/\/x.com\/ClubVendrell\"]}]}<\/script>\n<!-- \/ Yoast SEO plugin. -->","yoast_head_json":{"title":"GP2 SKC - Karting Vendrell","robots":{"index":"index","follow":"follow","max-snippet":"max-snippet:-1","max-image-preview":"max-image-preview:large","max-video-preview":"max-video-preview:-1"},"canonical":"https:\/\/kartingvendrell.com\/fr\/tienda\/gp2-skc\/","og_locale":"fr_FR","og_type":"article","og_title":"GP2 SKC - Karting Vendrell","og_description":"Deuxi\u00e8me GP de la SKC Catalonia Rental Kart League. Pour la premi\u00e8re fois de notre histoire, nous avons d\u00e9m\u00e9nag\u00e9 sur le grand circuit international de karting Vendrell. Apr\u00e8s le succ\u00e8s du GP1 avec 103 pilotes, nous esp\u00e9rons avoir une participation similaire. 2 Courses par groupe, 2 Qualis \u00e0 1 tour, la somme des 4 scores [&hellip;]","og_url":"https:\/\/kartingvendrell.com\/fr\/tienda\/gp2-skc\/","og_site_name":"Karting Vendrell","article_publisher":"https:\/\/www.facebook.com\/karting.vendrell","twitter_card":"summary_large_image","twitter_site":"@ClubVendrell","twitter_misc":{"Dur\u00e9e de lecture estim\u00e9e":"1 minute"},"schema":{"@context":"https:\/\/schema.org","@graph":[{"@type":"WebPage","@id":"https:\/\/kartingvendrell.com\/fr\/tienda\/gp2-skc\/","url":"https:\/\/kartingvendrell.com\/fr\/tienda\/gp2-skc\/","name":"GP2 SKC - Karting Vendrell","isPartOf":{"@id":"https:\/\/kartingvendrell.com\/#website"},"datePublished":"2024-02-08T16:21:30+00:00","breadcrumb":{"@id":"https:\/\/kartingvendrell.com\/fr\/tienda\/gp2-skc\/#breadcrumb"},"inLanguage":"fr-FR","potentialAction":[{"@type":"ReadAction","target":["https:\/\/kartingvendrell.com\/fr\/tienda\/gp2-skc\/"]}]},{"@type":"BreadcrumbList","@id":"https:\/\/kartingvendrell.com\/fr\/tienda\/gp2-skc\/#breadcrumb","itemListElement":[{"@type":"ListItem","position":1,"name":"Karting Vendrell","item":"https:\/\/kartingvendrell.com\/fr\/"},{"@type":"ListItem","position":2,"name":"Boutique","item":"https:\/\/kartingvendrell.com\/fr\/boutique\/"},{"@type":"ListItem","position":3,"name":"GP2 SKC"}]},{"@type":"WebSite","@id":"https:\/\/kartingvendrell.com\/#website","url":"https:\/\/kartingvendrell.com\/","name":"Karting Vendrell","description":"Circuito de Karts","publisher":{"@id":"https:\/\/kartingvendrell.com\/#organization"},"potentialAction":[{"@type":"SearchAction","target":{"@type":"EntryPoint","urlTemplate":"https:\/\/kartingvendrell.com\/?s={search_term_string}"},"query-input":{"@type":"PropertyValueSpecification","valueRequired":true,"valueName":"search_term_string"}}],"inLanguage":"fr-FR"},{"@type":"Organization","@id":"https:\/\/kartingvendrell.com\/#organization","name":"Karting Vendrell","url":"https:\/\/kartingvendrell.com\/","logo":{"@type":"ImageObject","inLanguage":"fr-FR","@id":"https:\/\/kartingvendrell.com\/#\/schema\/logo\/image\/","url":"https:\/\/kartingvendrell.com\/wp-content\/uploads\/2017\/12\/Karting-Vendrell.png","contentUrl":"https:\/\/kartingvendrell.com\/wp-content\/uploads\/2017\/12\/Karting-Vendrell.png","width":244,"height":100,"caption":"Karting Vendrell"},"image":{"@id":"https:\/\/kartingvendrell.com\/#\/schema\/logo\/image\/"},"sameAs":["https:\/\/www.facebook.com\/karting.vendrell","https:\/\/x.com\/ClubVendrell"]}]}},"_links":{"self":[{"href":"https:\/\/kartingvendrell.com\/fr\/wp-json\/wp\/v2\/product\/28519","targetHints":{"allow":["GET"]}}],"collection":[{"href":"https:\/\/kartingvendrell.com\/fr\/wp-json\/wp\/v2\/product"}],"about":[{"href":"https:\/\/kartingvendrell.com\/fr\/wp-json\/wp\/v2\/types\/product"}],"wp:attachment":[{"href":"https:\/\/kartingvendrell.com\/fr\/wp-json\/wp\/v2\/media?parent=28519"}],"wp:term":[{"taxonomy":"product_brand","embeddable":true,"href":"https:\/\/kartingvendrell.com\/fr\/wp-json\/wp\/v2\/product_brand?post=28519"},{"taxonomy":"product_cat","embeddable":true,"href":"https:\/\/kartingvendrell.com\/fr\/wp-json\/wp\/v2\/product_cat?post=28519"},{"taxonomy":"product_tag","embeddable":true,"href":"https:\/\/kartingvendrell.com\/fr\/wp-json\/wp\/v2\/product_tag?post=28519"}],"curies":[{"name":"wp","href":"https:\/\/api.w.org\/{rel}","templated":true}]}}