{"id":16259,"date":"2017-12-07T11:59:13","date_gmt":"2022-05-10T19:56:15","guid":{"rendered":"https:\/\/kartingvendrell.com\/tienda\/planifier-des-activites-de-groupe\/"},"modified":"2022-05-10T19:56:15","modified_gmt":"2022-05-10T19:56:15","slug":"planifier-des-activites-de-groupe","status":"publish","type":"product","link":"https:\/\/kartingvendrell.com\/fr\/tienda\/planifier-des-activites-de-groupe\/","title":{"rendered":"Planifier des activit\u00e9s de groupe"},"content":{"rendered":"","protected":false},"excerpt":{"rendered":"<p>Parfois, en raison de l&rsquo;\u00e2ge ou pour diff\u00e9rentes raisons, planifier ce \u00e0 quoi chaque membre du groupe va participer co\u00fbte un peu. Nous vous aidons en regroupant tous les services en un seul endroit. Vous pouvez acc\u00e9der \u00e0 chacun d&rsquo;eux \u00e0 partir de son propre nom.<\/p>\n","protected":false},"featured_media":16948,"template":"","meta":{"_joinchat":[]},"product_brand":[],"product_cat":[85],"product_tag":[],"class_list":{"0":"post-16259","1":"product","2":"type-product","3":"status-publish","4":"has-post-thumbnail","6":"product_cat-planificateur-dactivites","8":"first","9":"instock","10":"featured","11":"shipping-taxable","12":"product-type-grouped"},"yoast_head":"<!-- This site is optimized with the Yoast SEO plugin v26.0 - https:\/\/yoast.com\/wordpress\/plugins\/seo\/ -->\n<title>Planifier des activit\u00e9s de groupe - Karting Vendrell<\/title>\n<meta name=\"description\" content=\"Planifiez la journ\u00e9e de loisirs au Karting Vendrell pour votre famille ou votre groupe.\" \/>\n<meta name=\"robots\" content=\"index, follow, max-snippet:-1, max-image-preview:large, max-video-preview:-1\" \/>\n<link rel=\"canonical\" href=\"https:\/\/kartingvendrell.com\/fr\/tienda\/planifier-des-activites-de-groupe\/\" \/>\n<meta property=\"og:locale\" content=\"fr_FR\" \/>\n<meta property=\"og:type\" content=\"article\" \/>\n<meta property=\"og:title\" content=\"Planifier des activit\u00e9s de groupe - Karting Vendrell\" \/>\n<meta property=\"og:description\" content=\"Planifiez la journ\u00e9e de loisirs au Karting Vendrell pour votre famille ou votre groupe.\" \/>\n<meta property=\"og:url\" content=\"https:\/\/kartingvendrell.com\/fr\/tienda\/planifier-des-activites-de-groupe\/\" \/>\n<meta property=\"og:site_name\" content=\"Karting Vendrell\" \/>\n<meta property=\"article:publisher\" content=\"https:\/\/www.facebook.com\/karting.vendrell\" \/>\n<meta name=\"twitter:card\" content=\"summary_large_image\" \/>\n<meta name=\"twitter:site\" content=\"@ClubVendrell\" \/>\n<script type=\"application\/ld+json\" class=\"yoast-schema-graph\">{\"@context\":\"https:\/\/schema.org\",\"@graph\":[{\"@type\":\"WebPage\",\"@id\":\"https:\/\/kartingvendrell.com\/fr\/tienda\/planifier-des-activites-de-groupe\/\",\"url\":\"https:\/\/kartingvendrell.com\/fr\/tienda\/planifier-des-activites-de-groupe\/\",\"name\":\"Planifier des activit\u00e9s de groupe - Karting Vendrell\",\"isPartOf\":{\"@id\":\"https:\/\/kartingvendrell.com\/#website\"},\"primaryImageOfPage\":{\"@id\":\"https:\/\/kartingvendrell.com\/fr\/tienda\/planifier-des-activites-de-groupe\/#primaryimage\"},\"image\":{\"@id\":\"https:\/\/kartingvendrell.com\/fr\/tienda\/planifier-des-activites-de-groupe\/#primaryimage\"},\"thumbnailUrl\":\"https:\/\/kartingvendrell.com\/wp-content\/uploads\/2017\/12\/Planificador.png\",\"datePublished\":\"2022-05-10T19:56:15+00:00\",\"description\":\"Planifiez la journ\u00e9e de loisirs au Karting Vendrell pour votre famille ou votre groupe.\",\"breadcrumb\":{\"@id\":\"https:\/\/kartingvendrell.com\/fr\/tienda\/planifier-des-activites-de-groupe\/#breadcrumb\"},\"inLanguage\":\"fr-FR\",\"potentialAction\":[{\"@type\":\"ReadAction\",\"target\":[\"https:\/\/kartingvendrell.com\/fr\/tienda\/planifier-des-activites-de-groupe\/\"]}]},{\"@type\":\"ImageObject\",\"inLanguage\":\"fr-FR\",\"@id\":\"https:\/\/kartingvendrell.com\/fr\/tienda\/planifier-des-activites-de-groupe\/#primaryimage\",\"url\":\"https:\/\/kartingvendrell.com\/wp-content\/uploads\/2017\/12\/Planificador.png\",\"contentUrl\":\"https:\/\/kartingvendrell.com\/wp-content\/uploads\/2017\/12\/Planificador.png\",\"width\":682,\"height\":432},{\"@type\":\"BreadcrumbList\",\"@id\":\"https:\/\/kartingvendrell.com\/fr\/tienda\/planifier-des-activites-de-groupe\/#breadcrumb\",\"itemListElement\":[{\"@type\":\"ListItem\",\"position\":1,\"name\":\"Karting Vendrell\",\"item\":\"https:\/\/kartingvendrell.com\/fr\/\"},{\"@type\":\"ListItem\",\"position\":2,\"name\":\"Boutique\",\"item\":\"https:\/\/kartingvendrell.com\/fr\/boutique\/\"},{\"@type\":\"ListItem\",\"position\":3,\"name\":\"Planifier des activit\u00e9s de groupe\"}]},{\"@type\":\"WebSite\",\"@id\":\"https:\/\/kartingvendrell.com\/#website\",\"url\":\"https:\/\/kartingvendrell.com\/\",\"name\":\"Karting Vendrell\",\"description\":\"Circuito de Karts\",\"publisher\":{\"@id\":\"https:\/\/kartingvendrell.com\/#organization\"},\"potentialAction\":[{\"@type\":\"SearchAction\",\"target\":{\"@type\":\"EntryPoint\",\"urlTemplate\":\"https:\/\/kartingvendrell.com\/?s={search_term_string}\"},\"query-input\":{\"@type\":\"PropertyValueSpecification\",\"valueRequired\":true,\"valueName\":\"search_term_string\"}}],\"inLanguage\":\"fr-FR\"},{\"@type\":\"Organization\",\"@id\":\"https:\/\/kartingvendrell.com\/#organization\",\"name\":\"Karting Vendrell\",\"url\":\"https:\/\/kartingvendrell.com\/\",\"logo\":{\"@type\":\"ImageObject\",\"inLanguage\":\"fr-FR\",\"@id\":\"https:\/\/kartingvendrell.com\/#\/schema\/logo\/image\/\",\"url\":\"https:\/\/kartingvendrell.com\/wp-content\/uploads\/2017\/12\/Karting-Vendrell.png\",\"contentUrl\":\"https:\/\/kartingvendrell.com\/wp-content\/uploads\/2017\/12\/Karting-Vendrell.png\",\"width\":244,\"height\":100,\"caption\":\"Karting Vendrell\"},\"image\":{\"@id\":\"https:\/\/kartingvendrell.com\/#\/schema\/logo\/image\/\"},\"sameAs\":[\"https:\/\/www.facebook.com\/karting.vendrell\",\"https:\/\/x.com\/ClubVendrell\"]}]}<\/script>\n<!-- \/ Yoast SEO plugin. -->","yoast_head_json":{"title":"Planifier des activit\u00e9s de groupe - Karting Vendrell","description":"Planifiez la journ\u00e9e de loisirs au Karting Vendrell pour votre famille ou votre groupe.","robots":{"index":"index","follow":"follow","max-snippet":"max-snippet:-1","max-image-preview":"max-image-preview:large","max-video-preview":"max-video-preview:-1"},"canonical":"https:\/\/kartingvendrell.com\/fr\/tienda\/planifier-des-activites-de-groupe\/","og_locale":"fr_FR","og_type":"article","og_title":"Planifier des activit\u00e9s de groupe - Karting Vendrell","og_description":"Planifiez la journ\u00e9e de loisirs au Karting Vendrell pour votre famille ou votre groupe.","og_url":"https:\/\/kartingvendrell.com\/fr\/tienda\/planifier-des-activites-de-groupe\/","og_site_name":"Karting Vendrell","article_publisher":"https:\/\/www.facebook.com\/karting.vendrell","twitter_card":"summary_large_image","twitter_site":"@ClubVendrell","schema":{"@context":"https:\/\/schema.org","@graph":[{"@type":"WebPage","@id":"https:\/\/kartingvendrell.com\/fr\/tienda\/planifier-des-activites-de-groupe\/","url":"https:\/\/kartingvendrell.com\/fr\/tienda\/planifier-des-activites-de-groupe\/","name":"Planifier des activit\u00e9s de groupe - Karting Vendrell","isPartOf":{"@id":"https:\/\/kartingvendrell.com\/#website"},"primaryImageOfPage":{"@id":"https:\/\/kartingvendrell.com\/fr\/tienda\/planifier-des-activites-de-groupe\/#primaryimage"},"image":{"@id":"https:\/\/kartingvendrell.com\/fr\/tienda\/planifier-des-activites-de-groupe\/#primaryimage"},"thumbnailUrl":"https:\/\/kartingvendrell.com\/wp-content\/uploads\/2017\/12\/Planificador.png","datePublished":"2022-05-10T19:56:15+00:00","description":"Planifiez la journ\u00e9e de loisirs au Karting Vendrell pour votre famille ou votre groupe.","breadcrumb":{"@id":"https:\/\/kartingvendrell.com\/fr\/tienda\/planifier-des-activites-de-groupe\/#breadcrumb"},"inLanguage":"fr-FR","potentialAction":[{"@type":"ReadAction","target":["https:\/\/kartingvendrell.com\/fr\/tienda\/planifier-des-activites-de-groupe\/"]}]},{"@type":"ImageObject","inLanguage":"fr-FR","@id":"https:\/\/kartingvendrell.com\/fr\/tienda\/planifier-des-activites-de-groupe\/#primaryimage","url":"https:\/\/kartingvendrell.com\/wp-content\/uploads\/2017\/12\/Planificador.png","contentUrl":"https:\/\/kartingvendrell.com\/wp-content\/uploads\/2017\/12\/Planificador.png","width":682,"height":432},{"@type":"BreadcrumbList","@id":"https:\/\/kartingvendrell.com\/fr\/tienda\/planifier-des-activites-de-groupe\/#breadcrumb","itemListElement":[{"@type":"ListItem","position":1,"name":"Karting Vendrell","item":"https:\/\/kartingvendrell.com\/fr\/"},{"@type":"ListItem","position":2,"name":"Boutique","item":"https:\/\/kartingvendrell.com\/fr\/boutique\/"},{"@type":"ListItem","position":3,"name":"Planifier des activit\u00e9s de groupe"}]},{"@type":"WebSite","@id":"https:\/\/kartingvendrell.com\/#website","url":"https:\/\/kartingvendrell.com\/","name":"Karting Vendrell","description":"Circuito de Karts","publisher":{"@id":"https:\/\/kartingvendrell.com\/#organization"},"potentialAction":[{"@type":"SearchAction","target":{"@type":"EntryPoint","urlTemplate":"https:\/\/kartingvendrell.com\/?s={search_term_string}"},"query-input":{"@type":"PropertyValueSpecification","valueRequired":true,"valueName":"search_term_string"}}],"inLanguage":"fr-FR"},{"@type":"Organization","@id":"https:\/\/kartingvendrell.com\/#organization","name":"Karting Vendrell","url":"https:\/\/kartingvendrell.com\/","logo":{"@type":"ImageObject","inLanguage":"fr-FR","@id":"https:\/\/kartingvendrell.com\/#\/schema\/logo\/image\/","url":"https:\/\/kartingvendrell.com\/wp-content\/uploads\/2017\/12\/Karting-Vendrell.png","contentUrl":"https:\/\/kartingvendrell.com\/wp-content\/uploads\/2017\/12\/Karting-Vendrell.png","width":244,"height":100,"caption":"Karting Vendrell"},"image":{"@id":"https:\/\/kartingvendrell.com\/#\/schema\/logo\/image\/"},"sameAs":["https:\/\/www.facebook.com\/karting.vendrell","https:\/\/x.com\/ClubVendrell"]}]}},"_links":{"self":[{"href":"https:\/\/kartingvendrell.com\/fr\/wp-json\/wp\/v2\/product\/16259","targetHints":{"allow":["GET"]}}],"collection":[{"href":"https:\/\/kartingvendrell.com\/fr\/wp-json\/wp\/v2\/product"}],"about":[{"href":"https:\/\/kartingvendrell.com\/fr\/wp-json\/wp\/v2\/types\/product"}],"wp:featuredmedia":[{"embeddable":true,"href":"https:\/\/kartingvendrell.com\/fr\/wp-json\/wp\/v2\/media\/16948"}],"wp:attachment":[{"href":"https:\/\/kartingvendrell.com\/fr\/wp-json\/wp\/v2\/media?parent=16259"}],"wp:term":[{"taxonomy":"product_brand","embeddable":true,"href":"https:\/\/kartingvendrell.com\/fr\/wp-json\/wp\/v2\/product_brand?post=16259"},{"taxonomy":"product_cat","embeddable":true,"href":"https:\/\/kartingvendrell.com\/fr\/wp-json\/wp\/v2\/product_cat?post=16259"},{"taxonomy":"product_tag","embeddable":true,"href":"https:\/\/kartingvendrell.com\/fr\/wp-json\/wp\/v2\/product_tag?post=16259"}],"curies":[{"name":"wp","href":"https:\/\/api.w.org\/{rel}","templated":true}]}}