{"id":16678,"date":"2022-05-12T00:13:46","date_gmt":"2022-05-12T00:13:46","guid":{"rendered":"https:\/\/kartingvendrell.com\/installations\/"},"modified":"2022-05-12T00:13:46","modified_gmt":"2022-05-12T00:13:46","slug":"installations","status":"publish","type":"page","link":"https:\/\/kartingvendrell.com\/fr\/installations\/","title":{"rendered":"Installations"},"content":{"rendered":"<div id='av_section_1'  class='avia-section av-3mr1v8-18d92e25bf42f11d9cf499b1618ff8ad main_color avia-section-default avia-shadow  avia-builder-el-0  el_before_av_layout_row  avia-builder-el-first  avia-bg-style-scroll av-minimum-height av-minimum-height-25 av-height-25  container_wrap sidebar_right'   data-av_minimum_height_pc='25' data-av_min_height_opt='25'><div class='container av-section-cont-open' ><main  class='template-page content  av-content-small alpha units'><div class='post-entry post-entry-type-page post-entry-16678'><div class='entry-content-wrapper clearfix'>\n\n<style type=\"text\/css\" data-created_by=\"avia_inline_auto\" id=\"style-css-av-3gvlzg-d6f097615e123e40067431d4f7329c55\">\n#top .av-special-heading.av-3gvlzg-d6f097615e123e40067431d4f7329c55{\npadding-bottom:10px;\nfont-size:60px;\n}\nbody .av-special-heading.av-3gvlzg-d6f097615e123e40067431d4f7329c55 .av-special-heading-tag .heading-char{\nfont-size:25px;\n}\n#top #wrap_all .av-special-heading.av-3gvlzg-d6f097615e123e40067431d4f7329c55 .av-special-heading-tag{\nfont-size:60px;\n}\n.av-special-heading.av-3gvlzg-d6f097615e123e40067431d4f7329c55 .av-subheading{\nfont-size:15px;\n}\n\n@media only screen and (min-width: 480px) and (max-width: 767px){ \n#top #wrap_all .av-special-heading.av-3gvlzg-d6f097615e123e40067431d4f7329c55 .av-special-heading-tag{\nfont-size:0.8em;\n}\n}\n\n@media only screen and (max-width: 479px){ \n#top #wrap_all .av-special-heading.av-3gvlzg-d6f097615e123e40067431d4f7329c55 .av-special-heading-tag{\nfont-size:0.8em;\n}\n}\n<\/style>\n<div  class='av-special-heading av-3gvlzg-d6f097615e123e40067431d4f7329c55 av-special-heading-h1 blockquote modern-quote  avia-builder-el-1  el_before_av_one_half  avia-builder-el-first  av-inherit-size'><h1 class='av-special-heading-tag '  >Installations de karting de Vendrell<b>.<\/b><\/h1><div class=\"special-heading-border\"><div class=\"special-heading-inner-border\"><\/div><\/div><\/div>\n\n<style type=\"text\/css\" data-created_by=\"avia_inline_auto\" id=\"style-css-av-36dwrg-657db6956ff6ee04be3be4a4272ded85\">\n.flex_column.av-36dwrg-657db6956ff6ee04be3be4a4272ded85{\nborder-radius:0px 0px 0px 0px;\npadding:0px 0px 0px 0px;\n}\n<\/style>\n<div  class='flex_column av-36dwrg-657db6956ff6ee04be3be4a4272ded85 av_one_half  avia-builder-el-2  el_after_av_heading  el_before_av_one_half  first flex_column_div av-zero-column-padding  '     ><section  class='av_textblock_section av-33qyjw-62c2ad20ba13056bfe736725859aec31 '  ><div class='avia_textblock' ><p>Karting Vendrell est un centre de loisirs avec l&rsquo;un des meilleurs circuits de karting du circuit europ\u00e9en, un circuit pour enfants, des terrains de paintball, un bar-restaurant et des zones de loisirs o\u00f9 sont organis\u00e9s des barbecues et des cal\u00e7otadas.<\/p>\n<p>Si vous aimez les karts, dans le karting vendrell vous trouverez un circuit avec une grille de d\u00e9part, des contre-la-montre, un podium, un paddock et un haut-parleur.<\/p>\n<\/div><\/section><\/div>\n<style type=\"text\/css\" data-created_by=\"avia_inline_auto\" id=\"style-css-av-2xsbp8-ba27028b2e8521681fc527bc892b48a5\">\n.flex_column.av-2xsbp8-ba27028b2e8521681fc527bc892b48a5{\nborder-radius:0px 0px 0px 0px;\npadding:0px 0px 0px 0px;\n}\n<\/style>\n<div  class='flex_column av-2xsbp8-ba27028b2e8521681fc527bc892b48a5 av_one_half  avia-builder-el-4  el_after_av_one_half  avia-builder-el-last  flex_column_div av-zero-column-padding  '     ><section  class='av_textblock_section av-2t6a2s-030221754102222e214ba0f1795e326a '  ><div class='avia_textblock' ><p>Les terrains de paintball sont sp\u00e9cialement d\u00e9cor\u00e9s avec des \u00e9l\u00e9ments militaires de camouflage, des tambours, une camionnette, un camion et un canon.<\/p>\n<p>Les zones de loisirs sont situ\u00e9es dans les terrains de paintball et une terrasse \u00e0 c\u00f4t\u00e9 du bar avec vue sur la piste de karting principale.<\/p>\n<\/div><\/section><\/div>\n\n<\/div><\/div><\/main><!-- close content main element --><\/div><\/div><div id='av-layout-grid-1'  class='av-layout-grid-container av-2izrms-5fddbe957c70557312eb5ae4451132cb entry-content-wrapper main_color av-flex-cells  avia-builder-el-6  el_after_av_section  el_before_av_section  grid-row-not-first  container_wrap sidebar_right'  >\n\n<style type=\"text\/css\" data-created_by=\"avia_inline_auto\" id=\"style-css-av-2ci7gc-02fae846bcce480c27729cc63136db08\">\n.flex_cell.av-2ci7gc-02fae846bcce480c27729cc63136db08{\nvertical-align:top;\nbackground:url(https:\/\/kartingvendrell.com\/wp-content\/uploads\/2017\/12\/karting-en-catalunya.jpg) 50% 50% no-repeat scroll #000000;\n}\n.responsive #top #wrap_all .flex_cell.av-2ci7gc-02fae846bcce480c27729cc63136db08{\npadding:24px 24px 24px 24px !important;\n}\n<\/style>\n<div class='flex_cell av-2ci7gc-02fae846bcce480c27729cc63136db08 av-gridrow-cell av_one_full no_margin  avia-builder-el-7  avia-builder-el-no-sibling '  ><div class='flex_cell_inner'><\/div><\/div>\n<\/div>\n\n<style type=\"text\/css\" data-created_by=\"avia_inline_auto\" id=\"style-css-av-28arak-5ba6777485c4cb8ff4d9f0ca97ebdcc1\">\n.avia-section.av-28arak-5ba6777485c4cb8ff4d9f0ca97ebdcc1{\nbackground-repeat:repeat;\nbackground-image:url(https:\/\/kartingvendrell.com\/wp-content\/uploads\/2017\/12\/Mapa-Web-Karting-Vendrell.jpg);\nbackground-position:0% 0%;\nbackground-attachment:scroll;\n}\n<\/style>\n<div id='av_section_2'  class='avia-section av-28arak-5ba6777485c4cb8ff4d9f0ca97ebdcc1 main_color avia-section-small avia-no-border-styling  avia-builder-el-8  el_after_av_layout_row  el_before_av_layout_row  avia-bg-style-scroll container_wrap sidebar_right'  data-section-bg-repeat='repeat'><div class='container av-section-cont-open' ><div class='template-page content  av-content-small alpha units'><div class='post-entry post-entry-type-page post-entry-16678'><div class='entry-content-wrapper clearfix'>\n<div id='av-masonry-1' class='av-masonry av-20cmd8-4045784710ff154e912d7fed1793e07c noHover av-fixed-size av-large-gap av-hover-overlay-active av-masonry-animation-active av-masonry-col-3 av-caption-on-hover-hide av-caption-style-overlay av-masonry-gallery ' data-post_id=\"16678\"><div class=\"av-masonry-container isotope av-js-disabled\"><div class='av-masonry-entry isotope-item av-masonry-item-no-image '><\/div><a href=\"https:\/\/kartingvendrell.com\/wp-content\/uploads\/2017\/12\/instalaciones-karting-700x626.png\" data-srcset=\"https:\/\/kartingvendrell.com\/wp-content\/uploads\/2017\/12\/instalaciones-karting-700x626.png 700w, https:\/\/kartingvendrell.com\/wp-content\/uploads\/2017\/12\/instalaciones-karting-700x626-450x402.png 450w, https:\/\/kartingvendrell.com\/wp-content\/uploads\/2017\/12\/instalaciones-karting-700x626-300x268.png 300w\" data-sizes=\"(max-width: 700px) 100vw, 700px\"  aria-label=\"image Circuito Europeo de Karts\"  id='av-masonry-1-item-16919' data-av-masonry-item='16919' class='av-masonry-entry isotope-item post-16919 attachment type-attachment status-inherit hentry  av-masonry-item-with-image' title=\"Circuito Europeo de Karts\" alt=\"\"   ><div class='av-inner-masonry-sizer'><\/div><figure class='av-inner-masonry main_color'><div class=\"av-masonry-outerimage-container\"><div class='av-masonry-image-container' style=\"background-image: url(https:\/\/kartingvendrell.com\/wp-content\/uploads\/2017\/12\/instalaciones-karting-700x626.png);\"  title=\"Circuito Europeo de Karts\" ><\/div><\/div><figcaption class='av-inner-masonry-content site-background'><div class='av-inner-masonry-content-pos'><div class='av-inner-masonry-content-pos-content'><div class='avia-arrow'><\/div><h3 class='av-masonry-entry-title entry-title ' >Circuito Europeo de Karts<\/h3><\/div><\/div><\/figcaption><\/figure><\/a><!--end av-masonry entry--><a href=\"https:\/\/kartingvendrell.com\/wp-content\/uploads\/2017\/12\/Paintball-Vendrell-004-Cami\u00f3n-militar-002.jpg\" data-srcset=\"https:\/\/kartingvendrell.com\/wp-content\/uploads\/2017\/12\/Paintball-Vendrell-004-Cami\u00f3n-militar-002.jpg 600w, https:\/\/kartingvendrell.com\/wp-content\/uploads\/2017\/12\/Paintball-Vendrell-004-Cami\u00f3n-militar-002-450x338.jpg 450w, https:\/\/kartingvendrell.com\/wp-content\/uploads\/2017\/12\/Paintball-Vendrell-004-Cami\u00f3n-militar-002-300x225.jpg 300w\" data-sizes=\"(max-width: 600px) 100vw, 600px\"  aria-label=\"image Paintball tarragona con Campos Batalla  Laser Tag\"  id='av-masonry-1-item-16302' data-av-masonry-item='16302' class='av-masonry-entry isotope-item post-16302 attachment type-attachment status-inherit hentry  av-masonry-item-with-image' title=\"Paintball tarragona con Campos Batalla  Laser Tag\" alt=\"\"   ><div class='av-inner-masonry-sizer'><\/div><figure class='av-inner-masonry main_color'><div class=\"av-masonry-outerimage-container\"><div class='av-masonry-image-container' style=\"background-image: url(https:\/\/kartingvendrell.com\/wp-content\/uploads\/2017\/12\/Paintball-Vendrell-004-Cami\u00f3n-militar-002.jpg);\"  title=\"Paintball tarragona con Campos Batalla  Laser Tag\" ><\/div><\/div><figcaption class='av-inner-masonry-content site-background'><div class='av-inner-masonry-content-pos'><div class='av-inner-masonry-content-pos-content'><div class='avia-arrow'><\/div><h3 class='av-masonry-entry-title entry-title ' >Paintball tarragona con Campos Batalla  Laser Tag<\/h3><\/div><\/div><\/figcaption><\/figure><\/a><!--end av-masonry entry--><a href=\"https:\/\/kartingvendrell.com\/wp-content\/uploads\/2017\/12\/Platos-combinados-vendrell-Karting-Vendrell.jpg\" data-srcset=\"https:\/\/kartingvendrell.com\/wp-content\/uploads\/2017\/12\/Platos-combinados-vendrell-Karting-Vendrell.jpg 700w, https:\/\/kartingvendrell.com\/wp-content\/uploads\/2017\/12\/Platos-combinados-vendrell-Karting-Vendrell-450x338.jpg 450w, https:\/\/kartingvendrell.com\/wp-content\/uploads\/2017\/12\/Platos-combinados-vendrell-Karting-Vendrell-300x225.jpg 300w\" data-sizes=\"(max-width: 700px) 100vw, 700px\"  aria-label=\"image Bar Restaurante y Catering\"  id='av-masonry-1-item-16829' data-av-masonry-item='16829' class='av-masonry-entry isotope-item post-16829 attachment type-attachment status-inherit hentry  av-masonry-item-with-image' title=\"Bar Restaurante y Catering\" alt=\"\"   ><div class='av-inner-masonry-sizer'><\/div><figure class='av-inner-masonry main_color'><div class=\"av-masonry-outerimage-container\"><div class='av-masonry-image-container' style=\"background-image: url(https:\/\/kartingvendrell.com\/wp-content\/uploads\/2017\/12\/Platos-combinados-vendrell-Karting-Vendrell.jpg);\"  title=\"Bar Restaurante y Catering\" ><\/div><\/div><figcaption class='av-inner-masonry-content site-background'><div class='av-inner-masonry-content-pos'><div class='av-inner-masonry-content-pos-content'><div class='avia-arrow'><\/div><h3 class='av-masonry-entry-title entry-title ' >Bar Restaurante y Catering<\/h3><\/div><\/div><\/figcaption><\/figure><\/a><!--end av-masonry entry--><\/div><\/div>\n<\/div><\/div><\/div><!-- close content main div --><\/div><\/div><div id='av-layout-grid-2'  class='av-layout-grid-container av-72rgk-5448cd01f36f6ef951446e554a5ed273 entry-content-wrapper main_color av-flex-cells  avia-builder-el-10  el_after_av_section  el_before_av_section  grid-row-not-first  container_wrap sidebar_right'  >\n\n<style type=\"text\/css\" data-created_by=\"avia_inline_auto\" id=\"style-css-av-1s7chw-d919be54f82c1d2be5935526b5378aac\">\n.flex_cell.av-1s7chw-d919be54f82c1d2be5935526b5378aac{\nvertical-align:top;\nbackground:url(https:\/\/kartingvendrell.com\/wp-content\/uploads\/2017\/12\/karting-en-catalunya.jpg) 50% 50% no-repeat scroll #000000;\n}\n.responsive #top #wrap_all .flex_cell.av-1s7chw-d919be54f82c1d2be5935526b5378aac{\npadding:24px 24px 24px 24px !important;\n}\n<\/style>\n<div class='flex_cell av-1s7chw-d919be54f82c1d2be5935526b5378aac av-gridrow-cell av_one_full no_margin  avia-builder-el-11  avia-builder-el-no-sibling '  ><div class='flex_cell_inner'><\/div><\/div>\n<\/div><\/p>\n<div id='av_section_3'  class='avia-section av-1kxdxw-8dc9e2f6d4b0c964df2d5439a83a5fe6 main_color avia-section-default avia-no-shadow  avia-builder-el-12  el_after_av_layout_row  avia-builder-el-last  avia-bg-style-scroll container_wrap sidebar_right'  ><div class='container av-section-cont-open' ><div class='template-page content  av-content-small alpha units'><div class='post-entry post-entry-type-page post-entry-16678'><div class='entry-content-wrapper clearfix'>\n\n<style type=\"text\/css\" data-created_by=\"avia_inline_auto\" id=\"style-css-av-1ge998-b1ded374176a92586bfbd7f1126c2b14\">\n.flex_column.av-1ge998-b1ded374176a92586bfbd7f1126c2b14{\nborder-radius:0px 0px 0px 0px;\npadding:0px 0px 0px 0px;\n}\n<\/style>\n<div  class='flex_column av-1ge998-b1ded374176a92586bfbd7f1126c2b14 av_one_fifth  avia-builder-el-13  el_before_av_three_fifth  avia-builder-el-first  first flex_column_div av-zero-column-padding  '     ><\/div>\n<style type=\"text\/css\" data-created_by=\"avia_inline_auto\" id=\"style-css-av-1axvt8-2e87f26f8a4e8e290a0e2e451acb135d\">\n.flex_column.av-1axvt8-2e87f26f8a4e8e290a0e2e451acb135d{\nborder-radius:0px 0px 0px 0px;\npadding:0px 0px 0px 0px;\n}\n<\/style>\n<div  class='flex_column av-1axvt8-2e87f26f8a4e8e290a0e2e451acb135d av_three_fifth  avia-builder-el-14  el_after_av_one_fifth  el_before_av_one_fifth  flex_column_div av-zero-column-padding  '     ><p>\n<style type=\"text\/css\" data-created_by=\"avia_inline_auto\" id=\"style-css-av-13hblo-f17b959fc5ebbffa69bec1b721772b12\">\n#top .av-special-heading.av-13hblo-f17b959fc5ebbffa69bec1b721772b12{\npadding-bottom:10px;\nfont-size:40px;\n}\nbody .av-special-heading.av-13hblo-f17b959fc5ebbffa69bec1b721772b12 .av-special-heading-tag .heading-char{\nfont-size:25px;\n}\n#top #wrap_all .av-special-heading.av-13hblo-f17b959fc5ebbffa69bec1b721772b12 .av-special-heading-tag{\nfont-size:40px;\n}\n.av-special-heading.av-13hblo-f17b959fc5ebbffa69bec1b721772b12 .av-subheading{\nfont-size:20px;\n}\n\n@media only screen and (min-width: 480px) and (max-width: 767px){ \n#top #wrap_all .av-special-heading.av-13hblo-f17b959fc5ebbffa69bec1b721772b12 .av-special-heading-tag{\nfont-size:0.8em;\n}\n}\n\n@media only screen and (max-width: 479px){ \n#top #wrap_all .av-special-heading.av-13hblo-f17b959fc5ebbffa69bec1b721772b12 .av-special-heading-tag{\nfont-size:0.8em;\n}\n}\n<\/style>\n<div  class='av-special-heading av-13hblo-f17b959fc5ebbffa69bec1b721772b12 av-special-heading-h2 blockquote modern-quote modern-centered  avia-builder-el-15  el_before_av_mailchimp  avia-builder-el-first  av-inherit-size'><h2 class='av-special-heading-tag '  >Abonnez-vous \u00e0 la newsletter<b>.<\/b><\/h2><div class='av-subheading av-subheading_below'><p>Nous vous informons des promotions, \u00e9v\u00e9nements et nouveaut\u00e9s<\/p>\n<\/div><div class=\"special-heading-border\"><div class=\"special-heading-inner-border\"><\/div><\/div><\/div><br \/>\n<form action=\"https:\/\/kartingvendrell.com\/fr\/installations\/\" method=\"post\"  data-av-custom-send='mailchimp_send'data-fields-with-error=\"Erreurs trouv\u00e9es dans les champs suivants :\" class=\"avia_ajax_form av-form-labels-hidden   avia-builder-el-16  el_after_av_heading  avia-builder-el-last   avia-mailchimp-form \" data-avia-form-id=\"1\" data-avia-redirect='' ><fieldset><p class='  first_form  form_element form_element_third' id='element_avia_1_1'><label for=\"avia_1_1\">Nom<\/label> <input name=\"avia_1_1\" class=\"text_input \" type=\"text\" id=\"avia_1_1\" value=\"\"  placeholder='Nom'\/><\/p><p class='  form_element form_element_third' id='element_avia_0_1'><label for=\"avia_0_1\">Email <abbr class=\"required\" title=\"requis(e)\">*<\/abbr><\/label> <input name=\"avia_0_1\" class=\"text_input is_email\" type=\"text\" id=\"avia_0_1\" value=\"\"  placeholder='Email*'\/><\/p><p class=\"form_element  form_element form_element_third av-last-visible-form-element modified_width\"><input type=\"hidden\" value=\"1\" name=\"avia_generated_form1\" \/><input type=\"submit\" value=\"Envoyer\" class=\"button\"  data-sending-label=\"Envoi\"\/><\/p><p class=\"hidden\"><input type=\"text\" name=\"avia_avia_username_1\" class=\"hidden \" id=\"avia_avia_username_1\" value=\"\" \/><\/p><\/fieldset><\/form><div id=\"ajaxresponse_1\" class=\"ajaxresponse ajaxresponse_1 hidden\"><\/div><\/p><\/div>\n<style type=\"text\/css\" data-created_by=\"avia_inline_auto\" id=\"style-css-av-6ldos-77d136b512b8d4d9af4b3fae4c4c639c\">\n.flex_column.av-6ldos-77d136b512b8d4d9af4b3fae4c4c639c{\nborder-radius:0px 0px 0px 0px;\npadding:0px 0px 0px 0px;\n}\n<\/style>\n<div  class='flex_column av-6ldos-77d136b512b8d4d9af4b3fae4c4c639c av_one_fifth  avia-builder-el-17  el_after_av_three_fifth  avia-builder-el-last  flex_column_div av-zero-column-padding  '     ><\/div>\n<\/div><\/div><\/div><!-- close content main div --><\/div><\/div><div id='after_section_3'  class='main_color av_default_container_wrap container_wrap sidebar_right'  ><div class='container av-section-cont-open' ><div class='template-page content  av-content-small alpha units'><div class='post-entry post-entry-type-page post-entry-16678'><div class='entry-content-wrapper clearfix'>\n","protected":false},"excerpt":{"rendered":"","protected":false},"author":1,"featured_media":0,"parent":0,"menu_order":1,"comment_status":"closed","ping_status":"closed","template":"","meta":{"_joinchat":[],"footnotes":""},"class_list":["post-16678","page","type-page","status-publish","hentry"],"yoast_head":"<!-- This site is optimized with the Yoast SEO plugin v26.0 - https:\/\/yoast.com\/wordpress\/plugins\/seo\/ -->\n<title>Installations - Karting Vendrell<\/title>\n<meta name=\"description\" content=\"Au Karting Vendrell, nous avons pr\u00e9par\u00e9 nos installations pour que vous puissiez passer la meilleure journ\u00e9e de loisirs. Karting, Painiball, resto,...\" \/>\n<meta name=\"robots\" content=\"index, follow, max-snippet:-1, max-image-preview:large, max-video-preview:-1\" \/>\n<link rel=\"canonical\" href=\"https:\/\/kartingvendrell.com\/fr\/installations\/\" \/>\n<meta property=\"og:locale\" content=\"fr_FR\" \/>\n<meta property=\"og:type\" content=\"article\" \/>\n<meta property=\"og:title\" content=\"Installations - Karting Vendrell\" \/>\n<meta property=\"og:description\" content=\"Au Karting Vendrell, nous avons pr\u00e9par\u00e9 nos installations pour que vous puissiez passer la meilleure journ\u00e9e de loisirs. Karting, Painiball, resto,...\" \/>\n<meta property=\"og:url\" content=\"https:\/\/kartingvendrell.com\/fr\/installations\/\" \/>\n<meta property=\"og:site_name\" content=\"Karting Vendrell\" \/>\n<meta property=\"article:publisher\" content=\"https:\/\/www.facebook.com\/karting.vendrell\" \/>\n<meta name=\"twitter:card\" content=\"summary_large_image\" \/>\n<meta name=\"twitter:site\" content=\"@ClubVendrell\" \/>\n<meta name=\"twitter:label1\" content=\"Dur\u00e9e de lecture estim\u00e9e\" \/>\n\t<meta name=\"twitter:data1\" content=\"6 minutes\" \/>\n<script type=\"application\/ld+json\" class=\"yoast-schema-graph\">{\"@context\":\"https:\/\/schema.org\",\"@graph\":[{\"@type\":\"WebPage\",\"@id\":\"https:\/\/kartingvendrell.com\/fr\/installations\/\",\"url\":\"https:\/\/kartingvendrell.com\/fr\/installations\/\",\"name\":\"Installations - Karting Vendrell\",\"isPartOf\":{\"@id\":\"https:\/\/kartingvendrell.com\/#website\"},\"datePublished\":\"2022-05-12T00:13:46+00:00\",\"description\":\"Au Karting Vendrell, nous avons pr\u00e9par\u00e9 nos installations pour que vous puissiez passer la meilleure journ\u00e9e de loisirs. Karting, Painiball, resto,...\",\"breadcrumb\":{\"@id\":\"https:\/\/kartingvendrell.com\/fr\/installations\/#breadcrumb\"},\"inLanguage\":\"fr-FR\",\"potentialAction\":[{\"@type\":\"ReadAction\",\"target\":[\"https:\/\/kartingvendrell.com\/fr\/installations\/\"]}]},{\"@type\":\"BreadcrumbList\",\"@id\":\"https:\/\/kartingvendrell.com\/fr\/installations\/#breadcrumb\",\"itemListElement\":[{\"@type\":\"ListItem\",\"position\":1,\"name\":\"Karting Vendrell\",\"item\":\"https:\/\/kartingvendrell.com\/fr\/\"},{\"@type\":\"ListItem\",\"position\":2,\"name\":\"Installations\"}]},{\"@type\":\"WebSite\",\"@id\":\"https:\/\/kartingvendrell.com\/#website\",\"url\":\"https:\/\/kartingvendrell.com\/\",\"name\":\"Karting Vendrell\",\"description\":\"Circuito de Karts\",\"publisher\":{\"@id\":\"https:\/\/kartingvendrell.com\/#organization\"},\"potentialAction\":[{\"@type\":\"SearchAction\",\"target\":{\"@type\":\"EntryPoint\",\"urlTemplate\":\"https:\/\/kartingvendrell.com\/?s={search_term_string}\"},\"query-input\":{\"@type\":\"PropertyValueSpecification\",\"valueRequired\":true,\"valueName\":\"search_term_string\"}}],\"inLanguage\":\"fr-FR\"},{\"@type\":\"Organization\",\"@id\":\"https:\/\/kartingvendrell.com\/#organization\",\"name\":\"Karting Vendrell\",\"url\":\"https:\/\/kartingvendrell.com\/\",\"logo\":{\"@type\":\"ImageObject\",\"inLanguage\":\"fr-FR\",\"@id\":\"https:\/\/kartingvendrell.com\/#\/schema\/logo\/image\/\",\"url\":\"https:\/\/kartingvendrell.com\/wp-content\/uploads\/2017\/12\/Karting-Vendrell.png\",\"contentUrl\":\"https:\/\/kartingvendrell.com\/wp-content\/uploads\/2017\/12\/Karting-Vendrell.png\",\"width\":244,\"height\":100,\"caption\":\"Karting Vendrell\"},\"image\":{\"@id\":\"https:\/\/kartingvendrell.com\/#\/schema\/logo\/image\/\"},\"sameAs\":[\"https:\/\/www.facebook.com\/karting.vendrell\",\"https:\/\/x.com\/ClubVendrell\"]}]}<\/script>\n<!-- \/ Yoast SEO plugin. -->","yoast_head_json":{"title":"Installations - Karting Vendrell","description":"Au Karting Vendrell, nous avons pr\u00e9par\u00e9 nos installations pour que vous puissiez passer la meilleure journ\u00e9e de loisirs. Karting, Painiball, resto,...","robots":{"index":"index","follow":"follow","max-snippet":"max-snippet:-1","max-image-preview":"max-image-preview:large","max-video-preview":"max-video-preview:-1"},"canonical":"https:\/\/kartingvendrell.com\/fr\/installations\/","og_locale":"fr_FR","og_type":"article","og_title":"Installations - Karting Vendrell","og_description":"Au Karting Vendrell, nous avons pr\u00e9par\u00e9 nos installations pour que vous puissiez passer la meilleure journ\u00e9e de loisirs. Karting, Painiball, resto,...","og_url":"https:\/\/kartingvendrell.com\/fr\/installations\/","og_site_name":"Karting Vendrell","article_publisher":"https:\/\/www.facebook.com\/karting.vendrell","twitter_card":"summary_large_image","twitter_site":"@ClubVendrell","twitter_misc":{"Dur\u00e9e de lecture estim\u00e9e":"6 minutes"},"schema":{"@context":"https:\/\/schema.org","@graph":[{"@type":"WebPage","@id":"https:\/\/kartingvendrell.com\/fr\/installations\/","url":"https:\/\/kartingvendrell.com\/fr\/installations\/","name":"Installations - Karting Vendrell","isPartOf":{"@id":"https:\/\/kartingvendrell.com\/#website"},"datePublished":"2022-05-12T00:13:46+00:00","description":"Au Karting Vendrell, nous avons pr\u00e9par\u00e9 nos installations pour que vous puissiez passer la meilleure journ\u00e9e de loisirs. Karting, Painiball, resto,...","breadcrumb":{"@id":"https:\/\/kartingvendrell.com\/fr\/installations\/#breadcrumb"},"inLanguage":"fr-FR","potentialAction":[{"@type":"ReadAction","target":["https:\/\/kartingvendrell.com\/fr\/installations\/"]}]},{"@type":"BreadcrumbList","@id":"https:\/\/kartingvendrell.com\/fr\/installations\/#breadcrumb","itemListElement":[{"@type":"ListItem","position":1,"name":"Karting Vendrell","item":"https:\/\/kartingvendrell.com\/fr\/"},{"@type":"ListItem","position":2,"name":"Installations"}]},{"@type":"WebSite","@id":"https:\/\/kartingvendrell.com\/#website","url":"https:\/\/kartingvendrell.com\/","name":"Karting Vendrell","description":"Circuito de Karts","publisher":{"@id":"https:\/\/kartingvendrell.com\/#organization"},"potentialAction":[{"@type":"SearchAction","target":{"@type":"EntryPoint","urlTemplate":"https:\/\/kartingvendrell.com\/?s={search_term_string}"},"query-input":{"@type":"PropertyValueSpecification","valueRequired":true,"valueName":"search_term_string"}}],"inLanguage":"fr-FR"},{"@type":"Organization","@id":"https:\/\/kartingvendrell.com\/#organization","name":"Karting Vendrell","url":"https:\/\/kartingvendrell.com\/","logo":{"@type":"ImageObject","inLanguage":"fr-FR","@id":"https:\/\/kartingvendrell.com\/#\/schema\/logo\/image\/","url":"https:\/\/kartingvendrell.com\/wp-content\/uploads\/2017\/12\/Karting-Vendrell.png","contentUrl":"https:\/\/kartingvendrell.com\/wp-content\/uploads\/2017\/12\/Karting-Vendrell.png","width":244,"height":100,"caption":"Karting Vendrell"},"image":{"@id":"https:\/\/kartingvendrell.com\/#\/schema\/logo\/image\/"},"sameAs":["https:\/\/www.facebook.com\/karting.vendrell","https:\/\/x.com\/ClubVendrell"]}]}},"_links":{"self":[{"href":"https:\/\/kartingvendrell.com\/fr\/wp-json\/wp\/v2\/pages\/16678","targetHints":{"allow":["GET"]}}],"collection":[{"href":"https:\/\/kartingvendrell.com\/fr\/wp-json\/wp\/v2\/pages"}],"about":[{"href":"https:\/\/kartingvendrell.com\/fr\/wp-json\/wp\/v2\/types\/page"}],"author":[{"embeddable":true,"href":"https:\/\/kartingvendrell.com\/fr\/wp-json\/wp\/v2\/users\/1"}],"replies":[{"embeddable":true,"href":"https:\/\/kartingvendrell.com\/fr\/wp-json\/wp\/v2\/comments?post=16678"}],"version-history":[{"count":2,"href":"https:\/\/kartingvendrell.com\/fr\/wp-json\/wp\/v2\/pages\/16678\/revisions"}],"predecessor-version":[{"id":16680,"href":"https:\/\/kartingvendrell.com\/fr\/wp-json\/wp\/v2\/pages\/16678\/revisions\/16680"}],"wp:attachment":[{"href":"https:\/\/kartingvendrell.com\/fr\/wp-json\/wp\/v2\/media?parent=16678"}],"curies":[{"name":"wp","href":"https:\/\/api.w.org\/{rel}","templated":true}]}}