{"id":16525,"date":"2022-05-11T18:33:43","date_gmt":"2022-05-11T18:33:43","guid":{"rendered":"https:\/\/kartingvendrell.com\/utilisation-des-cookies\/"},"modified":"2022-05-11T18:33:43","modified_gmt":"2022-05-11T18:33:43","slug":"utilisation-des-cookies","status":"publish","type":"page","link":"https:\/\/kartingvendrell.com\/fr\/utilisation-des-cookies\/","title":{"rendered":"Utilisation des cookies"},"content":{"rendered":"<h2>Politique de cookies de www.kartingvendrell.com<\/h2>\n<p>Ce site Web utilise ses propres cookies et ceux de tiers pour vous offrir une meilleure exp\u00e9rience et un meilleur service. En naviguant ou en utilisant nos services, l&rsquo;utilisateur accepte notre utilisation des cookies. Toutefois, l&rsquo;utilisateur a la possibilit\u00e9 d&#8217;emp\u00eacher la g\u00e9n\u00e9ration de cookies et leur \u00e9limination en s\u00e9lectionnant l&rsquo;option correspondante dans son navigateur. Si vous bloquez l&rsquo;utilisation des cookies dans votre navigateur, certains services ou fonctionnalit\u00e9s de la boutique en ligne peuvent ne pas \u00eatre disponibles.<\/p>\n<h3>QU&rsquo;EST-CE QU&rsquo;UN COOKIE ?<\/h3>\n<p>Un cookie est un fichier cr\u00e9\u00e9 par une boutique en ligne pour stocker des informations sur votre ordinateur, telles que vos pr\u00e9f\u00e9rences de visite sur le Web. Lorsque vous visitez une page utilisant des cookies, le site peut demander \u00e0 votre navigateur d&rsquo;enregistrer un ou plusieurs cookies sur votre disque dur. Selon le navigateur, les cookies sont enregistr\u00e9s dans un seul fichier ou dans des fichiers diff\u00e9rents.<\/p>\n<p>Les cookies enregistrent souvent vos param\u00e8tres sur les pages Web, tels que votre langue pr\u00e9f\u00e9r\u00e9e ou votre emplacement. Ainsi, lorsque vous revenez sur le site Web en question, le navigateur envoie les cookies appartenant \u00e0 ce site Web, pouvant afficher des informations personnalis\u00e9es en fonction de vos besoins.<\/p>\n<p>Les cookies peuvent \u00e9galement stocker des informations personnellement identifiables. Ces informations personnelles, telles que le nom, l&rsquo;e-mail, l&rsquo;adresse ou le num\u00e9ro de t\u00e9l\u00e9phone, sont celles qui peuvent \u00eatre utilis\u00e9es pour vous identifier ou vous contacter. Un site Web n&rsquo;a acc\u00e8s qu&rsquo;aux informations personnelles fournies par l&rsquo;utilisateur. Par exemple, un site Web ne pourra pas conna\u00eetre votre e-mail \u00e0 moins que l&rsquo;utilisateur ne le fournisse. Un site Web ne pourra acc\u00e9der \u00e0 aucun autre type de donn\u00e9es se trouvant sur votre ordinateur<\/p>\n<p>Par d\u00e9faut, vous ne pouvez pas voir une telle activit\u00e9 et ne pouvez donc pas savoir quand un site Web cr\u00e9e un cookie ou que votre navigateur envoie des cookies au site Web. Il est possible de choisir de modifier la politique de confidentialit\u00e9 de votre navigateur en emp\u00eachant tout site Web d&rsquo;utiliser des cookies.<\/p>\n<h3>COMMENT SONT UTILIS\u00c9S LES COOKIES ?<\/h3>\n<p>En naviguant sur ce portail Web, l&rsquo;utilisateur accepte que des cookies puissent \u00eatre install\u00e9s sur son terminal et qu&rsquo;ils nous permettent de conna\u00eetre les informations suivantes :<\/p>\n<ul>\n<li>Informations statistiques sur l&rsquo;utilisation du Web.<\/li>\n<li>Le \u00ab\u00a0login\u00a0\u00bb de l&rsquo;utilisateur pour maintenir la session active sur le Web.<\/li>\n<li>Donn\u00e9es de connexion avec les r\u00e9seaux sociaux pour les utilisateurs qui acc\u00e8dent avec leur identifiant Facebook, Twitter, Google + ou Pinterest.<\/li>\n<\/ul>\n<h3>TYPES DE COOKIES QUE NOUS UTILISONS<\/h3>\n<p>Ce site Web utilise \u00e0 la fois des cookies de session temporaires et des cookies permanents. Les cookies de session stockent des donn\u00e9es uniquement lorsque l&rsquo;utilisateur acc\u00e8de au Web et les cookies permanents stockent des donn\u00e9es dans le terminal afin qu&rsquo;elles puissent \u00eatre consult\u00e9es et utilis\u00e9es dans plus d&rsquo;une session.<\/p>\n<p>Selon la finalit\u00e9 pour laquelle les donn\u00e9es obtenues gr\u00e2ce aux cookies sont trait\u00e9es, le Site peut utiliser :<\/p>\n<h5>COOKIES TECHNIQUES<\/h5>\n<p>Ce sont ceux qui permettent \u00e0 l&rsquo;utilisateur de naviguer dans la boutique en ligne et d&rsquo;utiliser les diff\u00e9rentes options ou services qui y existent. Par exemple, contr\u00f4ler le trafic et la communication des donn\u00e9es, identifier la session, acc\u00e9der aux Webparts \u00e0 acc\u00e8s restreint (panneau utilisateur), m\u00e9moriser les \u00e9l\u00e9ments qui composent une commande, effectuer la demande d&rsquo;inscription ou de participation \u00e0 un \u00e9v\u00e9nement, utiliser des \u00e9l\u00e9ments de s\u00e9curit\u00e9 lors de la navigation et stocker contenu pour la diffusion de vid\u00e9os ou de sons.<\/p>\n<h5>COOKIES DE PERSONNALISATION<\/h5>\n<p>Ce sont ceux qui permettent \u00e0 l&rsquo;utilisateur d&rsquo;acc\u00e9der au service avec certaines caract\u00e9ristiques g\u00e9n\u00e9rales pr\u00e9d\u00e9finies dans son terminal ou que l&rsquo;utilisateur d\u00e9finit. Par exemple, la langue, le type de navigateur via lequel le service est accessible, la conception du contenu s\u00e9lectionn\u00e9, la g\u00e9olocalisation du terminal et la configuration r\u00e9gionale \u00e0 partir de laquelle le service est accessible.<\/p>\n<h5>COOKIES TIERS<\/h5>\n<p>Des cookies tiers peuvent \u00eatre install\u00e9s sur certaines pages web permettant la gestion et l&rsquo;am\u00e9lioration des services propos\u00e9s.<\/p>\n<p>Sur www.kartingvendrell.com, nous utilisons des cookies tiers des soci\u00e9t\u00e9s Google Inc., Twitter Inc., Facebook, Inc. et Pinterest Inc. pour pouvoir partager le contenu de notre boutique en ligne sur les r\u00e9seaux sociaux Google +, Twitter , Facebook et Pinterest .<\/p>\n<p>Les cookies de Google Inc. sont \u00e9galement utilis\u00e9s pour le service Analytics et ainsi pouvoir analyser les informations de navigation. Plus d&rsquo;informations sur : https:\/\/policies.google.com\/technologies\/types?hl=es<\/p>\n<p>Nous utilisons des cookies de Zopim Technologies pour le bon fonctionnement du chat d&rsquo;assistance personnelle. Concr\u00e8tement, les cookies utilis\u00e9s sont :<\/p>\n<p>__zlcid\u00a0: stocke l&rsquo;ID utilisateur utilis\u00e9 lors de chaque visite et de chaque session de chat.<\/p>\n<p>__zprivacy\u00a0: stocke les pr\u00e9f\u00e9rences de l&rsquo;utilisateur pour d\u00e9sactiver le chat et cesser d&rsquo;utiliser les cookies.<\/p>\n<h3>COMMENT G\u00c9RER LES COOKIES DANS LE NAVIGATEUR ?<\/h3>\n<p>L&rsquo;utilisateur a la possibilit\u00e9 d&rsquo;autoriser, de bloquer ou de supprimer les cookies install\u00e9s sur son ordinateur en configurant les options du navigateur install\u00e9 sur son terminal :<\/p>\n<p>Pour r\u00e9gler les autorisations li\u00e9es aux cookies dans les diff\u00e9rents navigateurs, vous pouvez consulter :<\/p>\n<p><strong>NAVIGATEUR GOOGLE\u00a0CHROME\u00a0:<\/strong><\/p>\n<p>https:\/\/support.google.com\/chrome\/answer\/95647?hl=es<\/p>\n<p><strong>NAVIGATEUR MOZILLA FIREFOX\u00a0:<\/strong><\/p>\n<p>https:\/\/support.mozilla.org\/es\/kb\/cookies-informacion-que-los-sitios-web-guardan-en-?esab=a&#038;s=adminstracion+de+cookies&#038;r=2&#038;as=s<\/p>\n<p><strong>NAVIGATEUR INTERNET EXPLORER\u00a0:<\/strong><\/p>\n<p>https:\/\/support.microsoft.com\/es-es\/help\/17442\/windows-internet-explorer-delete-manage-cookies<\/p>\n<p><strong>NAVIGATEUR OP\u00c9RA\u00a0:<\/strong><\/p>\n<p>http:\/\/help.opera.com\/Windows\/11.50\/es-ES\/cookies.html<\/p>\n<p>Veuillez noter que si vous bloquez l&rsquo;utilisation des cookies dans votre navigateur, certains services ou fonctionnalit\u00e9s de la boutique en ligne peuvent ne pas \u00eatre disponibles.<\/p>\n<p>Dans certains navigateurs, des r\u00e8gles sp\u00e9cifiques peuvent \u00eatre d\u00e9finies pour g\u00e9rer les cookies site par site, offrant un contr\u00f4le plus fin de la confidentialit\u00e9. Cela signifie que vous pouvez d\u00e9sactiver les cookies de tous les sites sauf ceux en qui vous avez confiance.<\/p>\n","protected":false},"excerpt":{"rendered":"<p>Politique de cookies de www.kartingvendrell.com Ce site Web utilise ses propres cookies et ceux de tiers pour vous offrir une meilleure exp\u00e9rience et un meilleur service. En naviguant ou en utilisant nos services, l&rsquo;utilisateur accepte notre utilisation des cookies. Toutefois, l&rsquo;utilisateur a la possibilit\u00e9 d&#8217;emp\u00eacher la g\u00e9n\u00e9ration de cookies et leur \u00e9limination en s\u00e9lectionnant l&rsquo;option [&hellip;]<\/p>\n","protected":false},"author":1,"featured_media":0,"parent":0,"menu_order":4,"comment_status":"closed","ping_status":"closed","template":"","meta":{"_joinchat":[],"footnotes":""},"class_list":["post-16525","page","type-page","status-publish","hentry"],"yoast_head":"<!-- This site is optimized with the Yoast SEO plugin v26.0 - https:\/\/yoast.com\/wordpress\/plugins\/seo\/ -->\n<title>Utilisation des cookies - Karting Vendrell<\/title>\n<meta name=\"robots\" content=\"noindex, follow\" \/>\n<meta property=\"og:locale\" content=\"fr_FR\" \/>\n<meta property=\"og:type\" content=\"article\" \/>\n<meta property=\"og:title\" content=\"Utilisation des cookies - Karting Vendrell\" \/>\n<meta property=\"og:description\" content=\"Politique de cookies de www.kartingvendrell.com Ce site Web utilise ses propres cookies et ceux de tiers pour vous offrir une meilleure exp\u00e9rience et un meilleur service. En naviguant ou en utilisant nos services, l&rsquo;utilisateur accepte notre utilisation des cookies. Toutefois, l&rsquo;utilisateur a la possibilit\u00e9 d&#8217;emp\u00eacher la g\u00e9n\u00e9ration de cookies et leur \u00e9limination en s\u00e9lectionnant l&rsquo;option [&hellip;]\" \/>\n<meta property=\"og:url\" content=\"https:\/\/kartingvendrell.com\/fr\/utilisation-des-cookies\/\" \/>\n<meta property=\"og:site_name\" content=\"Karting Vendrell\" \/>\n<meta property=\"article:publisher\" content=\"https:\/\/www.facebook.com\/karting.vendrell\" \/>\n<meta name=\"twitter:card\" content=\"summary_large_image\" \/>\n<meta name=\"twitter:site\" content=\"@ClubVendrell\" \/>\n<meta name=\"twitter:label1\" content=\"Dur\u00e9e de lecture estim\u00e9e\" \/>\n\t<meta name=\"twitter:data1\" content=\"5 minutes\" \/>\n<script type=\"application\/ld+json\" class=\"yoast-schema-graph\">{\"@context\":\"https:\/\/schema.org\",\"@graph\":[{\"@type\":\"WebPage\",\"@id\":\"https:\/\/kartingvendrell.com\/fr\/utilisation-des-cookies\/\",\"url\":\"https:\/\/kartingvendrell.com\/fr\/utilisation-des-cookies\/\",\"name\":\"Utilisation des cookies - Karting Vendrell\",\"isPartOf\":{\"@id\":\"https:\/\/kartingvendrell.com\/#website\"},\"datePublished\":\"2022-05-11T18:33:43+00:00\",\"breadcrumb\":{\"@id\":\"https:\/\/kartingvendrell.com\/fr\/utilisation-des-cookies\/#breadcrumb\"},\"inLanguage\":\"fr-FR\",\"potentialAction\":[{\"@type\":\"ReadAction\",\"target\":[\"https:\/\/kartingvendrell.com\/fr\/utilisation-des-cookies\/\"]}]},{\"@type\":\"BreadcrumbList\",\"@id\":\"https:\/\/kartingvendrell.com\/fr\/utilisation-des-cookies\/#breadcrumb\",\"itemListElement\":[{\"@type\":\"ListItem\",\"position\":1,\"name\":\"Karting Vendrell\",\"item\":\"https:\/\/kartingvendrell.com\/fr\/\"},{\"@type\":\"ListItem\",\"position\":2,\"name\":\"Utilisation des cookies\"}]},{\"@type\":\"WebSite\",\"@id\":\"https:\/\/kartingvendrell.com\/#website\",\"url\":\"https:\/\/kartingvendrell.com\/\",\"name\":\"Karting Vendrell\",\"description\":\"Circuito de Karts\",\"publisher\":{\"@id\":\"https:\/\/kartingvendrell.com\/#organization\"},\"potentialAction\":[{\"@type\":\"SearchAction\",\"target\":{\"@type\":\"EntryPoint\",\"urlTemplate\":\"https:\/\/kartingvendrell.com\/?s={search_term_string}\"},\"query-input\":{\"@type\":\"PropertyValueSpecification\",\"valueRequired\":true,\"valueName\":\"search_term_string\"}}],\"inLanguage\":\"fr-FR\"},{\"@type\":\"Organization\",\"@id\":\"https:\/\/kartingvendrell.com\/#organization\",\"name\":\"Karting Vendrell\",\"url\":\"https:\/\/kartingvendrell.com\/\",\"logo\":{\"@type\":\"ImageObject\",\"inLanguage\":\"fr-FR\",\"@id\":\"https:\/\/kartingvendrell.com\/#\/schema\/logo\/image\/\",\"url\":\"https:\/\/kartingvendrell.com\/wp-content\/uploads\/2017\/12\/Karting-Vendrell.png\",\"contentUrl\":\"https:\/\/kartingvendrell.com\/wp-content\/uploads\/2017\/12\/Karting-Vendrell.png\",\"width\":244,\"height\":100,\"caption\":\"Karting Vendrell\"},\"image\":{\"@id\":\"https:\/\/kartingvendrell.com\/#\/schema\/logo\/image\/\"},\"sameAs\":[\"https:\/\/www.facebook.com\/karting.vendrell\",\"https:\/\/x.com\/ClubVendrell\"]}]}<\/script>\n<!-- \/ Yoast SEO plugin. -->","yoast_head_json":{"title":"Utilisation des cookies - Karting Vendrell","robots":{"index":"noindex","follow":"follow"},"og_locale":"fr_FR","og_type":"article","og_title":"Utilisation des cookies - Karting Vendrell","og_description":"Politique de cookies de www.kartingvendrell.com Ce site Web utilise ses propres cookies et ceux de tiers pour vous offrir une meilleure exp\u00e9rience et un meilleur service. En naviguant ou en utilisant nos services, l&rsquo;utilisateur accepte notre utilisation des cookies. Toutefois, l&rsquo;utilisateur a la possibilit\u00e9 d&#8217;emp\u00eacher la g\u00e9n\u00e9ration de cookies et leur \u00e9limination en s\u00e9lectionnant l&rsquo;option [&hellip;]","og_url":"https:\/\/kartingvendrell.com\/fr\/utilisation-des-cookies\/","og_site_name":"Karting Vendrell","article_publisher":"https:\/\/www.facebook.com\/karting.vendrell","twitter_card":"summary_large_image","twitter_site":"@ClubVendrell","twitter_misc":{"Dur\u00e9e de lecture estim\u00e9e":"5 minutes"},"schema":{"@context":"https:\/\/schema.org","@graph":[{"@type":"WebPage","@id":"https:\/\/kartingvendrell.com\/fr\/utilisation-des-cookies\/","url":"https:\/\/kartingvendrell.com\/fr\/utilisation-des-cookies\/","name":"Utilisation des cookies - Karting Vendrell","isPartOf":{"@id":"https:\/\/kartingvendrell.com\/#website"},"datePublished":"2022-05-11T18:33:43+00:00","breadcrumb":{"@id":"https:\/\/kartingvendrell.com\/fr\/utilisation-des-cookies\/#breadcrumb"},"inLanguage":"fr-FR","potentialAction":[{"@type":"ReadAction","target":["https:\/\/kartingvendrell.com\/fr\/utilisation-des-cookies\/"]}]},{"@type":"BreadcrumbList","@id":"https:\/\/kartingvendrell.com\/fr\/utilisation-des-cookies\/#breadcrumb","itemListElement":[{"@type":"ListItem","position":1,"name":"Karting Vendrell","item":"https:\/\/kartingvendrell.com\/fr\/"},{"@type":"ListItem","position":2,"name":"Utilisation des cookies"}]},{"@type":"WebSite","@id":"https:\/\/kartingvendrell.com\/#website","url":"https:\/\/kartingvendrell.com\/","name":"Karting Vendrell","description":"Circuito de Karts","publisher":{"@id":"https:\/\/kartingvendrell.com\/#organization"},"potentialAction":[{"@type":"SearchAction","target":{"@type":"EntryPoint","urlTemplate":"https:\/\/kartingvendrell.com\/?s={search_term_string}"},"query-input":{"@type":"PropertyValueSpecification","valueRequired":true,"valueName":"search_term_string"}}],"inLanguage":"fr-FR"},{"@type":"Organization","@id":"https:\/\/kartingvendrell.com\/#organization","name":"Karting Vendrell","url":"https:\/\/kartingvendrell.com\/","logo":{"@type":"ImageObject","inLanguage":"fr-FR","@id":"https:\/\/kartingvendrell.com\/#\/schema\/logo\/image\/","url":"https:\/\/kartingvendrell.com\/wp-content\/uploads\/2017\/12\/Karting-Vendrell.png","contentUrl":"https:\/\/kartingvendrell.com\/wp-content\/uploads\/2017\/12\/Karting-Vendrell.png","width":244,"height":100,"caption":"Karting Vendrell"},"image":{"@id":"https:\/\/kartingvendrell.com\/#\/schema\/logo\/image\/"},"sameAs":["https:\/\/www.facebook.com\/karting.vendrell","https:\/\/x.com\/ClubVendrell"]}]}},"_links":{"self":[{"href":"https:\/\/kartingvendrell.com\/fr\/wp-json\/wp\/v2\/pages\/16525","targetHints":{"allow":["GET"]}}],"collection":[{"href":"https:\/\/kartingvendrell.com\/fr\/wp-json\/wp\/v2\/pages"}],"about":[{"href":"https:\/\/kartingvendrell.com\/fr\/wp-json\/wp\/v2\/types\/page"}],"author":[{"embeddable":true,"href":"https:\/\/kartingvendrell.com\/fr\/wp-json\/wp\/v2\/users\/1"}],"replies":[{"embeddable":true,"href":"https:\/\/kartingvendrell.com\/fr\/wp-json\/wp\/v2\/comments?post=16525"}],"version-history":[{"count":0,"href":"https:\/\/kartingvendrell.com\/fr\/wp-json\/wp\/v2\/pages\/16525\/revisions"}],"wp:attachment":[{"href":"https:\/\/kartingvendrell.com\/fr\/wp-json\/wp\/v2\/media?parent=16525"}],"curies":[{"name":"wp","href":"https:\/\/api.w.org\/{rel}","templated":true}]}}