{"id":16515,"date":"2022-05-11T18:06:48","date_gmt":"2022-05-11T18:06:48","guid":{"rendered":"https:\/\/kartingvendrell.com\/avis-juridique\/"},"modified":"2022-05-11T18:06:48","modified_gmt":"2022-05-11T18:06:48","slug":"avis-juridique","status":"publish","type":"page","link":"https:\/\/kartingvendrell.com\/fr\/avis-juridique\/","title":{"rendered":"Avis juridique"},"content":{"rendered":"<h2>AVIS JURIDIQUE<\/h2>\n<h4>MENTIONS L\u00c9GALES ET CONDITIONS D&rsquo;UTILISATION DU PORTAIL<\/h4>\n<p>Afin de se conformer \u00e0 l&rsquo;article 10 de la loi 34\/2002 sur les services de la soci\u00e9t\u00e9 de l&rsquo;information et du commerce \u00e9lectronique, nous informons les utilisateurs de nos donn\u00e9es\u00a0:<\/p>\n<p>Nom de l&rsquo;entreprise\u00a0: Karting Vendrell, SL<\/p>\n<p>Si\u00e8ge social : Ctra N340 Km 1189 43700 El Vendrell<\/p>\n<p>NIF : B43022912<\/p>\n<p>T\u00e9l\u00e9phone : 977663776<\/p>\n<p>Courriel : info@kartingvendrell.com<\/p>\n<p>Site Web : www.kartingvendrell.com<\/p>\n<h4>1. OBJET<\/h4>\n<p>Karting Vendrell, SL (ci-apr\u00e8s \u00e9galement le fournisseur) en tant que responsable du site Web, met ce document \u00e0 la disposition des utilisateurs, qui r\u00e9glemente l&rsquo;utilisation du site Web WWW.KARTINGVENDRELL.COM, avec lequel nous entendons respecter les obligations que la loi 34\/2002 , sur les services de la soci\u00e9t\u00e9 de l&rsquo;information et du commerce \u00e9lectronique (LSSICE ou LSSI) fournit, ainsi que d&rsquo;informer tous les utilisateurs du site Web concernant les conditions d&rsquo;utilisation du site Web.<\/p>\n<p>Par le biais du Web, Karting Vendrell, SL offre aux utilisateurs l&rsquo;acc\u00e8s et l&rsquo;utilisation de diff\u00e9rents services et contenus mis \u00e0 disposition sur le Web.<\/p>\n<p>Toute personne qui acc\u00e8de \u00e0 ce site Web assume le r\u00f4le d&rsquo;utilisateur (ci-apr\u00e8s l&rsquo;utilisateur) et implique l&rsquo;acceptation pleine et enti\u00e8re de chacune des dispositions incluses dans la pr\u00e9sente notice l\u00e9gale, ainsi que de toute autre disposition l\u00e9gale qui pourrait \u00eatre d&rsquo;application.<\/p>\n<p>En tant qu&rsquo;utilisateurs, vous devez lire attentivement cet avis juridique \u00e0 chaque fois que vous entrez sur le Web, car il peut \u00eatre modifi\u00e9 puisque le fournisseur se r\u00e9serve le droit de modifier tout type d&rsquo;information pouvant appara\u00eetre sur le Web, sans qu&rsquo;il y ait le obligation de pr\u00e9venir ou d&rsquo;informer les utilisateurs de ces obligations, une publication sur le site internet du prestataire \u00e9tant suffisante.<\/p>\n<h4>2. CONDITIONS D&rsquo;ACC\u00c8S ET D&rsquo;UTILISATION DU WEB<\/h4>\n<h5>2.1. CARACT\u00c8RE LIBRE DE L&rsquo;ACC\u00c8S ET DE L&rsquo;UTILISATION DU WEB.<\/h5>\n<p>La prestation de services par Karting Vendrell, SL est gratuite pour tous les Utilisateurs. Cependant, certains des services fournis par le fournisseur via le Web sont soumis au paiement d&rsquo;un prix d\u00e9termin\u00e9 par les conditions g\u00e9n\u00e9rales de contrat.<\/p>\n<h5>2.2. REGISTRE DES UTILISATEURS.<\/h5>\n<p>De mani\u00e8re g\u00e9n\u00e9rale, la fourniture des Services ne n\u00e9cessite pas l&rsquo;abonnement ou l&rsquo;enregistrement pr\u00e9alable des Utilisateurs. N\u00e9anmoins, Karting Vendrell, SL conditionne l&rsquo;utilisation de certains des services \u00e0 la r\u00e9alisation pr\u00e9alable de l&rsquo;enregistrement de l&rsquo;Utilisateur correspondant. Cet enregistrement sera effectu\u00e9 de la mani\u00e8re express\u00e9ment indiqu\u00e9e dans la section du service lui-m\u00eame.<\/p>\n<h5>23. EXACTITUDE DES INFORMATIONS.<\/h5>\n<p>Toutes les informations fournies par l&rsquo;Utilisateur doivent \u00eatre v\u00e9ridiques. A ces fins, l&rsquo;Utilisateur garantit l&rsquo;authenticit\u00e9 des donn\u00e9es communiqu\u00e9es par le biais des formulaires de souscription des Services. Il sera de la responsabilit\u00e9 de l&rsquo;Utilisateur de maintenir \u00e0 jour en permanence toutes les informations fournies \u00e0 Karting Vendrell, SL afin qu&rsquo;elles r\u00e9pondent, \u00e0 tout moment, \u00e0 sa situation r\u00e9elle. Dans tous les cas, l&rsquo;Utilisateur sera seul responsable des d\u00e9clarations fausses ou inexactes faites et des dommages caus\u00e9s au fournisseur ou \u00e0 des tiers.<\/p>\n<h5>2.4. MINEURS.<\/h5>\n<p>Pour utiliser les services, les mineurs doivent toujours obtenir l&rsquo;accord pr\u00e9alable de leurs parents, tuteurs ou repr\u00e9sentants l\u00e9gaux, qui sont responsables en dernier ressort de tous les actes accomplis par les mineurs dont ils ont la charge. La responsabilit\u00e9 de d\u00e9terminer le contenu sp\u00e9cifique auquel les mineurs acc\u00e8dent leur correspond, c&rsquo;est pourquoi s&rsquo;ils acc\u00e8dent \u00e0 un contenu inappropri\u00e9 sur Internet, des m\u00e9canismes devront \u00eatre mis en place sur leurs ordinateurs, notamment des programmes informatiques, des filtres et des blocages, qui permettent de limiter le contenus disponibles et, bien qu&rsquo;ils ne soient pas infaillibles, ils sont particuli\u00e8rement utiles pour contr\u00f4ler et restreindre les contenus auxquels les mineurs peuvent acc\u00e9der.<\/p>\n<h5>2.5. OBLIGATION D&rsquo;UTILISER CORRECTEMENT LE WEB.<\/h5>\n<p>L&rsquo;Utilisateur s&rsquo;engage \u00e0 utiliser le Site conform\u00e9ment \u00e0 la Loi et aux pr\u00e9sentes Mentions L\u00e9gales, ainsi qu&rsquo;aux bonnes m\u0153urs et bonnes m\u0153urs. \u00c0 cette fin, l&rsquo;Utilisateur s&rsquo;abstiendra d&rsquo;utiliser la page \u00e0 des fins ill\u00e9gales ou interdites, pr\u00e9judiciables aux droits et int\u00e9r\u00eats de tiers, ou qui, de quelque mani\u00e8re que ce soit, pourraient endommager, d\u00e9sactiver, surcharger, d\u00e9t\u00e9riorer ou emp\u00eacher l&rsquo;utilisation normale du mat\u00e9riel informatique ou documents, fichiers et toutes sortes de contenus stock\u00e9s dans tout \u00e9quipement informatique du fournisseur.<\/p>\n<p>En particulier, et \u00e0 titre indicatif mais non exhaustif, l&rsquo;Utilisateur s&rsquo;engage \u00e0 ne pas transmettre, diffuser ou mettre \u00e0 la disposition de tiers des informations, donn\u00e9es, contenus, messages, graphiques, dessins, fichiers son ou image, photographies, enregistrements, logiciels et, en g\u00e9n\u00e9ral, tout type de mat\u00e9riel qui :<\/p>\n<ol>\n<li>est contraire, m\u00e9prise ou attentatoire aux droits fondamentaux et aux libert\u00e9s publiques reconnus constitutionnellement, dans les trait\u00e9s internationaux et autres r\u00e9glementations en vigueur ;<\/li>\n<li>induire, inciter ou promouvoir des actions d\u00e9lictueuses, d\u00e9gradantes, diffamatoires, violentes ou, d&rsquo;une mani\u00e8re g\u00e9n\u00e9rale, contraires \u00e0 la loi, aux bonnes m\u0153urs et \u00e0 l&rsquo;ordre public ;<\/li>\n<li>induire, inciter ou promouvoir des actions, attitudes ou pens\u00e9es discriminatoires fond\u00e9es sur le sexe, la race, la religion, les croyances, l&rsquo;\u00e2ge ou la condition ;<\/li>\n<li>est contraire au droit \u00e0 l&rsquo;honneur, \u00e0 l&rsquo;intimit\u00e9 personnelle ou familiale ou \u00e0 l&rsquo;image des personnes ;<\/li>\n<li>porte atteinte de quelque mani\u00e8re que ce soit \u00e0 la cr\u00e9dibilit\u00e9 du fournisseur ou de tiers Oui constitue une publicit\u00e9 illicite, trompeuse ou d\u00e9loyale.<\/li>\n<\/ol>\n<h4>3.- EXCLUSION DE GARANTIES ET DE RESPONSABILIT\u00c9<\/h4>\n<p>Le fournisseur est exon\u00e9r\u00e9 de tout type de responsabilit\u00e9 d\u00e9coulant des informations publi\u00e9es sur notre site Web, \u00e0 condition que ces informations aient \u00e9t\u00e9 manipul\u00e9es ou saisies par un tiers.<\/p>\n<p>Ce site Web a \u00e9t\u00e9 r\u00e9vis\u00e9 et test\u00e9 pour fonctionner correctement. En principe, un fonctionnement correct peut \u00eatre garanti 365 jours par an, 24 heures sur 24. Cependant, le fournisseur n&rsquo;exclut pas la possibilit\u00e9 qu&rsquo;il y ait certaines erreurs de programmation, ou que des cas de force majeure, des catastrophes naturelles, des gr\u00e8ves ou des circonstances similaires se produisent qui rendent l&rsquo;acc\u00e8s au site Web impossible.<\/p>\n<p>Karting Vendrell, SL n&rsquo;accorde aucune garantie et n&rsquo;est en aucun cas responsable des dommages de toute nature pouvant r\u00e9sulter du manque de disponibilit\u00e9, de maintenance et de fonctionnement efficace du site Web ou de ses services et contenus\u00a0; de l&rsquo;existence de virus, de programmes malveillants ou nuisibles dans le contenu\u00a0; Utilisation illicite, n\u00e9gligente, frauduleuse ou contraire aux pr\u00e9sentes mentions l\u00e9gales et conditions d&rsquo;utilisation\u00a0; o Le manque de l\u00e9galit\u00e9, de qualit\u00e9, de fiabilit\u00e9, d&rsquo;utilit\u00e9 et de disponibilit\u00e9 des services fournis par des tiers et des gestes offerts aux utilisateurs sur le site.<\/p>\n<p>Le fournisseur n&rsquo;est en aucun cas responsable des dommages pouvant r\u00e9sulter de l&rsquo;utilisation ill\u00e9gale ou abusive de ce site Web.<\/p>\n<h4>4.- COOKIES<\/h4>\n<p>Le site Web du fournisseur peut utiliser des cookies (petits fichiers d&rsquo;informations que le serveur envoie \u00e0 l&rsquo;ordinateur de la personne acc\u00e9dant \u00e0 la page) pour ex\u00e9cuter certaines fonctions consid\u00e9r\u00e9es comme essentielles au bon fonctionnement et \u00e0 l&rsquo;affichage du site. Les cookies utilis\u00e9s sont temporaires ou permanents, dans le seul but de rendre la navigation plus efficace.<\/p>\n<p>En aucun cas les cookies ne seront utilis\u00e9s pour collecter des informations personnelles.<\/p>\n<p>Pour plus d&rsquo;informations, consultez notre Politique relative aux cookies.<\/p>\n<h4>5.- LIENS<\/h4>\n<p>\u00c0 partir du site Web, il est possible d&rsquo;\u00eatre redirig\u00e9 vers des contenus provenant de sites Web tiers. \u00c9tant donn\u00e9 que depuis le Web, nous ne pouvons pas toujours contr\u00f4ler les contenus introduits par des tiers, Karting Vendrell, SL n&rsquo;assume aucun type de responsabilit\u00e9 \u00e0 l&rsquo;\u00e9gard de ces contenus. Dans tous les cas, le fournisseur d\u00e9clare qu&rsquo;il proc\u00e9dera au retrait imm\u00e9diat de tout contenu qui pourrait contrevenir \u00e0 la l\u00e9gislation nationale ou internationale, aux bonnes m\u0153urs ou \u00e0 l&rsquo;ordre public, en proc\u00e9dant au retrait imm\u00e9diat de la redirection vers ces sites Web, en informant les autorit\u00e9s comp\u00e9tentes du contenu Dans la question.<\/p>\n<p>Le fournisseur n&rsquo;est pas responsable des informations et du contenu stock\u00e9s, \u00e0 titre d&rsquo;exemple mais non limitatif, dans les forums, les chats, les g\u00e9n\u00e9rateurs de blogs, les commentaires, les r\u00e9seaux sociaux ou tout autre moyen permettant \u00e0 des tiers de publier du contenu ind\u00e9pendamment sur le site Web du fournisseur. .. pr\u00eateur. Toutefois, et conform\u00e9ment aux dispositions de l&rsquo;art. 11 et 16 de la LSSICE, le fournisseur se met \u00e0 la disposition de tous les utilisateurs, autorit\u00e9s et forces de s\u00e9curit\u00e9, et collabore activement au retrait ou, le cas \u00e9ch\u00e9ant, au blocage de tous les contenus susceptibles d&rsquo;affecter ou de contrevenir \u00e0 la l\u00e9gislation nationale ou internationale, aux droits des tiers ou des bonnes m\u0153urs et de l&rsquo;ordre public. Dans le cas o\u00f9 l&rsquo;utilisateur consid\u00e8re qu&rsquo;il pourrait y avoir un contenu qui pourrait \u00eatre susceptible de cette classification, veuillez en informer imm\u00e9diatement l&rsquo;administrateur du site.<\/p>\n<h4>6.- PROTECTION DES DONN\u00c9ES PERSONNELLES<\/h4>\n<p>Le fournisseur est profond\u00e9ment attach\u00e9 au respect de la r\u00e9glementation en mati\u00e8re de protection des donn\u00e9es personnelles et garantit le plein respect des obligations \u00e9nonc\u00e9es, ainsi que la mise en \u0153uvre des mesures de s\u00e9curit\u00e9 pr\u00e9vues par le r\u00e8glement europ\u00e9en sur la protection des donn\u00e9es et la r\u00e9glementation espagnole sur la protection des donn\u00e9es. Pour plus d&rsquo;informations, consultez notre politique de confidentialit\u00e9.<\/p>\n<h4>7. R\u00c9SEAUX SOCIAUX<\/h4>\n<p>Nous vous informons que Karting Vendrell, SL peut \u00eatre pr\u00e9sent sur les r\u00e9seaux sociaux. Le traitement des donn\u00e9es que les utilisateurs y incluront [devenir adeptes du fournisseur sur les r\u00e9seaux sociaux (et\/ou effectuer toute action de lien ou de connexion \u00e0 travers eux)] sera r\u00e9gi par cette section, ainsi que par les conditions d&rsquo;utilisation, les politiques et r\u00e9glementations de confidentialit\u00e9 pour l&rsquo;acc\u00e8s et l&rsquo;utilisation des r\u00e9seaux sociaux en question et pr\u00e9alablement accept\u00e9es par l&rsquo;utilisateur. Karting Vendrell, SL traitera vos donn\u00e9es afin de vous informer des activit\u00e9s, produits ou services du fournisseur via ces r\u00e9seaux sociaux, ainsi qu&rsquo;\u00e0 toute autre fin autoris\u00e9e par la r\u00e9glementation des r\u00e9seaux sociaux, mais ne sera pas responsable de vos politiques de confidentialit\u00e9.<\/p>\n<p>La publication de contenus est interdite :<\/p>\n<ul>\n<li>Qu&rsquo;ils sont pr\u00e9tendument ill\u00e9gaux au regard des r\u00e9glementations nationales, communautaires ou internationales ou qu&rsquo;ils m\u00e8nent des activit\u00e9s pr\u00e9tendument ill\u00e9gales ou contraires aux principes de bonne foi.<\/li>\n<li>Qui violent les droits fondamentaux des personnes, manquent de courtoisie sur le r\u00e9seau, agacent ou peuvent g\u00e9n\u00e9rer des opinions n\u00e9gatives chez nos utilisateurs ou des tiers et en g\u00e9n\u00e9ral quel que soit le contenu que Karting Vendrell, SL consid\u00e8re inappropri\u00e9.<\/li>\n<li>Et en g\u00e9n\u00e9ral qui contreviennent aux principes de l\u00e9galit\u00e9, d&rsquo;honn\u00eatet\u00e9, de responsabilit\u00e9, de protection de la dignit\u00e9 humaine, de protection des mineurs, de protection de l&rsquo;ordre public, de protection de la vie priv\u00e9e, de protection des consommateurs et des droits de propri\u00e9t\u00e9 intellectuelle et industrielle.<\/li>\n<\/ul>\n<p>De m\u00eame, Karting Vendrell, SL se r\u00e9serve le droit de retirer, sans pr\u00e9avis du site Web ou du r\u00e9seau social d&rsquo;entreprise, les contenus jug\u00e9s inappropri\u00e9s.<\/p>\n<h4>8.- PROPRI\u00c9T\u00c9 INTELLECTUELLE ET INDUSTRIELLE<\/h4>\n<p>Le site Web, y compris, mais sans s&rsquo;y limiter, la programmation, l&rsquo;\u00e9dition, la compilation et les autres \u00e9l\u00e9ments n\u00e9cessaires \u00e0 son fonctionnement, les dessins, logos, textes, photographies et\/ou graphiques sont la propri\u00e9t\u00e9 du fournisseur ou, le cas \u00e9ch\u00e9ant, dispose de la licence ou de la licence expresse autorisation des auteurs. Tous les contenus du site Web sont d\u00fbment prot\u00e9g\u00e9s par la r\u00e9glementation de la propri\u00e9t\u00e9 intellectuelle et industrielle.<\/p>\n<p>Quelle que soit la finalit\u00e9 pour laquelle ils sont destin\u00e9s, la reproduction totale ou partielle, l&rsquo;utilisation, la diffusion et la communication publique n\u00e9cessitent l&rsquo;autorisation \u00e9crite pr\u00e9alable du fournisseur. Toute utilisation non pr\u00e9alablement autoris\u00e9e par le fournisseur sera consid\u00e9r\u00e9e comme une violation grave des droits de propri\u00e9t\u00e9 intellectuelle ou industrielle de l&rsquo;auteur.<\/p>\n<p>Les dessins, logos, textes et\/ou graphiques qui n&rsquo;appartiennent pas au fournisseur et qui peuvent appara\u00eetre sur le site Web appartiennent \u00e0 leurs propri\u00e9taires respectifs, qui sont eux-m\u00eames responsables de toute controverse \u00e9ventuelle pouvant survenir \u00e0 leur sujet. En tout \u00e9tat de cause, le prestataire dispose d&rsquo;une autorisation expresse et pr\u00e9alable de leur part.<\/p>\n<p>Le fournisseur reconna\u00eet en faveur de leurs propri\u00e9taires les droits de propri\u00e9t\u00e9 industrielle et intellectuelle correspondants, n&rsquo;impliquant pas la mention ou l&rsquo;apparition sur le site Web, de l&rsquo;existence de droits ou de toute responsabilit\u00e9 du fournisseur \u00e0 leur \u00e9gard, ni l&rsquo;approbation, le parrainage ou la recommandation par une partie de celui-ci .<\/p>\n<p>Pour faire tout type d&rsquo;observation concernant d&rsquo;\u00e9ventuelles violations des droits de propri\u00e9t\u00e9 intellectuelle ou industrielle, ainsi que de tout contenu du site Web, vous pouvez le faire via l&rsquo;e-mail indiqu\u00e9 ci-dessus.<\/p>\n<h4>9.- LOI APPLICABLE ET JURIDICTION<\/h4>\n<p>Pour la r\u00e9solution des controverses ou des probl\u00e8mes li\u00e9s \u00e0 ce site Web ou aux activit\u00e9s qui y sont d\u00e9velopp\u00e9es, la l\u00e9gislation espagnole s&rsquo;appliquera, \u00e0 laquelle les parties se soumettent express\u00e9ment, \u00e9tant comp\u00e9tente pour la r\u00e9solution de tous les conflits d\u00e9riv\u00e9s ou li\u00e9s \u00e0 son utilisation les Cours et Tribunaux de Barcelone .<\/p>\n","protected":false},"excerpt":{"rendered":"<p>AVIS JURIDIQUE MENTIONS L\u00c9GALES ET CONDITIONS D&rsquo;UTILISATION DU PORTAIL Afin de se conformer \u00e0 l&rsquo;article 10 de la loi 34\/2002 sur les services de la soci\u00e9t\u00e9 de l&rsquo;information et du commerce \u00e9lectronique, nous informons les utilisateurs de nos donn\u00e9es\u00a0: Nom de l&rsquo;entreprise\u00a0: Karting Vendrell, SL Si\u00e8ge social : Ctra N340 Km 1189 43700 El Vendrell [&hellip;]<\/p>\n","protected":false},"author":1,"featured_media":0,"parent":0,"menu_order":3,"comment_status":"closed","ping_status":"closed","template":"","meta":{"_joinchat":[],"footnotes":""},"class_list":["post-16515","page","type-page","status-publish","hentry"],"yoast_head":"<!-- This site is optimized with the Yoast SEO plugin v26.0 - https:\/\/yoast.com\/wordpress\/plugins\/seo\/ -->\n<title>Avis juridique - Karting Vendrell<\/title>\n<meta name=\"robots\" content=\"noindex, follow\" \/>\n<meta property=\"og:locale\" content=\"fr_FR\" \/>\n<meta property=\"og:type\" content=\"article\" \/>\n<meta property=\"og:title\" content=\"Avis juridique - Karting Vendrell\" \/>\n<meta property=\"og:description\" content=\"AVIS JURIDIQUE MENTIONS L\u00c9GALES ET CONDITIONS D&rsquo;UTILISATION DU PORTAIL Afin de se conformer \u00e0 l&rsquo;article 10 de la loi 34\/2002 sur les services de la soci\u00e9t\u00e9 de l&rsquo;information et du commerce \u00e9lectronique, nous informons les utilisateurs de nos donn\u00e9es\u00a0: Nom de l&rsquo;entreprise\u00a0: Karting Vendrell, SL Si\u00e8ge social : Ctra N340 Km 1189 43700 El Vendrell [&hellip;]\" \/>\n<meta property=\"og:url\" content=\"https:\/\/kartingvendrell.com\/fr\/avis-juridique\/\" \/>\n<meta property=\"og:site_name\" content=\"Karting Vendrell\" \/>\n<meta property=\"article:publisher\" content=\"https:\/\/www.facebook.com\/karting.vendrell\" \/>\n<meta name=\"twitter:card\" content=\"summary_large_image\" \/>\n<meta name=\"twitter:site\" content=\"@ClubVendrell\" \/>\n<meta name=\"twitter:label1\" content=\"Dur\u00e9e de lecture estim\u00e9e\" \/>\n\t<meta name=\"twitter:data1\" content=\"11 minutes\" \/>\n<script type=\"application\/ld+json\" class=\"yoast-schema-graph\">{\"@context\":\"https:\/\/schema.org\",\"@graph\":[{\"@type\":\"WebPage\",\"@id\":\"https:\/\/kartingvendrell.com\/fr\/avis-juridique\/\",\"url\":\"https:\/\/kartingvendrell.com\/fr\/avis-juridique\/\",\"name\":\"Avis juridique - Karting Vendrell\",\"isPartOf\":{\"@id\":\"https:\/\/kartingvendrell.com\/#website\"},\"datePublished\":\"2022-05-11T18:06:48+00:00\",\"breadcrumb\":{\"@id\":\"https:\/\/kartingvendrell.com\/fr\/avis-juridique\/#breadcrumb\"},\"inLanguage\":\"fr-FR\",\"potentialAction\":[{\"@type\":\"ReadAction\",\"target\":[\"https:\/\/kartingvendrell.com\/fr\/avis-juridique\/\"]}]},{\"@type\":\"BreadcrumbList\",\"@id\":\"https:\/\/kartingvendrell.com\/fr\/avis-juridique\/#breadcrumb\",\"itemListElement\":[{\"@type\":\"ListItem\",\"position\":1,\"name\":\"Karting Vendrell\",\"item\":\"https:\/\/kartingvendrell.com\/fr\/\"},{\"@type\":\"ListItem\",\"position\":2,\"name\":\"Avis juridique\"}]},{\"@type\":\"WebSite\",\"@id\":\"https:\/\/kartingvendrell.com\/#website\",\"url\":\"https:\/\/kartingvendrell.com\/\",\"name\":\"Karting Vendrell\",\"description\":\"Circuito de Karts\",\"publisher\":{\"@id\":\"https:\/\/kartingvendrell.com\/#organization\"},\"potentialAction\":[{\"@type\":\"SearchAction\",\"target\":{\"@type\":\"EntryPoint\",\"urlTemplate\":\"https:\/\/kartingvendrell.com\/?s={search_term_string}\"},\"query-input\":{\"@type\":\"PropertyValueSpecification\",\"valueRequired\":true,\"valueName\":\"search_term_string\"}}],\"inLanguage\":\"fr-FR\"},{\"@type\":\"Organization\",\"@id\":\"https:\/\/kartingvendrell.com\/#organization\",\"name\":\"Karting Vendrell\",\"url\":\"https:\/\/kartingvendrell.com\/\",\"logo\":{\"@type\":\"ImageObject\",\"inLanguage\":\"fr-FR\",\"@id\":\"https:\/\/kartingvendrell.com\/#\/schema\/logo\/image\/\",\"url\":\"https:\/\/kartingvendrell.com\/wp-content\/uploads\/2017\/12\/Karting-Vendrell.png\",\"contentUrl\":\"https:\/\/kartingvendrell.com\/wp-content\/uploads\/2017\/12\/Karting-Vendrell.png\",\"width\":244,\"height\":100,\"caption\":\"Karting Vendrell\"},\"image\":{\"@id\":\"https:\/\/kartingvendrell.com\/#\/schema\/logo\/image\/\"},\"sameAs\":[\"https:\/\/www.facebook.com\/karting.vendrell\",\"https:\/\/x.com\/ClubVendrell\"]}]}<\/script>\n<!-- \/ Yoast SEO plugin. -->","yoast_head_json":{"title":"Avis juridique - Karting Vendrell","robots":{"index":"noindex","follow":"follow"},"og_locale":"fr_FR","og_type":"article","og_title":"Avis juridique - Karting Vendrell","og_description":"AVIS JURIDIQUE MENTIONS L\u00c9GALES ET CONDITIONS D&rsquo;UTILISATION DU PORTAIL Afin de se conformer \u00e0 l&rsquo;article 10 de la loi 34\/2002 sur les services de la soci\u00e9t\u00e9 de l&rsquo;information et du commerce \u00e9lectronique, nous informons les utilisateurs de nos donn\u00e9es\u00a0: Nom de l&rsquo;entreprise\u00a0: Karting Vendrell, SL Si\u00e8ge social : Ctra N340 Km 1189 43700 El Vendrell [&hellip;]","og_url":"https:\/\/kartingvendrell.com\/fr\/avis-juridique\/","og_site_name":"Karting Vendrell","article_publisher":"https:\/\/www.facebook.com\/karting.vendrell","twitter_card":"summary_large_image","twitter_site":"@ClubVendrell","twitter_misc":{"Dur\u00e9e de lecture estim\u00e9e":"11 minutes"},"schema":{"@context":"https:\/\/schema.org","@graph":[{"@type":"WebPage","@id":"https:\/\/kartingvendrell.com\/fr\/avis-juridique\/","url":"https:\/\/kartingvendrell.com\/fr\/avis-juridique\/","name":"Avis juridique - Karting Vendrell","isPartOf":{"@id":"https:\/\/kartingvendrell.com\/#website"},"datePublished":"2022-05-11T18:06:48+00:00","breadcrumb":{"@id":"https:\/\/kartingvendrell.com\/fr\/avis-juridique\/#breadcrumb"},"inLanguage":"fr-FR","potentialAction":[{"@type":"ReadAction","target":["https:\/\/kartingvendrell.com\/fr\/avis-juridique\/"]}]},{"@type":"BreadcrumbList","@id":"https:\/\/kartingvendrell.com\/fr\/avis-juridique\/#breadcrumb","itemListElement":[{"@type":"ListItem","position":1,"name":"Karting Vendrell","item":"https:\/\/kartingvendrell.com\/fr\/"},{"@type":"ListItem","position":2,"name":"Avis juridique"}]},{"@type":"WebSite","@id":"https:\/\/kartingvendrell.com\/#website","url":"https:\/\/kartingvendrell.com\/","name":"Karting Vendrell","description":"Circuito de Karts","publisher":{"@id":"https:\/\/kartingvendrell.com\/#organization"},"potentialAction":[{"@type":"SearchAction","target":{"@type":"EntryPoint","urlTemplate":"https:\/\/kartingvendrell.com\/?s={search_term_string}"},"query-input":{"@type":"PropertyValueSpecification","valueRequired":true,"valueName":"search_term_string"}}],"inLanguage":"fr-FR"},{"@type":"Organization","@id":"https:\/\/kartingvendrell.com\/#organization","name":"Karting Vendrell","url":"https:\/\/kartingvendrell.com\/","logo":{"@type":"ImageObject","inLanguage":"fr-FR","@id":"https:\/\/kartingvendrell.com\/#\/schema\/logo\/image\/","url":"https:\/\/kartingvendrell.com\/wp-content\/uploads\/2017\/12\/Karting-Vendrell.png","contentUrl":"https:\/\/kartingvendrell.com\/wp-content\/uploads\/2017\/12\/Karting-Vendrell.png","width":244,"height":100,"caption":"Karting Vendrell"},"image":{"@id":"https:\/\/kartingvendrell.com\/#\/schema\/logo\/image\/"},"sameAs":["https:\/\/www.facebook.com\/karting.vendrell","https:\/\/x.com\/ClubVendrell"]}]}},"_links":{"self":[{"href":"https:\/\/kartingvendrell.com\/fr\/wp-json\/wp\/v2\/pages\/16515","targetHints":{"allow":["GET"]}}],"collection":[{"href":"https:\/\/kartingvendrell.com\/fr\/wp-json\/wp\/v2\/pages"}],"about":[{"href":"https:\/\/kartingvendrell.com\/fr\/wp-json\/wp\/v2\/types\/page"}],"author":[{"embeddable":true,"href":"https:\/\/kartingvendrell.com\/fr\/wp-json\/wp\/v2\/users\/1"}],"replies":[{"embeddable":true,"href":"https:\/\/kartingvendrell.com\/fr\/wp-json\/wp\/v2\/comments?post=16515"}],"version-history":[{"count":0,"href":"https:\/\/kartingvendrell.com\/fr\/wp-json\/wp\/v2\/pages\/16515\/revisions"}],"wp:attachment":[{"href":"https:\/\/kartingvendrell.com\/fr\/wp-json\/wp\/v2\/media?parent=16515"}],"curies":[{"name":"wp","href":"https:\/\/api.w.org\/{rel}","templated":true}]}}