{"id":16495,"date":"2022-05-11T16:39:07","date_gmt":"2022-05-11T16:39:07","guid":{"rendered":"https:\/\/kartingvendrell.com\/conditions-generales\/"},"modified":"2022-05-11T16:43:04","modified_gmt":"2022-05-11T16:43:04","slug":"conditions-generales","status":"publish","type":"page","link":"https:\/\/kartingvendrell.com\/fr\/conditions-generales\/","title":{"rendered":"Conditions g\u00e9n\u00e9rales:"},"content":{"rendered":"<h2><strong>Conditions g\u00e9n\u00e9rales:<\/strong><\/h2>\n<p>R\u00e8glement d&rsquo;utilisation des karts<\/p>\n<p>1er. \u2013 La conduite des karts doit \u00eatre effectu\u00e9e correctement. Le d\u00e9lai auquel le billet donne droit au billet peut \u00eatre r\u00e9sili\u00e9, perdant totalement son montant sans droit \u00e0 aucune r\u00e9clamation pour l&rsquo;une des raisons suivantes\u00a0:<\/p>\n<ul>\n<li>Pour sortir des sentiers battus.<\/li>\n<li>Pour pneus de protection contre l&rsquo;enfoncement.<\/li>\n<li>Pour fermer ou ne pas c\u00e9der.<\/li>\n<li>Pour pousser n&rsquo;importe lequel des autres v\u00e9hicules en circulation.<\/li>\n<li>Pour ne pas avoir tenu compte des signaux des employ\u00e9s.<\/li>\n<li>Pour conduite dangereuse.<\/li>\n<li>Pour rester dans les box (zone dangereuse) ou pour d&rsquo;autres raisons justifi\u00e9es jug\u00e9es par le ma\u00eetre de piste.<\/li>\n<\/ul>\n<p>2\u00e8me. \u2013 Il est totalement interdit de rester dans la zone des stands. Une fois le billet achet\u00e9, le tour correspondant devra \u00eatre attendu derri\u00e8re la cl\u00f4ture de protection, les contrevenants seront responsables des dommages qu&rsquo;ils pourraient subir du fait de ce non-respect. Ils ne pourront entrer ou sortir de cette zone que sur indication des employ\u00e9s de la voie, perdant le montant du ticket s&rsquo;ils le font sans autorisation appropri\u00e9e. Rappelez-vous, pour votre propre s\u00e9curit\u00e9, NE RESTEZ PAS DANS LA ZONE DES PITS\u00a0!<\/p>\n<p>3\u00e8me. \u2013 Il est interdit de fumer dans la zone des stands et pendant la conduite des karts.<\/p>\n<p>4\u00e8me. \u2013 En cas d&rsquo;accident caus\u00e9, l&rsquo;utilisateur du kart devra payer les dommages caus\u00e9s \u00e0 son v\u00e9hicule et \u00e0 autrui.<\/p>\n<p>5\u00e8me. \u2013 Il est obligatoire de porter un casque de protection qui vous sera remis lors de la conduite du kart et qui devra \u00eatre parfaitement attach\u00e9. De m\u00eame, des v\u00eatements appropri\u00e9s seront utilis\u00e9s, aux frais de l&rsquo;utilisateur.<\/p>\n<p>6\u00e8me. \u2013 Il est interdit de lancer des objets depuis les karts en marche, tels que chaussures, lunettes, v\u00eatements, casques, etc\u2026<\/p>\n<p>7\u00e8me. \u2013 En cas de panne ou de perte de votre v\u00e9hicule, s&rsquo;il est immobilis\u00e9 en tout point du circuit, ne descendez pas et ne traversez pas les voies (IL EST EXTR\u00caMEMENT DANGEREUX), levez la main et attendez que notre personnel vous vienne en aide \u00e0 l&rsquo;endroit o\u00f9 l&rsquo;accident s&rsquo;est produit.<\/p>\n<p>8e. \u2013 Le karting veille en permanence \u00e0 ce que les karts soient dans leurs conditions optimales d&rsquo;utilisation, cependant, si vous consid\u00e9rez que votre v\u00e9hicule ne se d\u00e9roule pas comme vous le souhaitez, arr\u00eatez-vous aux stands apr\u00e8s le premier tour \u00e9coul\u00e9, N&rsquo;ATTENDEZ PAS LA FIN DU PARCOURS pour faire votre r\u00e9clamation, car il nous sera alors impossible de vous assister puisque vous aurez d\u00e9j\u00e0 \u00e9puis\u00e9 votre billet. Notre souhait est que vous soyez pleinement satisfait.<\/p>\n<p>9e. \u2013 Cette soci\u00e9t\u00e9 peut annuler tout billet (en remboursant le montant avant de monter dans les karts) si elle le juge n\u00e9cessaire, en raison d&rsquo;un \u00e9tat d&rsquo;\u00e9bri\u00e9t\u00e9 ou de toute autre juste cause jug\u00e9e n\u00e9cessaire.<\/p>\n<p>10e. \u2013 La soci\u00e9t\u00e9 se r\u00e9serve le droit de vendre des billets en dehors des heures pr\u00e9vues en raison des conditions m\u00e9t\u00e9orologiques qui le conseillent, en raison de d\u00e9fauts d&rsquo;\u00e9clairage ou de force majeure. \u00c0 El Karting, les billets de location n&rsquo;expirent pas, le montant n&rsquo;est donc pas rembours\u00e9.<\/p>\n<p>11\u00e8me. \u2013 LE PRIX DU BILLET, S&rsquo;ENTEND PAR PERSONNE ET PAR KART, les tours ou la dur\u00e9e d&rsquo;un m\u00eame billet ne peuvent \u00eatre r\u00e9p\u00e9t\u00e9s entre plusieurs utilisateurs. Si vous pr\u00e9voyez de venir plusieurs fois \u00e0 El Karting, nous vous conseillons de vous renseigner sur nos abonnements pour les clients r\u00e9guliers et aussi pour les grands groupes, tous \u00e0 des prix plus avantageux.<\/p>\n<p>12e. \u2013 La conduite des karts doit \u00eatre faite correctement, laissant le passage \u00e0 ceux qui veulent d\u00e9passer. Les d\u00e9passements doivent \u00eatre effectu\u00e9s tant que la s\u00e9curit\u00e9 n&rsquo;est pas mise en danger, afin d&rsquo;\u00e9viter au maximum les accidents.<\/p>\n<p>13e. \u2013 Le Karting ne sera pas responsable des voitures gar\u00e9es sur son parking ou des objets qui s&rsquo;y trouvent, ni des objets que les utilisateurs pourraient perdre en conduisant les karts et qui n&rsquo;ont pas \u00e9t\u00e9 pr\u00e9alablement d\u00e9pos\u00e9s au box-office.<\/p>\n<p>14e. \u2013 Nous veillons toujours au bon \u00e9tat de tous nos services li\u00e9s \u00e0 la location, tels que le contr\u00f4le horaire, l&rsquo;impression de cartes, etc. En cas de d\u00e9faillance de ceux-ci, il serait r\u00e9solu dans les plus brefs d\u00e9lais, n&rsquo;admettant aucun type de r\u00e9clamation. Ce r\u00e8glement, qui a \u00e9t\u00e9 approuv\u00e9 dans son int\u00e9gralit\u00e9 par l&rsquo;Association espagnole des pistes de karting, vise \u00e0 s\u00e9lectionner notre client\u00e8le distingu\u00e9e qui nous honore de sa pr\u00e9sence et assure sa s\u00e9curit\u00e9 \u00e0 tout moment. Pour toute r\u00e9clamation, merci de contacter le Directeur du circuit qui se fera un plaisir de vous assister.<\/p>\n<p>ACHAT DE BILLETS ET PAIEMENTS EN LIGNE<\/p>\n<p>Les billets achet\u00e9s avec des r\u00e9ductions pour l&rsquo;achat en ligne sont valables un an \u00e0 compter de la date de paiement.<\/p>\n<p>POLITIQUE DE RETRAIT<\/p>\n<p>Compte tenu des caract\u00e9ristiques des produits vendus (billets ou paiements avec une date d&rsquo;\u00e9v\u00e9nement ou une p\u00e9riode d&rsquo;ex\u00e9cution d\u00e9termin\u00e9e), les dispositions de l&rsquo;art. 103. l) de la loi g\u00e9n\u00e9rale pour la d\u00e9fense des consommateurs et des utilisateurs, \u00e0 l&rsquo;exclusion du droit de r\u00e9tractation du syst\u00e8me d&rsquo;achat de billets ou de r\u00e9servations d&rsquo;\u00e9v\u00e9nements.<\/p>\n","protected":false},"excerpt":{"rendered":"<p>Conditions g\u00e9n\u00e9rales: R\u00e8glement d&rsquo;utilisation des karts 1er. \u2013 La conduite des karts doit \u00eatre effectu\u00e9e correctement. Le d\u00e9lai auquel le billet donne droit au billet peut \u00eatre r\u00e9sili\u00e9, perdant totalement son montant sans droit \u00e0 aucune r\u00e9clamation pour l&rsquo;une des raisons suivantes\u00a0: Pour sortir des sentiers battus. Pour pneus de protection contre l&rsquo;enfoncement. Pour fermer [&hellip;]<\/p>\n","protected":false},"author":1,"featured_media":0,"parent":0,"menu_order":1,"comment_status":"closed","ping_status":"closed","template":"","meta":{"_joinchat":[],"footnotes":""},"class_list":["post-16495","page","type-page","status-publish","hentry"],"yoast_head":"<!-- This site is optimized with the Yoast SEO plugin v26.0 - https:\/\/yoast.com\/wordpress\/plugins\/seo\/ -->\n<title>Conditions g\u00e9n\u00e9rales: - Karting Vendrell<\/title>\n<meta name=\"robots\" content=\"noindex, follow\" \/>\n<meta property=\"og:locale\" content=\"fr_FR\" \/>\n<meta property=\"og:type\" content=\"article\" \/>\n<meta property=\"og:title\" content=\"Conditions g\u00e9n\u00e9rales: - Karting Vendrell\" \/>\n<meta property=\"og:description\" content=\"Conditions g\u00e9n\u00e9rales: R\u00e8glement d&rsquo;utilisation des karts 1er. \u2013 La conduite des karts doit \u00eatre effectu\u00e9e correctement. Le d\u00e9lai auquel le billet donne droit au billet peut \u00eatre r\u00e9sili\u00e9, perdant totalement son montant sans droit \u00e0 aucune r\u00e9clamation pour l&rsquo;une des raisons suivantes\u00a0: Pour sortir des sentiers battus. Pour pneus de protection contre l&rsquo;enfoncement. Pour fermer [&hellip;]\" \/>\n<meta property=\"og:url\" content=\"https:\/\/kartingvendrell.com\/fr\/conditions-generales\/\" \/>\n<meta property=\"og:site_name\" content=\"Karting Vendrell\" \/>\n<meta property=\"article:publisher\" content=\"https:\/\/www.facebook.com\/karting.vendrell\" \/>\n<meta property=\"article:modified_time\" content=\"2022-05-11T16:43:04+00:00\" \/>\n<meta name=\"twitter:card\" content=\"summary_large_image\" \/>\n<meta name=\"twitter:site\" content=\"@ClubVendrell\" \/>\n<meta name=\"twitter:label1\" content=\"Dur\u00e9e de lecture estim\u00e9e\" \/>\n\t<meta name=\"twitter:data1\" content=\"4 minutes\" \/>\n<script type=\"application\/ld+json\" class=\"yoast-schema-graph\">{\"@context\":\"https:\/\/schema.org\",\"@graph\":[{\"@type\":\"WebPage\",\"@id\":\"https:\/\/kartingvendrell.com\/fr\/conditions-generales\/\",\"url\":\"https:\/\/kartingvendrell.com\/fr\/conditions-generales\/\",\"name\":\"Conditions g\u00e9n\u00e9rales: - Karting Vendrell\",\"isPartOf\":{\"@id\":\"https:\/\/kartingvendrell.com\/#website\"},\"datePublished\":\"2022-05-11T16:39:07+00:00\",\"dateModified\":\"2022-05-11T16:43:04+00:00\",\"breadcrumb\":{\"@id\":\"https:\/\/kartingvendrell.com\/fr\/conditions-generales\/#breadcrumb\"},\"inLanguage\":\"fr-FR\",\"potentialAction\":[{\"@type\":\"ReadAction\",\"target\":[\"https:\/\/kartingvendrell.com\/fr\/conditions-generales\/\"]}]},{\"@type\":\"BreadcrumbList\",\"@id\":\"https:\/\/kartingvendrell.com\/fr\/conditions-generales\/#breadcrumb\",\"itemListElement\":[{\"@type\":\"ListItem\",\"position\":1,\"name\":\"Karting Vendrell\",\"item\":\"https:\/\/kartingvendrell.com\/fr\/\"},{\"@type\":\"ListItem\",\"position\":2,\"name\":\"Conditions g\u00e9n\u00e9rales:\"}]},{\"@type\":\"WebSite\",\"@id\":\"https:\/\/kartingvendrell.com\/#website\",\"url\":\"https:\/\/kartingvendrell.com\/\",\"name\":\"Karting Vendrell\",\"description\":\"Circuito de Karts\",\"publisher\":{\"@id\":\"https:\/\/kartingvendrell.com\/#organization\"},\"potentialAction\":[{\"@type\":\"SearchAction\",\"target\":{\"@type\":\"EntryPoint\",\"urlTemplate\":\"https:\/\/kartingvendrell.com\/?s={search_term_string}\"},\"query-input\":{\"@type\":\"PropertyValueSpecification\",\"valueRequired\":true,\"valueName\":\"search_term_string\"}}],\"inLanguage\":\"fr-FR\"},{\"@type\":\"Organization\",\"@id\":\"https:\/\/kartingvendrell.com\/#organization\",\"name\":\"Karting Vendrell\",\"url\":\"https:\/\/kartingvendrell.com\/\",\"logo\":{\"@type\":\"ImageObject\",\"inLanguage\":\"fr-FR\",\"@id\":\"https:\/\/kartingvendrell.com\/#\/schema\/logo\/image\/\",\"url\":\"https:\/\/kartingvendrell.com\/wp-content\/uploads\/2017\/12\/Karting-Vendrell.png\",\"contentUrl\":\"https:\/\/kartingvendrell.com\/wp-content\/uploads\/2017\/12\/Karting-Vendrell.png\",\"width\":244,\"height\":100,\"caption\":\"Karting Vendrell\"},\"image\":{\"@id\":\"https:\/\/kartingvendrell.com\/#\/schema\/logo\/image\/\"},\"sameAs\":[\"https:\/\/www.facebook.com\/karting.vendrell\",\"https:\/\/x.com\/ClubVendrell\"]}]}<\/script>\n<!-- \/ Yoast SEO plugin. -->","yoast_head_json":{"title":"Conditions g\u00e9n\u00e9rales: - Karting Vendrell","robots":{"index":"noindex","follow":"follow"},"og_locale":"fr_FR","og_type":"article","og_title":"Conditions g\u00e9n\u00e9rales: - Karting Vendrell","og_description":"Conditions g\u00e9n\u00e9rales: R\u00e8glement d&rsquo;utilisation des karts 1er. \u2013 La conduite des karts doit \u00eatre effectu\u00e9e correctement. Le d\u00e9lai auquel le billet donne droit au billet peut \u00eatre r\u00e9sili\u00e9, perdant totalement son montant sans droit \u00e0 aucune r\u00e9clamation pour l&rsquo;une des raisons suivantes\u00a0: Pour sortir des sentiers battus. Pour pneus de protection contre l&rsquo;enfoncement. Pour fermer [&hellip;]","og_url":"https:\/\/kartingvendrell.com\/fr\/conditions-generales\/","og_site_name":"Karting Vendrell","article_publisher":"https:\/\/www.facebook.com\/karting.vendrell","article_modified_time":"2022-05-11T16:43:04+00:00","twitter_card":"summary_large_image","twitter_site":"@ClubVendrell","twitter_misc":{"Dur\u00e9e de lecture estim\u00e9e":"4 minutes"},"schema":{"@context":"https:\/\/schema.org","@graph":[{"@type":"WebPage","@id":"https:\/\/kartingvendrell.com\/fr\/conditions-generales\/","url":"https:\/\/kartingvendrell.com\/fr\/conditions-generales\/","name":"Conditions g\u00e9n\u00e9rales: - Karting Vendrell","isPartOf":{"@id":"https:\/\/kartingvendrell.com\/#website"},"datePublished":"2022-05-11T16:39:07+00:00","dateModified":"2022-05-11T16:43:04+00:00","breadcrumb":{"@id":"https:\/\/kartingvendrell.com\/fr\/conditions-generales\/#breadcrumb"},"inLanguage":"fr-FR","potentialAction":[{"@type":"ReadAction","target":["https:\/\/kartingvendrell.com\/fr\/conditions-generales\/"]}]},{"@type":"BreadcrumbList","@id":"https:\/\/kartingvendrell.com\/fr\/conditions-generales\/#breadcrumb","itemListElement":[{"@type":"ListItem","position":1,"name":"Karting Vendrell","item":"https:\/\/kartingvendrell.com\/fr\/"},{"@type":"ListItem","position":2,"name":"Conditions g\u00e9n\u00e9rales:"}]},{"@type":"WebSite","@id":"https:\/\/kartingvendrell.com\/#website","url":"https:\/\/kartingvendrell.com\/","name":"Karting Vendrell","description":"Circuito de Karts","publisher":{"@id":"https:\/\/kartingvendrell.com\/#organization"},"potentialAction":[{"@type":"SearchAction","target":{"@type":"EntryPoint","urlTemplate":"https:\/\/kartingvendrell.com\/?s={search_term_string}"},"query-input":{"@type":"PropertyValueSpecification","valueRequired":true,"valueName":"search_term_string"}}],"inLanguage":"fr-FR"},{"@type":"Organization","@id":"https:\/\/kartingvendrell.com\/#organization","name":"Karting Vendrell","url":"https:\/\/kartingvendrell.com\/","logo":{"@type":"ImageObject","inLanguage":"fr-FR","@id":"https:\/\/kartingvendrell.com\/#\/schema\/logo\/image\/","url":"https:\/\/kartingvendrell.com\/wp-content\/uploads\/2017\/12\/Karting-Vendrell.png","contentUrl":"https:\/\/kartingvendrell.com\/wp-content\/uploads\/2017\/12\/Karting-Vendrell.png","width":244,"height":100,"caption":"Karting Vendrell"},"image":{"@id":"https:\/\/kartingvendrell.com\/#\/schema\/logo\/image\/"},"sameAs":["https:\/\/www.facebook.com\/karting.vendrell","https:\/\/x.com\/ClubVendrell"]}]}},"_links":{"self":[{"href":"https:\/\/kartingvendrell.com\/fr\/wp-json\/wp\/v2\/pages\/16495","targetHints":{"allow":["GET"]}}],"collection":[{"href":"https:\/\/kartingvendrell.com\/fr\/wp-json\/wp\/v2\/pages"}],"about":[{"href":"https:\/\/kartingvendrell.com\/fr\/wp-json\/wp\/v2\/types\/page"}],"author":[{"embeddable":true,"href":"https:\/\/kartingvendrell.com\/fr\/wp-json\/wp\/v2\/users\/1"}],"replies":[{"embeddable":true,"href":"https:\/\/kartingvendrell.com\/fr\/wp-json\/wp\/v2\/comments?post=16495"}],"version-history":[{"count":1,"href":"https:\/\/kartingvendrell.com\/fr\/wp-json\/wp\/v2\/pages\/16495\/revisions"}],"predecessor-version":[{"id":16500,"href":"https:\/\/kartingvendrell.com\/fr\/wp-json\/wp\/v2\/pages\/16495\/revisions\/16500"}],"wp:attachment":[{"href":"https:\/\/kartingvendrell.com\/fr\/wp-json\/wp\/v2\/media?parent=16495"}],"curies":[{"name":"wp","href":"https:\/\/api.w.org\/{rel}","templated":true}]}}