{"id":16479,"date":"2022-05-11T03:39:11","date_gmt":"2022-05-11T03:39:11","guid":{"rendered":"https:\/\/kartingvendrell.com\/espaces-restauration-et-bar\/"},"modified":"2022-05-11T03:41:01","modified_gmt":"2022-05-11T03:41:01","slug":"espaces-restauration-et-bar","status":"publish","type":"page","link":"https:\/\/kartingvendrell.com\/fr\/installations\/espaces-restauration-et-bar\/","title":{"rendered":"Espaces Restauration et Bar"},"content":{"rendered":"<div id='av_section_1'  class='avia-section av-3k7yjy-cd350be738eaa919a0290c94060e62bc main_color avia-section-default avia-shadow  avia-builder-el-0  el_before_av_layout_row  avia-builder-el-first  avia-bg-style-scroll av-minimum-height av-minimum-height-25 av-height-25  container_wrap sidebar_right'   data-av_minimum_height_pc='25' data-av_min_height_opt='25'><div class='container av-section-cont-open' ><main  class='template-page content  av-content-small alpha units'><div class='post-entry post-entry-type-page post-entry-16479'><div class='entry-content-wrapper clearfix'>\n\n<style type=\"text\/css\" data-created_by=\"avia_inline_auto\" id=\"style-css-av-3cup66-60d3afdfad7a938686d085b62885e07b\">\n#top .av-special-heading.av-3cup66-60d3afdfad7a938686d085b62885e07b{\npadding-bottom:10px;\nfont-size:60px;\n}\nbody .av-special-heading.av-3cup66-60d3afdfad7a938686d085b62885e07b .av-special-heading-tag .heading-char{\nfont-size:25px;\n}\n#top #wrap_all .av-special-heading.av-3cup66-60d3afdfad7a938686d085b62885e07b .av-special-heading-tag{\nfont-size:60px;\n}\n.av-special-heading.av-3cup66-60d3afdfad7a938686d085b62885e07b .av-subheading{\nfont-size:15px;\n}\n\n@media only screen and (min-width: 480px) and (max-width: 767px){ \n#top #wrap_all .av-special-heading.av-3cup66-60d3afdfad7a938686d085b62885e07b .av-special-heading-tag{\nfont-size:0.8em;\n}\n}\n\n@media only screen and (max-width: 479px){ \n#top #wrap_all .av-special-heading.av-3cup66-60d3afdfad7a938686d085b62885e07b .av-special-heading-tag{\nfont-size:0.8em;\n}\n}\n<\/style>\n<div  class='av-special-heading av-3cup66-60d3afdfad7a938686d085b62885e07b av-special-heading-h1 blockquote modern-quote  avia-builder-el-1  el_before_av_one_half  avia-builder-el-first  av-inherit-size'><h1 class='av-special-heading-tag '  >Restauration <span class='special_amp'>&amp;<\/span> Bar Restaurant<b>.<\/b><\/h1><div class=\"special-heading-border\"><div class=\"special-heading-inner-border\"><\/div><\/div><\/div>\n\n<style type=\"text\/css\" data-created_by=\"avia_inline_auto\" id=\"style-css-av-36eupy-9805ffd1706c858de62d3a596a560c65\">\n.flex_column.av-36eupy-9805ffd1706c858de62d3a596a560c65{\nborder-radius:0px 0px 0px 0px;\npadding:0px 0px 0px 0px;\n}\n<\/style>\n<div  class='flex_column av-36eupy-9805ffd1706c858de62d3a596a560c65 av_one_half  avia-builder-el-2  el_after_av_heading  el_before_av_one_half  first flex_column_div av-zero-column-padding  '     ><section  class='av_textblock_section av-31ijhy-ef7b89bed03ad2f59304f2cdee228b2b '  ><div class='avia_textblock' ><p>Le Bar est un point de rencontre o\u00f9 vous pourrez vous d\u00e9tendre un peu et un endroit o\u00f9 vous pourrez appr\u00e9cier l&rsquo;histoire du Karting Vendrell. Plein de photographies qui nous emm\u00e8nent dans un voyage \u00e0 travers l&rsquo;histoire et avec des vues directes sur le circuit principal dans le bar-restaurant, vous pouvez manger, boire un verre ou f\u00eater votre anniversaire.<\/p>\n<\/div><\/section><\/div>\n<style type=\"text\/css\" data-created_by=\"avia_inline_auto\" id=\"style-css-av-2wzeta-35786dfcfbc5dad4b0e8afaf877a3d64\">\n.flex_column.av-2wzeta-35786dfcfbc5dad4b0e8afaf877a3d64{\nborder-radius:0px 0px 0px 0px;\npadding:0px 0px 0px 0px;\n}\n<\/style>\n<div  class='flex_column av-2wzeta-35786dfcfbc5dad4b0e8afaf877a3d64 av_one_half  avia-builder-el-4  el_after_av_one_half  avia-builder-el-last  flex_column_div av-zero-column-padding  '     ><section  class='av_textblock_section av-a1812-2e26d98a114063d51c43e630b230071a '  ><div class='avia_textblock' ><p>Restauration, barbecues et cal\u00e7otadas sont un plus pour votre journ\u00e9e au Karting Vendrell. Des groupes d&rsquo;amis, des entreprises et des entit\u00e9s organisent des \u00e9v\u00e9nements o\u00f9 ils optent pour la nourriture, le paintball et\/ou le karting, passant une journ\u00e9e inoubliable.<\/p>\n<\/div><\/section><\/div>\n\n<\/div><\/div><\/main><!-- close content main element --><\/div><\/div><div id='av-layout-grid-1'  class='av-layout-grid-container av-9blym-ba2cb90c6f936f3efbaf61797828bb84 entry-content-wrapper main_color av-flex-cells  avia-builder-el-6  el_after_av_section  el_before_av_masonry_gallery  grid-row-not-first  container_wrap sidebar_right'  >\n\n<style type=\"text\/css\" data-created_by=\"avia_inline_auto\" id=\"style-css-av-2cv2fa-3c38e7f5be88f385a57fe80f73277c1f\">\n.flex_cell.av-2cv2fa-3c38e7f5be88f385a57fe80f73277c1f{\nvertical-align:top;\nheight:400px;\nmin-height:400px;\n}\n.responsive #top #wrap_all .flex_cell.av-2cv2fa-3c38e7f5be88f385a57fe80f73277c1f{\npadding:30px 30px 30px 30px !important;\n}\n<\/style>\n<div class='flex_cell av-2cv2fa-3c38e7f5be88f385a57fe80f73277c1f av-gridrow-cell av_one_half no_margin  avia-builder-el-7  el_before_av_cell_one_half  avia-builder-el-first  avia-full-stretch'  ><div class='flex_cell_inner'><\/div><\/div>\n<style type=\"text\/css\" data-created_by=\"avia_inline_auto\" id=\"style-css-av-2b17a6-df7d2a55c34b5a759490fb31a183d2ec\">\n.flex_cell.av-2b17a6-df7d2a55c34b5a759490fb31a183d2ec{\nvertical-align:middle;\nheight:400px;\nmin-height:400px;\nbackground-color:#191919;\n}\n.responsive #top #wrap_all .flex_cell.av-2b17a6-df7d2a55c34b5a759490fb31a183d2ec{\npadding:30px 30px 30px 30px !important;\n}\n<\/style>\n<div class='flex_cell av-2b17a6-df7d2a55c34b5a759490fb31a183d2ec av-gridrow-cell av_one_half no_margin  avia-builder-el-8  el_after_av_cell_one_half  avia-builder-el-last '  ><div class='flex_cell_inner'><p>\n<style type=\"text\/css\" data-created_by=\"avia_inline_auto\" id=\"style-css-av-210h66-e10014a5ebe874fc3fca9753a17130ad\">\n#top .av-special-heading.av-210h66-e10014a5ebe874fc3fca9753a17130ad{\npadding-bottom:10px;\ncolor:#ffffff;\nfont-size:40px;\n}\nbody .av-special-heading.av-210h66-e10014a5ebe874fc3fca9753a17130ad .av-special-heading-tag .heading-char{\nfont-size:25px;\n}\n#top #wrap_all .av-special-heading.av-210h66-e10014a5ebe874fc3fca9753a17130ad .av-special-heading-tag{\nfont-size:40px;\n}\n.av-special-heading.av-210h66-e10014a5ebe874fc3fca9753a17130ad .special-heading-inner-border{\nborder-color:#ffffff;\n}\n.av-special-heading.av-210h66-e10014a5ebe874fc3fca9753a17130ad .av-subheading{\nfont-size:15px;\n}\n\n@media only screen and (min-width: 480px) and (max-width: 767px){ \n#top #wrap_all .av-special-heading.av-210h66-e10014a5ebe874fc3fca9753a17130ad .av-special-heading-tag{\nfont-size:0.8em;\n}\n}\n\n@media only screen and (max-width: 479px){ \n#top #wrap_all .av-special-heading.av-210h66-e10014a5ebe874fc3fca9753a17130ad .av-special-heading-tag{\nfont-size:0.8em;\n}\n}\n<\/style>\n<div  class='av-special-heading av-210h66-e10014a5ebe874fc3fca9753a17130ad av-special-heading-h2 custom-color-heading blockquote modern-quote  avia-builder-el-9  el_before_av_textblock  avia-builder-el-first  av-inherit-size'><h2 class='av-special-heading-tag '  >Barbecues et Cal\u00e7otadas<b>.<\/b><\/h2><div class=\"special-heading-border\"><div class=\"special-heading-inner-border\"><\/div><\/div><\/div><br \/>\n\n<style type=\"text\/css\" data-created_by=\"avia_inline_auto\" id=\"style-css-av-1xah3i-de02623547479e8160ccb4f89fd1fda2\">\n#top .av_textblock_section.av-1xah3i-de02623547479e8160ccb4f89fd1fda2 .avia_textblock{\ncolor:#ffffff;\n}\n<\/style>\n<section  class='av_textblock_section av-1xah3i-de02623547479e8160ccb4f89fd1fda2 '  ><div class='avia_textblock av_inherit_color' ><p>Depuis 1973, accueillir des comp\u00e9titions de toutes sortes o\u00f9 nous avons eu la pr\u00e9sence des meilleurs du monde automobile : Fernando Alonso, De la Rosa, Marc Gen\u00e9, Carlos Sainz ou Jaime Alguersuari en sont un exemple.<\/p>\n<p>Lo hacemos posible gracias al Circuito de Karts homologado con padocks, cronos y todo lo necesario para realizar competiciones de nivel. Y adem\u00e1s elementos adicionales como los talleres, la tienda de recambios o servicios de ocio extra (catering, barbacoa, pintball,..).<\/p>\n<\/div><\/section><\/p>\n<\/div><\/div><\/div>\n<style type=\"text\/css\" data-created_by=\"avia_inline_auto\" id=\"style-css-av-1ov3su-e9a0e408ced61ca2e1640ef04cfabbd0\">\n#top .av-masonry.av-1ov3su-e9a0e408ced61ca2e1640ef04cfabbd0{\nbackground-color:#191919;\n}\n<\/style>\n<div id='av-masonry-1' class='av-masonry av-1ov3su-e9a0e408ced61ca2e1640ef04cfabbd0 noHover av-fixed-size av-large-gap av-hover-overlay- av-masonry-animation-active av-masonry-col-5 av-caption-always av-caption-style- av-masonry-gallery ' data-post_id=\"16479\"><div class=\"av-masonry-container isotope av-js-disabled\"><div class='av-masonry-entry isotope-item av-masonry-item-no-image '><\/div><a href=\"https:\/\/kartingvendrell.com\/wp-content\/uploads\/2017\/12\/Lars-Forsman-Bar-karting-Vendrell.jpg\" data-srcset=\"https:\/\/kartingvendrell.com\/wp-content\/uploads\/2017\/12\/Lars-Forsman-Bar-karting-Vendrell.jpg 400w, https:\/\/kartingvendrell.com\/wp-content\/uploads\/2017\/12\/Lars-Forsman-Bar-karting-Vendrell-225x300.jpg 225w\" data-sizes=\"(max-width: 400px) 100vw, 400px\"  aria-label=\"image Lars Forsman &#8211; Bar karting Vendrell\"  id='av-masonry-1-item-16827' data-av-masonry-item='16827' class='av-masonry-entry isotope-item post-16827 attachment type-attachment status-inherit hentry  av-masonry-item-with-image' title=\"Lars Forsman &#8211; Bar karting Vendrell\" alt=\"Lars Forsman - Bar karting Vendrell\"   ><div class='av-inner-masonry-sizer'><\/div><figure class='av-inner-masonry main_color'><div class=\"av-masonry-outerimage-container\"><div class='av-masonry-image-container' style=\"background-image: url(https:\/\/kartingvendrell.com\/wp-content\/uploads\/2017\/12\/Lars-Forsman-Bar-karting-Vendrell.jpg);\"  title=\"Lars Forsman &#8211; Bar karting Vendrell\" ><\/div><\/div><\/figure><\/a><!--end av-masonry entry--><a href=\"https:\/\/kartingvendrell.com\/wp-content\/uploads\/2017\/12\/Bar-en-Vendrell-Karting-Vendrell.jpg\" data-srcset=\"https:\/\/kartingvendrell.com\/wp-content\/uploads\/2017\/12\/Bar-en-Vendrell-Karting-Vendrell.jpg 600w, https:\/\/kartingvendrell.com\/wp-content\/uploads\/2017\/12\/Bar-en-Vendrell-Karting-Vendrell-450x338.jpg 450w, https:\/\/kartingvendrell.com\/wp-content\/uploads\/2017\/12\/Bar-en-Vendrell-Karting-Vendrell-300x225.jpg 300w\" data-sizes=\"(max-width: 600px) 100vw, 600px\"  aria-label=\"image Bar en Vendrell &#8211; Karting Vendrell\"  id='av-masonry-1-item-16831' data-av-masonry-item='16831' class='av-masonry-entry isotope-item post-16831 attachment type-attachment status-inherit hentry  av-masonry-item-with-image' title=\"Bar en Vendrell &#8211; Karting Vendrell\" alt=\"\"   ><div class='av-inner-masonry-sizer'><\/div><figure class='av-inner-masonry main_color'><div class=\"av-masonry-outerimage-container\"><div class='av-masonry-image-container' style=\"background-image: url(https:\/\/kartingvendrell.com\/wp-content\/uploads\/2017\/12\/Bar-en-Vendrell-Karting-Vendrell.jpg);\"  title=\"Bar en Vendrell &#8211; Karting Vendrell\" ><\/div><\/div><\/figure><\/a><!--end av-masonry entry--><a href=\"https:\/\/kartingvendrell.com\/wp-content\/uploads\/2017\/12\/Barbacoas-Vendrell-Karting-Vendrell.jpg\" data-srcset=\"https:\/\/kartingvendrell.com\/wp-content\/uploads\/2017\/12\/Barbacoas-Vendrell-Karting-Vendrell.jpg 500w, https:\/\/kartingvendrell.com\/wp-content\/uploads\/2017\/12\/Barbacoas-Vendrell-Karting-Vendrell-450x338.jpg 450w, https:\/\/kartingvendrell.com\/wp-content\/uploads\/2017\/12\/Barbacoas-Vendrell-Karting-Vendrell-300x225.jpg 300w\" data-sizes=\"(max-width: 500px) 100vw, 500px\"  aria-label=\"image Barbacoas Vendrell &#8211; Karting Vendrell\"  id='av-masonry-1-item-16830' data-av-masonry-item='16830' class='av-masonry-entry isotope-item post-16830 attachment type-attachment status-inherit hentry  av-masonry-item-with-image' title=\"Barbacoas Vendrell &#8211; Karting Vendrell\" alt=\"\"   ><div class='av-inner-masonry-sizer'><\/div><figure class='av-inner-masonry main_color'><div class=\"av-masonry-outerimage-container\"><div class='av-masonry-image-container' style=\"background-image: url(https:\/\/kartingvendrell.com\/wp-content\/uploads\/2017\/12\/Barbacoas-Vendrell-Karting-Vendrell.jpg);\"  title=\"Barbacoas Vendrell &#8211; Karting Vendrell\" ><\/div><\/div><\/figure><\/a><!--end av-masonry entry--><a href=\"https:\/\/kartingvendrell.com\/wp-content\/uploads\/2017\/12\/Platos-combinados-vendrell-Karting-Vendrell.jpg\" data-srcset=\"https:\/\/kartingvendrell.com\/wp-content\/uploads\/2017\/12\/Platos-combinados-vendrell-Karting-Vendrell.jpg 700w, https:\/\/kartingvendrell.com\/wp-content\/uploads\/2017\/12\/Platos-combinados-vendrell-Karting-Vendrell-450x338.jpg 450w, https:\/\/kartingvendrell.com\/wp-content\/uploads\/2017\/12\/Platos-combinados-vendrell-Karting-Vendrell-300x225.jpg 300w\" data-sizes=\"(max-width: 700px) 100vw, 700px\"  aria-label=\"image Bar Restaurante y Catering\"  id='av-masonry-1-item-16829' data-av-masonry-item='16829' class='av-masonry-entry isotope-item post-16829 attachment type-attachment status-inherit hentry  av-masonry-item-with-image' title=\"Bar Restaurante y Catering\" alt=\"\"   ><div class='av-inner-masonry-sizer'><\/div><figure class='av-inner-masonry main_color'><div class=\"av-masonry-outerimage-container\"><div class='av-masonry-image-container' style=\"background-image: url(https:\/\/kartingvendrell.com\/wp-content\/uploads\/2017\/12\/Platos-combinados-vendrell-Karting-Vendrell.jpg);\"  title=\"Bar Restaurante y Catering\" ><\/div><\/div><\/figure><\/a><!--end av-masonry entry--><\/div><\/div><\/p>\n<div id='av_section_2'  class='avia-section av-1ku01a-b2bc17ef7bdf43c23988c88a1629b122 main_color avia-section-default avia-shadow  avia-builder-el-12  el_after_av_masonry_gallery  avia-builder-el-last  avia-bg-style-scroll container_wrap sidebar_right'  ><div class='container av-section-cont-open' ><div class='template-page content  av-content-small alpha units'><div class='post-entry post-entry-type-page post-entry-16479'><div class='entry-content-wrapper clearfix'>\n\n<style type=\"text\/css\" data-created_by=\"avia_inline_auto\" id=\"style-css-av-1f326u-c1645bbb97b2ba9e18ff7738201e8d6d\">\n.flex_column.av-1f326u-c1645bbb97b2ba9e18ff7738201e8d6d{\nborder-radius:0px 0px 0px 0px;\npadding:0px 0px 0px 0px;\n}\n<\/style>\n<div  class='flex_column av-1f326u-c1645bbb97b2ba9e18ff7738201e8d6d av_one_fifth  avia-builder-el-13  el_before_av_three_fifth  avia-builder-el-first  first flex_column_div av-zero-column-padding  '     ><\/div>\n<style type=\"text\/css\" data-created_by=\"avia_inline_auto\" id=\"style-css-av-1ai68e-3a34fa68f372e8482d7d5a7c1f3aab2d\">\n.flex_column.av-1ai68e-3a34fa68f372e8482d7d5a7c1f3aab2d{\nborder-radius:0px 0px 0px 0px;\npadding:0px 0px 0px 0px;\n}\n<\/style>\n<div  class='flex_column av-1ai68e-3a34fa68f372e8482d7d5a7c1f3aab2d av_three_fifth  avia-builder-el-14  el_after_av_one_fifth  el_before_av_one_fifth  flex_column_div av-zero-column-padding  '     ><p>\n<style type=\"text\/css\" data-created_by=\"avia_inline_auto\" id=\"style-css-av-3tkby-121b10b067c77a587ac8872b774671dd\">\n#top .av-special-heading.av-3tkby-121b10b067c77a587ac8872b774671dd{\npadding-bottom:10px;\nfont-size:40px;\n}\nbody .av-special-heading.av-3tkby-121b10b067c77a587ac8872b774671dd .av-special-heading-tag .heading-char{\nfont-size:25px;\n}\n#top #wrap_all .av-special-heading.av-3tkby-121b10b067c77a587ac8872b774671dd .av-special-heading-tag{\nfont-size:40px;\n}\n.av-special-heading.av-3tkby-121b10b067c77a587ac8872b774671dd .av-subheading{\nfont-size:20px;\n}\n\n@media only screen and (min-width: 480px) and (max-width: 767px){ \n#top #wrap_all .av-special-heading.av-3tkby-121b10b067c77a587ac8872b774671dd .av-special-heading-tag{\nfont-size:0.8em;\n}\n}\n\n@media only screen and (max-width: 479px){ \n#top #wrap_all .av-special-heading.av-3tkby-121b10b067c77a587ac8872b774671dd .av-special-heading-tag{\nfont-size:0.8em;\n}\n}\n<\/style>\n<div  class='av-special-heading av-3tkby-121b10b067c77a587ac8872b774671dd av-special-heading-h2 blockquote modern-quote modern-centered  avia-builder-el-15  el_before_av_mailchimp  avia-builder-el-first  av-inherit-size'><h2 class='av-special-heading-tag '  >Abonnez-vous \u00e0 la newsletter<b>.<\/b><\/h2><div class='av-subheading av-subheading_below'><p>Nous vous informons des promotions, \u00e9v\u00e9nements et nouveaut\u00e9s<\/p>\n<\/div><div class=\"special-heading-border\"><div class=\"special-heading-inner-border\"><\/div><\/div><\/div><br \/>\n<form action=\"https:\/\/kartingvendrell.com\/fr\/installations\/espaces-restauration-et-bar\/\" method=\"post\"  data-av-custom-send='mailchimp_send'data-fields-with-error=\"Erreurs trouv\u00e9es dans les champs suivants :\" class=\"avia_ajax_form av-form-labels-hidden   avia-builder-el-16  el_after_av_heading  avia-builder-el-last   avia-mailchimp-form \" data-avia-form-id=\"1\" data-avia-redirect='' ><fieldset><p class='  first_form  form_element form_element_third' id='element_avia_1_1'><label for=\"avia_1_1\">Nom<\/label> <input name=\"avia_1_1\" class=\"text_input \" type=\"text\" id=\"avia_1_1\" value=\"\"  placeholder='Nom'\/><\/p><p class='  form_element form_element_third' id='element_avia_0_1'><label for=\"avia_0_1\">Email <abbr class=\"required\" title=\"requis(e)\">*<\/abbr><\/label> <input name=\"avia_0_1\" class=\"text_input is_email\" type=\"text\" id=\"avia_0_1\" value=\"\"  placeholder='Email*'\/><\/p><p class=\"form_element  form_element form_element_third av-last-visible-form-element modified_width\"><input type=\"hidden\" value=\"1\" name=\"avia_generated_form1\" \/><input type=\"submit\" value=\"Envoyer\" class=\"button\"  data-sending-label=\"Envoi\"\/><\/p><p class=\"hidden\"><input type=\"text\" name=\"avia_avia_username_1\" class=\"hidden \" id=\"avia_avia_username_1\" value=\"\" \/><\/p><\/fieldset><\/form><div id=\"ajaxresponse_1\" class=\"ajaxresponse ajaxresponse_1 hidden\"><\/div><\/p><\/div>\n<style type=\"text\/css\" data-created_by=\"avia_inline_auto\" id=\"style-css-av-aq33a-7ca638b40016c330856bd9176c6bbdfc\">\n.flex_column.av-aq33a-7ca638b40016c330856bd9176c6bbdfc{\nborder-radius:0px 0px 0px 0px;\npadding:0px 0px 0px 0px;\n}\n<\/style>\n<div  class='flex_column av-aq33a-7ca638b40016c330856bd9176c6bbdfc av_one_fifth  avia-builder-el-17  el_after_av_three_fifth  avia-builder-el-last  flex_column_div av-zero-column-padding  '     ><\/div>\n<\/div><\/div><\/div><!-- close content main div --><\/div><\/div><div id='after_section_2'  class='main_color av_default_container_wrap container_wrap sidebar_right'  ><div class='container av-section-cont-open' ><div class='template-page content  av-content-small alpha units'><div class='post-entry post-entry-type-page post-entry-16479'><div class='entry-content-wrapper clearfix'>\n","protected":false},"excerpt":{"rendered":"","protected":false},"author":1,"featured_media":0,"parent":16678,"menu_order":4,"comment_status":"closed","ping_status":"closed","template":"","meta":{"_joinchat":[],"footnotes":""},"class_list":["post-16479","page","type-page","status-publish","hentry"],"yoast_head":"<!-- This site is optimized with the Yoast SEO plugin v26.0 - https:\/\/yoast.com\/wordpress\/plugins\/seo\/ -->\n<title>Espaces Restauration et Bar - Karting Vendrell<\/title>\n<meta name=\"description\" content=\"Compl\u00e9tez votre journ\u00e9e compl\u00e8te de loisirs en famille ou entre amis autour d&#039;un bon repas.\" \/>\n<meta name=\"robots\" content=\"index, follow, max-snippet:-1, max-image-preview:large, max-video-preview:-1\" \/>\n<link rel=\"canonical\" href=\"https:\/\/kartingvendrell.com\/fr\/espaces-restauration-et-bar\/\" \/>\n<meta property=\"og:locale\" content=\"fr_FR\" \/>\n<meta property=\"og:type\" content=\"article\" \/>\n<meta property=\"og:title\" content=\"Espaces Restauration et Bar - Karting Vendrell\" \/>\n<meta property=\"og:description\" content=\"Compl\u00e9tez votre journ\u00e9e compl\u00e8te de loisirs en famille ou entre amis autour d&#039;un bon repas.\" \/>\n<meta property=\"og:url\" content=\"https:\/\/kartingvendrell.com\/fr\/espaces-restauration-et-bar\/\" \/>\n<meta property=\"og:site_name\" content=\"Karting Vendrell\" \/>\n<meta property=\"article:publisher\" content=\"https:\/\/www.facebook.com\/karting.vendrell\" \/>\n<meta property=\"article:modified_time\" content=\"2022-05-11T03:41:01+00:00\" \/>\n<meta name=\"twitter:card\" content=\"summary_large_image\" \/>\n<meta name=\"twitter:site\" content=\"@ClubVendrell\" \/>\n<meta name=\"twitter:label1\" content=\"Dur\u00e9e de lecture estim\u00e9e\" \/>\n\t<meta name=\"twitter:data1\" content=\"6 minutes\" \/>\n<script type=\"application\/ld+json\" class=\"yoast-schema-graph\">{\"@context\":\"https:\/\/schema.org\",\"@graph\":[{\"@type\":\"WebPage\",\"@id\":\"https:\/\/kartingvendrell.com\/fr\/espaces-restauration-et-bar\/\",\"url\":\"https:\/\/kartingvendrell.com\/fr\/espaces-restauration-et-bar\/\",\"name\":\"Espaces Restauration et Bar - Karting Vendrell\",\"isPartOf\":{\"@id\":\"https:\/\/kartingvendrell.com\/#website\"},\"datePublished\":\"2022-05-11T03:39:11+00:00\",\"dateModified\":\"2022-05-11T03:41:01+00:00\",\"description\":\"Compl\u00e9tez votre journ\u00e9e compl\u00e8te de loisirs en famille ou entre amis autour d'un bon repas.\",\"breadcrumb\":{\"@id\":\"https:\/\/kartingvendrell.com\/fr\/espaces-restauration-et-bar\/#breadcrumb\"},\"inLanguage\":\"fr-FR\",\"potentialAction\":[{\"@type\":\"ReadAction\",\"target\":[\"https:\/\/kartingvendrell.com\/fr\/espaces-restauration-et-bar\/\"]}]},{\"@type\":\"BreadcrumbList\",\"@id\":\"https:\/\/kartingvendrell.com\/fr\/espaces-restauration-et-bar\/#breadcrumb\",\"itemListElement\":[{\"@type\":\"ListItem\",\"position\":1,\"name\":\"Karting Vendrell\",\"item\":\"https:\/\/kartingvendrell.com\/fr\/\"},{\"@type\":\"ListItem\",\"position\":2,\"name\":\"Espaces Restauration et Bar\"}]},{\"@type\":\"WebSite\",\"@id\":\"https:\/\/kartingvendrell.com\/#website\",\"url\":\"https:\/\/kartingvendrell.com\/\",\"name\":\"Karting Vendrell\",\"description\":\"Circuito de Karts\",\"publisher\":{\"@id\":\"https:\/\/kartingvendrell.com\/#organization\"},\"potentialAction\":[{\"@type\":\"SearchAction\",\"target\":{\"@type\":\"EntryPoint\",\"urlTemplate\":\"https:\/\/kartingvendrell.com\/?s={search_term_string}\"},\"query-input\":{\"@type\":\"PropertyValueSpecification\",\"valueRequired\":true,\"valueName\":\"search_term_string\"}}],\"inLanguage\":\"fr-FR\"},{\"@type\":\"Organization\",\"@id\":\"https:\/\/kartingvendrell.com\/#organization\",\"name\":\"Karting Vendrell\",\"url\":\"https:\/\/kartingvendrell.com\/\",\"logo\":{\"@type\":\"ImageObject\",\"inLanguage\":\"fr-FR\",\"@id\":\"https:\/\/kartingvendrell.com\/#\/schema\/logo\/image\/\",\"url\":\"https:\/\/kartingvendrell.com\/wp-content\/uploads\/2017\/12\/Karting-Vendrell.png\",\"contentUrl\":\"https:\/\/kartingvendrell.com\/wp-content\/uploads\/2017\/12\/Karting-Vendrell.png\",\"width\":244,\"height\":100,\"caption\":\"Karting Vendrell\"},\"image\":{\"@id\":\"https:\/\/kartingvendrell.com\/#\/schema\/logo\/image\/\"},\"sameAs\":[\"https:\/\/www.facebook.com\/karting.vendrell\",\"https:\/\/x.com\/ClubVendrell\"]}]}<\/script>\n<!-- \/ Yoast SEO plugin. -->","yoast_head_json":{"title":"Espaces Restauration et Bar - Karting Vendrell","description":"Compl\u00e9tez votre journ\u00e9e compl\u00e8te de loisirs en famille ou entre amis autour d'un bon repas.","robots":{"index":"index","follow":"follow","max-snippet":"max-snippet:-1","max-image-preview":"max-image-preview:large","max-video-preview":"max-video-preview:-1"},"canonical":"https:\/\/kartingvendrell.com\/fr\/espaces-restauration-et-bar\/","og_locale":"fr_FR","og_type":"article","og_title":"Espaces Restauration et Bar - Karting Vendrell","og_description":"Compl\u00e9tez votre journ\u00e9e compl\u00e8te de loisirs en famille ou entre amis autour d'un bon repas.","og_url":"https:\/\/kartingvendrell.com\/fr\/espaces-restauration-et-bar\/","og_site_name":"Karting Vendrell","article_publisher":"https:\/\/www.facebook.com\/karting.vendrell","article_modified_time":"2022-05-11T03:41:01+00:00","twitter_card":"summary_large_image","twitter_site":"@ClubVendrell","twitter_misc":{"Dur\u00e9e de lecture estim\u00e9e":"6 minutes"},"schema":{"@context":"https:\/\/schema.org","@graph":[{"@type":"WebPage","@id":"https:\/\/kartingvendrell.com\/fr\/espaces-restauration-et-bar\/","url":"https:\/\/kartingvendrell.com\/fr\/espaces-restauration-et-bar\/","name":"Espaces Restauration et Bar - Karting Vendrell","isPartOf":{"@id":"https:\/\/kartingvendrell.com\/#website"},"datePublished":"2022-05-11T03:39:11+00:00","dateModified":"2022-05-11T03:41:01+00:00","description":"Compl\u00e9tez votre journ\u00e9e compl\u00e8te de loisirs en famille ou entre amis autour d'un bon repas.","breadcrumb":{"@id":"https:\/\/kartingvendrell.com\/fr\/espaces-restauration-et-bar\/#breadcrumb"},"inLanguage":"fr-FR","potentialAction":[{"@type":"ReadAction","target":["https:\/\/kartingvendrell.com\/fr\/espaces-restauration-et-bar\/"]}]},{"@type":"BreadcrumbList","@id":"https:\/\/kartingvendrell.com\/fr\/espaces-restauration-et-bar\/#breadcrumb","itemListElement":[{"@type":"ListItem","position":1,"name":"Karting Vendrell","item":"https:\/\/kartingvendrell.com\/fr\/"},{"@type":"ListItem","position":2,"name":"Espaces Restauration et Bar"}]},{"@type":"WebSite","@id":"https:\/\/kartingvendrell.com\/#website","url":"https:\/\/kartingvendrell.com\/","name":"Karting Vendrell","description":"Circuito de Karts","publisher":{"@id":"https:\/\/kartingvendrell.com\/#organization"},"potentialAction":[{"@type":"SearchAction","target":{"@type":"EntryPoint","urlTemplate":"https:\/\/kartingvendrell.com\/?s={search_term_string}"},"query-input":{"@type":"PropertyValueSpecification","valueRequired":true,"valueName":"search_term_string"}}],"inLanguage":"fr-FR"},{"@type":"Organization","@id":"https:\/\/kartingvendrell.com\/#organization","name":"Karting Vendrell","url":"https:\/\/kartingvendrell.com\/","logo":{"@type":"ImageObject","inLanguage":"fr-FR","@id":"https:\/\/kartingvendrell.com\/#\/schema\/logo\/image\/","url":"https:\/\/kartingvendrell.com\/wp-content\/uploads\/2017\/12\/Karting-Vendrell.png","contentUrl":"https:\/\/kartingvendrell.com\/wp-content\/uploads\/2017\/12\/Karting-Vendrell.png","width":244,"height":100,"caption":"Karting Vendrell"},"image":{"@id":"https:\/\/kartingvendrell.com\/#\/schema\/logo\/image\/"},"sameAs":["https:\/\/www.facebook.com\/karting.vendrell","https:\/\/x.com\/ClubVendrell"]}]}},"_links":{"self":[{"href":"https:\/\/kartingvendrell.com\/fr\/wp-json\/wp\/v2\/pages\/16479","targetHints":{"allow":["GET"]}}],"collection":[{"href":"https:\/\/kartingvendrell.com\/fr\/wp-json\/wp\/v2\/pages"}],"about":[{"href":"https:\/\/kartingvendrell.com\/fr\/wp-json\/wp\/v2\/types\/page"}],"author":[{"embeddable":true,"href":"https:\/\/kartingvendrell.com\/fr\/wp-json\/wp\/v2\/users\/1"}],"replies":[{"embeddable":true,"href":"https:\/\/kartingvendrell.com\/fr\/wp-json\/wp\/v2\/comments?post=16479"}],"version-history":[{"count":4,"href":"https:\/\/kartingvendrell.com\/fr\/wp-json\/wp\/v2\/pages\/16479\/revisions"}],"predecessor-version":[{"id":16485,"href":"https:\/\/kartingvendrell.com\/fr\/wp-json\/wp\/v2\/pages\/16479\/revisions\/16485"}],"up":[{"embeddable":true,"href":"https:\/\/kartingvendrell.com\/fr\/wp-json\/wp\/v2\/pages\/16678"}],"wp:attachment":[{"href":"https:\/\/kartingvendrell.com\/fr\/wp-json\/wp\/v2\/media?parent=16479"}],"curies":[{"name":"wp","href":"https:\/\/api.w.org\/{rel}","templated":true}]}}