{"id":16164,"date":"2022-05-09T22:10:10","date_gmt":"2022-05-09T22:10:10","guid":{"rendered":"https:\/\/kartingvendrell.com\/fetes-danniversaire\/"},"modified":"2022-05-09T22:13:19","modified_gmt":"2022-05-09T22:13:19","slug":"fetes-danniversaire","status":"publish","type":"page","link":"https:\/\/kartingvendrell.com\/fr\/fetes-danniversaire\/","title":{"rendered":"F\u00eates d&rsquo;anniversaire"},"content":{"rendered":"<section  class='av_textblock_section av-1qlabvu-c89af2b1191c4d57c77d00630fbd69fd '  ><div class='avia_textblock' ><h1 style=\"text-align: center;\">Venez f\u00eater vos anniversaires avec nous !!<\/h1>\n<p style=\"text-align: center;\">Pour les moins de 15 ans!<\/p>\n<p>Le Karting Club Vendrell vous offre la possibilit\u00e9 de c\u00e9l\u00e9brer les anniversaires de votre enfant dans ses installations et de profiter de toute l&rsquo;adr\u00e9naline des Karts en m\u00eame temps. Organisez une journ\u00e9e inoubliable !<\/p>\n<\/div><\/section>\n<section  class='av_textblock_section av-wt8kvu-6e13002b6c28d2a67d6926e43badf11b '  ><div class='avia_textblock' ><h2 style=\"text-align: center;\">Du Lundi au Dimanche<\/h2>\n<\/div><\/section>\n<div  class='avia-table av-v565nu-2ed46c98c9b164775fbe4240043a1c70 main_color avia-pricing-table-container avia_pricing_default  avia-builder-el-2  el_after_av_textblock  el_before_av_one_full  avia-table-1' ><div class=\"pricing-table-wrap\"><ul class='pricing-table '><li class='avia-heading-row'><div class='first-table-item'>Type de kart<\/div><span class='pricing-extra'><\/span><\/li><li class=''>Jeunes (10 \u00e0 14 ans)<\/li><li class=''>Enfant (6 \u00e0 9 ans)<\/li><li class=''>Biplace (jusqu&rsquo;\u00e0 5 ans + 1 adulte)<\/li><\/ul><\/div><div class=\"pricing-table-wrap\"><ul class='pricing-table '><li class='avia-heading-row'><div class='first-table-item'>Karting et collation<\/div><span class='pricing-extra'><\/span><\/li><li class=''>30 \u20ac par enfant<\/li><li class=''>30 \u20ac par enfant<\/li><li class=''>30 \u20ac par enfant<\/li><\/ul><\/div><div class=\"pricing-table-wrap\"><ul class='pricing-table '><li class='avia-heading-row'><div class='first-table-item'>Karting, Laser-Tag et go\u00fbter<\/div><span class='pricing-extra'><\/span><\/li><li class=''>35 \u20ac par enfant<\/li><li class=''>35 \u20ac par enfant<\/li><li class=''>&#8212;-<\/li><\/ul><\/div><\/div>\n\n<style type=\"text\/css\" data-created_by=\"avia_inline_auto\" id=\"style-css-av-5swpzu-eec31da0716c56d89158f2ecac50bff5\">\n.flex_column.av-5swpzu-eec31da0716c56d89158f2ecac50bff5{\nborder-radius:0px 0px 0px 0px;\npadding:0px 0px 0px 0px;\n}\n<\/style>\n<div  class='flex_column av-5swpzu-eec31da0716c56d89158f2ecac50bff5 av_one_full  avia-builder-el-3  el_after_av_table  el_before_av_one_half  first flex_column_div av-zero-column-padding  '     ><section  class='av_textblock_section av-2grg4a-425a57162e511da7a3fc396300ad62cd '  ><div class='avia_textblock' ><p style=\"text-align: center;\">Si l&rsquo;un des enfants a plus de 14 ans, demandez \u00e0 la r\u00e9ception le montant exact.<\/p>\n<\/div><\/section><\/div>\n\n<style type=\"text\/css\" data-created_by=\"avia_inline_auto\" id=\"style-css-av-46vlnu-0f8b28803560287b98ee72d80937b910\">\n.flex_column.av-46vlnu-0f8b28803560287b98ee72d80937b910{\nborder-radius:0px 0px 0px 0px;\npadding:0px 0px 0px 0px;\n}\n<\/style>\n<div  class='flex_column av-46vlnu-0f8b28803560287b98ee72d80937b910 av_one_half  avia-builder-el-5  el_after_av_one_full  el_before_av_one_half  first flex_column_div av-zero-column-padding  column-top-margin'     ><section  class='av_textblock_section av-2grg4a-425a57162e511da7a3fc396300ad62cd '  ><div class='avia_textblock' ><h3>L&rsquo;option karting et collation comprend :<\/h3>\n<ul>\n<li>2 s\u00e9ances de 10 minutes par enfant dans le circuit junior<\/li>\n<li>Pr\u00e9paration et d\u00e9coration de la salle<\/li>\n<li>Snack avec hamburger ou hot dog, frites et boisson gazeuse<\/li>\n<\/ul>\n<\/div><\/section><\/div>\n\n<style type=\"text\/css\" data-created_by=\"avia_inline_auto\" id=\"style-css-av-1zmdm2-43021def5007028bdc750ac8079ab5d8\">\n.flex_column.av-1zmdm2-43021def5007028bdc750ac8079ab5d8{\nborder-radius:0px 0px 0px 0px;\npadding:0px 0px 0px 0px;\n}\n<\/style>\n<div  class='flex_column av-1zmdm2-43021def5007028bdc750ac8079ab5d8 av_one_half  avia-builder-el-7  el_after_av_one_half  el_before_av_textblock  flex_column_div av-zero-column-padding  column-top-margin'     ><section  class='av_textblock_section av-2grg4a-425a57162e511da7a3fc396300ad62cd '  ><div class='avia_textblock' ><h3>L&rsquo;option karting, laser-tag et collation comprend :<\/h3>\n<ul>\n<li>1 manche de 10 minutes par enfant dans le circuit junior<\/li>\n<li>1 heure de paintball-Laser Tag avec tirs illimit\u00e9s<\/li>\n<li>Pr\u00e9paration et d\u00e9coration de la salle<\/li>\n<li>Snack avec hamburger ou hot dog, frites et boisson gazeuse<\/li>\n<\/ul>\n<\/div><\/section><\/div>\n<section  class='av_textblock_section av-2grg4a-7e45a585e8583f9cd9b53af0e50cdb76 '  ><div class='avia_textblock' ><\/div><\/section>\n","protected":false},"excerpt":{"rendered":"","protected":false},"author":1,"featured_media":30538,"parent":0,"menu_order":6,"comment_status":"closed","ping_status":"closed","template":"","meta":{"_joinchat":[],"footnotes":""},"class_list":["post-16164","page","type-page","status-publish","has-post-thumbnail","hentry"],"yoast_head":"<!-- This site is optimized with the Yoast SEO plugin v26.0 - https:\/\/yoast.com\/wordpress\/plugins\/seo\/ -->\n<title>Anniversaires au Karting Vendrell | meilleure f\u00eate d&#039;anniversaire<\/title>\n<meta name=\"description\" content=\"Karting Club Vendrell vous offre la possibilit\u00e9 de c\u00e9l\u00e9brer les f\u00eates d&#039;anniversaire de votre enfant et de profiter de la mont\u00e9e d&#039;adr\u00e9naline du Karting en m\u00eame temps.\" \/>\n<meta name=\"robots\" content=\"index, follow, max-snippet:-1, max-image-preview:large, max-video-preview:-1\" \/>\n<link rel=\"canonical\" href=\"https:\/\/kartingvendrell.com\/fr\/fetes-danniversaire\/\" \/>\n<meta property=\"og:locale\" content=\"fr_FR\" \/>\n<meta property=\"og:type\" content=\"article\" \/>\n<meta property=\"og:title\" content=\"Anniversaires au Karting Vendrell | meilleure f\u00eate d&#039;anniversaire\" \/>\n<meta property=\"og:description\" content=\"Le Karting Club Vendrell vous offre la possibilit\u00e9 de f\u00eater l&#039;anniversaire de votre enfant et de profiter en m\u00eame temps de la mont\u00e9e d&#039;adr\u00e9naline du Karting.\" \/>\n<meta property=\"og:url\" content=\"https:\/\/kartingvendrell.com\/fr\/fetes-danniversaire\/\" \/>\n<meta property=\"og:site_name\" content=\"Karting Vendrell\" \/>\n<meta property=\"article:publisher\" content=\"https:\/\/www.facebook.com\/karting.vendrell\" \/>\n<meta property=\"article:modified_time\" content=\"2022-05-09T22:13:19+00:00\" \/>\n<meta name=\"twitter:card\" content=\"summary_large_image\" \/>\n<meta name=\"twitter:title\" content=\"Anniversaires au Karting Vendrell | meilleure f\u00eate d&#039;anniversaire\" \/>\n<meta name=\"twitter:description\" content=\"Le Karting Club Vendrell vous offre la possibilit\u00e9 de f\u00eater l&#039;anniversaire de votre enfant et de profiter en m\u00eame temps de la mont\u00e9e d&#039;adr\u00e9naline du Karting.\" \/>\n<meta name=\"twitter:site\" content=\"@ClubVendrell\" \/>\n<meta name=\"twitter:label1\" content=\"Dur\u00e9e de lecture estim\u00e9e\" \/>\n\t<meta name=\"twitter:data1\" content=\"4 minutes\" \/>\n<script type=\"application\/ld+json\" class=\"yoast-schema-graph\">{\"@context\":\"https:\/\/schema.org\",\"@graph\":[{\"@type\":\"WebPage\",\"@id\":\"https:\/\/kartingvendrell.com\/fr\/fetes-danniversaire\/\",\"url\":\"https:\/\/kartingvendrell.com\/fr\/fetes-danniversaire\/\",\"name\":\"Anniversaires au Karting Vendrell | meilleure f\u00eate d'anniversaire\",\"isPartOf\":{\"@id\":\"https:\/\/kartingvendrell.com\/#website\"},\"primaryImageOfPage\":{\"@id\":\"https:\/\/kartingvendrell.com\/fr\/fetes-danniversaire\/#primaryimage\"},\"image\":{\"@id\":\"https:\/\/kartingvendrell.com\/fr\/fetes-danniversaire\/#primaryimage\"},\"thumbnailUrl\":\"https:\/\/kartingvendrell.com\/wp-content\/uploads\/2024\/05\/errores-conduccion-kart.jpg\",\"datePublished\":\"2022-05-09T22:10:10+00:00\",\"dateModified\":\"2022-05-09T22:13:19+00:00\",\"description\":\"Karting Club Vendrell vous offre la possibilit\u00e9 de c\u00e9l\u00e9brer les f\u00eates d'anniversaire de votre enfant et de profiter de la mont\u00e9e d'adr\u00e9naline du Karting en m\u00eame temps.\",\"breadcrumb\":{\"@id\":\"https:\/\/kartingvendrell.com\/fr\/fetes-danniversaire\/#breadcrumb\"},\"inLanguage\":\"fr-FR\",\"potentialAction\":[{\"@type\":\"ReadAction\",\"target\":[\"https:\/\/kartingvendrell.com\/fr\/fetes-danniversaire\/\"]}]},{\"@type\":\"ImageObject\",\"inLanguage\":\"fr-FR\",\"@id\":\"https:\/\/kartingvendrell.com\/fr\/fetes-danniversaire\/#primaryimage\",\"url\":\"https:\/\/kartingvendrell.com\/wp-content\/uploads\/2024\/05\/errores-conduccion-kart.jpg\",\"contentUrl\":\"https:\/\/kartingvendrell.com\/wp-content\/uploads\/2024\/05\/errores-conduccion-kart.jpg\",\"width\":1000,\"height\":642,\"caption\":\"How to drive a kart\"},{\"@type\":\"BreadcrumbList\",\"@id\":\"https:\/\/kartingvendrell.com\/fr\/fetes-danniversaire\/#breadcrumb\",\"itemListElement\":[{\"@type\":\"ListItem\",\"position\":1,\"name\":\"Karting Vendrell\",\"item\":\"https:\/\/kartingvendrell.com\/fr\/\"},{\"@type\":\"ListItem\",\"position\":2,\"name\":\"F\u00eates d&#8217;anniversaire\"}]},{\"@type\":\"WebSite\",\"@id\":\"https:\/\/kartingvendrell.com\/#website\",\"url\":\"https:\/\/kartingvendrell.com\/\",\"name\":\"Karting Vendrell\",\"description\":\"Circuito de Karts\",\"publisher\":{\"@id\":\"https:\/\/kartingvendrell.com\/#organization\"},\"potentialAction\":[{\"@type\":\"SearchAction\",\"target\":{\"@type\":\"EntryPoint\",\"urlTemplate\":\"https:\/\/kartingvendrell.com\/?s={search_term_string}\"},\"query-input\":{\"@type\":\"PropertyValueSpecification\",\"valueRequired\":true,\"valueName\":\"search_term_string\"}}],\"inLanguage\":\"fr-FR\"},{\"@type\":\"Organization\",\"@id\":\"https:\/\/kartingvendrell.com\/#organization\",\"name\":\"Karting Vendrell\",\"url\":\"https:\/\/kartingvendrell.com\/\",\"logo\":{\"@type\":\"ImageObject\",\"inLanguage\":\"fr-FR\",\"@id\":\"https:\/\/kartingvendrell.com\/#\/schema\/logo\/image\/\",\"url\":\"https:\/\/kartingvendrell.com\/wp-content\/uploads\/2017\/12\/Karting-Vendrell.png\",\"contentUrl\":\"https:\/\/kartingvendrell.com\/wp-content\/uploads\/2017\/12\/Karting-Vendrell.png\",\"width\":244,\"height\":100,\"caption\":\"Karting Vendrell\"},\"image\":{\"@id\":\"https:\/\/kartingvendrell.com\/#\/schema\/logo\/image\/\"},\"sameAs\":[\"https:\/\/www.facebook.com\/karting.vendrell\",\"https:\/\/x.com\/ClubVendrell\"]}]}<\/script>\n<!-- \/ Yoast SEO plugin. -->","yoast_head_json":{"title":"Anniversaires au Karting Vendrell | meilleure f\u00eate d'anniversaire","description":"Karting Club Vendrell vous offre la possibilit\u00e9 de c\u00e9l\u00e9brer les f\u00eates d'anniversaire de votre enfant et de profiter de la mont\u00e9e d'adr\u00e9naline du Karting en m\u00eame temps.","robots":{"index":"index","follow":"follow","max-snippet":"max-snippet:-1","max-image-preview":"max-image-preview:large","max-video-preview":"max-video-preview:-1"},"canonical":"https:\/\/kartingvendrell.com\/fr\/fetes-danniversaire\/","og_locale":"fr_FR","og_type":"article","og_title":"Anniversaires au Karting Vendrell | meilleure f\u00eate d'anniversaire","og_description":"Le Karting Club Vendrell vous offre la possibilit\u00e9 de f\u00eater l'anniversaire de votre enfant et de profiter en m\u00eame temps de la mont\u00e9e d'adr\u00e9naline du Karting.","og_url":"https:\/\/kartingvendrell.com\/fr\/fetes-danniversaire\/","og_site_name":"Karting Vendrell","article_publisher":"https:\/\/www.facebook.com\/karting.vendrell","article_modified_time":"2022-05-09T22:13:19+00:00","twitter_card":"summary_large_image","twitter_title":"Anniversaires au Karting Vendrell | meilleure f\u00eate d'anniversaire","twitter_description":"Le Karting Club Vendrell vous offre la possibilit\u00e9 de f\u00eater l'anniversaire de votre enfant et de profiter en m\u00eame temps de la mont\u00e9e d'adr\u00e9naline du Karting.","twitter_site":"@ClubVendrell","twitter_misc":{"Dur\u00e9e de lecture estim\u00e9e":"4 minutes"},"schema":{"@context":"https:\/\/schema.org","@graph":[{"@type":"WebPage","@id":"https:\/\/kartingvendrell.com\/fr\/fetes-danniversaire\/","url":"https:\/\/kartingvendrell.com\/fr\/fetes-danniversaire\/","name":"Anniversaires au Karting Vendrell | meilleure f\u00eate d'anniversaire","isPartOf":{"@id":"https:\/\/kartingvendrell.com\/#website"},"primaryImageOfPage":{"@id":"https:\/\/kartingvendrell.com\/fr\/fetes-danniversaire\/#primaryimage"},"image":{"@id":"https:\/\/kartingvendrell.com\/fr\/fetes-danniversaire\/#primaryimage"},"thumbnailUrl":"https:\/\/kartingvendrell.com\/wp-content\/uploads\/2024\/05\/errores-conduccion-kart.jpg","datePublished":"2022-05-09T22:10:10+00:00","dateModified":"2022-05-09T22:13:19+00:00","description":"Karting Club Vendrell vous offre la possibilit\u00e9 de c\u00e9l\u00e9brer les f\u00eates d'anniversaire de votre enfant et de profiter de la mont\u00e9e d'adr\u00e9naline du Karting en m\u00eame temps.","breadcrumb":{"@id":"https:\/\/kartingvendrell.com\/fr\/fetes-danniversaire\/#breadcrumb"},"inLanguage":"fr-FR","potentialAction":[{"@type":"ReadAction","target":["https:\/\/kartingvendrell.com\/fr\/fetes-danniversaire\/"]}]},{"@type":"ImageObject","inLanguage":"fr-FR","@id":"https:\/\/kartingvendrell.com\/fr\/fetes-danniversaire\/#primaryimage","url":"https:\/\/kartingvendrell.com\/wp-content\/uploads\/2024\/05\/errores-conduccion-kart.jpg","contentUrl":"https:\/\/kartingvendrell.com\/wp-content\/uploads\/2024\/05\/errores-conduccion-kart.jpg","width":1000,"height":642,"caption":"How to drive a kart"},{"@type":"BreadcrumbList","@id":"https:\/\/kartingvendrell.com\/fr\/fetes-danniversaire\/#breadcrumb","itemListElement":[{"@type":"ListItem","position":1,"name":"Karting Vendrell","item":"https:\/\/kartingvendrell.com\/fr\/"},{"@type":"ListItem","position":2,"name":"F\u00eates d&#8217;anniversaire"}]},{"@type":"WebSite","@id":"https:\/\/kartingvendrell.com\/#website","url":"https:\/\/kartingvendrell.com\/","name":"Karting Vendrell","description":"Circuito de Karts","publisher":{"@id":"https:\/\/kartingvendrell.com\/#organization"},"potentialAction":[{"@type":"SearchAction","target":{"@type":"EntryPoint","urlTemplate":"https:\/\/kartingvendrell.com\/?s={search_term_string}"},"query-input":{"@type":"PropertyValueSpecification","valueRequired":true,"valueName":"search_term_string"}}],"inLanguage":"fr-FR"},{"@type":"Organization","@id":"https:\/\/kartingvendrell.com\/#organization","name":"Karting Vendrell","url":"https:\/\/kartingvendrell.com\/","logo":{"@type":"ImageObject","inLanguage":"fr-FR","@id":"https:\/\/kartingvendrell.com\/#\/schema\/logo\/image\/","url":"https:\/\/kartingvendrell.com\/wp-content\/uploads\/2017\/12\/Karting-Vendrell.png","contentUrl":"https:\/\/kartingvendrell.com\/wp-content\/uploads\/2017\/12\/Karting-Vendrell.png","width":244,"height":100,"caption":"Karting Vendrell"},"image":{"@id":"https:\/\/kartingvendrell.com\/#\/schema\/logo\/image\/"},"sameAs":["https:\/\/www.facebook.com\/karting.vendrell","https:\/\/x.com\/ClubVendrell"]}]}},"_links":{"self":[{"href":"https:\/\/kartingvendrell.com\/fr\/wp-json\/wp\/v2\/pages\/16164","targetHints":{"allow":["GET"]}}],"collection":[{"href":"https:\/\/kartingvendrell.com\/fr\/wp-json\/wp\/v2\/pages"}],"about":[{"href":"https:\/\/kartingvendrell.com\/fr\/wp-json\/wp\/v2\/types\/page"}],"author":[{"embeddable":true,"href":"https:\/\/kartingvendrell.com\/fr\/wp-json\/wp\/v2\/users\/1"}],"replies":[{"embeddable":true,"href":"https:\/\/kartingvendrell.com\/fr\/wp-json\/wp\/v2\/comments?post=16164"}],"version-history":[{"count":3,"href":"https:\/\/kartingvendrell.com\/fr\/wp-json\/wp\/v2\/pages\/16164\/revisions"}],"predecessor-version":[{"id":16170,"href":"https:\/\/kartingvendrell.com\/fr\/wp-json\/wp\/v2\/pages\/16164\/revisions\/16170"}],"wp:featuredmedia":[{"embeddable":true,"href":"https:\/\/kartingvendrell.com\/fr\/wp-json\/wp\/v2\/media\/30538"}],"wp:attachment":[{"href":"https:\/\/kartingvendrell.com\/fr\/wp-json\/wp\/v2\/media?parent=16164"}],"curies":[{"name":"wp","href":"https:\/\/api.w.org\/{rel}","templated":true}]}}