{"id":16086,"date":"2022-05-09T16:55:55","date_gmt":"2022-05-09T16:55:55","guid":{"rendered":"https:\/\/kartingvendrell.com\/contact\/"},"modified":"2025-09-03T14:57:32","modified_gmt":"2025-09-03T14:57:32","slug":"contact","status":"publish","type":"page","link":"https:\/\/kartingvendrell.com\/fr\/contact\/","title":{"rendered":"Contact"},"content":{"rendered":"<div id='av_section_1'  class='avia-section av-51jmps-64da2f9b3518da0941c582e8eb1d21e5 main_color avia-section-default avia-shadow  avia-builder-el-0  el_before_av_layout_row  avia-builder-el-first  avia-bg-style-scroll av-minimum-height av-minimum-height-25 av-height-25  container_wrap sidebar_right'   data-av_minimum_height_pc='25' data-av_min_height_opt='25'><div class='container av-section-cont-open' ><main  class='template-page content  av-content-small alpha units'><div class='post-entry post-entry-type-page post-entry-16086'><div class='entry-content-wrapper clearfix'>\n\n<style type=\"text\/css\" data-created_by=\"avia_inline_auto\" id=\"style-css-av-jj62mnwt-f6d700f89f9d7164a0783093788de159\">\n#top .av-special-heading.av-jj62mnwt-f6d700f89f9d7164a0783093788de159{\npadding-bottom:10px;\nfont-size:60px;\n}\nbody .av-special-heading.av-jj62mnwt-f6d700f89f9d7164a0783093788de159 .av-special-heading-tag .heading-char{\nfont-size:25px;\n}\n#top #wrap_all .av-special-heading.av-jj62mnwt-f6d700f89f9d7164a0783093788de159 .av-special-heading-tag{\nfont-size:60px;\n}\n.av-special-heading.av-jj62mnwt-f6d700f89f9d7164a0783093788de159 .av-subheading{\nfont-size:15px;\n}\n\n@media only screen and (min-width: 480px) and (max-width: 767px){ \n#top #wrap_all .av-special-heading.av-jj62mnwt-f6d700f89f9d7164a0783093788de159 .av-special-heading-tag{\nfont-size:0.8em;\n}\n}\n\n@media only screen and (max-width: 479px){ \n#top #wrap_all .av-special-heading.av-jj62mnwt-f6d700f89f9d7164a0783093788de159 .av-special-heading-tag{\nfont-size:0.8em;\n}\n}\n<\/style>\n<div  class='av-special-heading av-jj62mnwt-f6d700f89f9d7164a0783093788de159 av-special-heading-h1 blockquote modern-quote  avia-builder-el-1  el_before_av_one_half  avia-builder-el-first  av-inherit-size'><h1 class='av-special-heading-tag '  >Contacter Karting Vendrell<b>.<\/b><\/h1><div class=\"special-heading-border\"><div class=\"special-heading-inner-border\"><\/div><\/div><\/div>\n\n<style type=\"text\/css\" data-created_by=\"avia_inline_auto\" id=\"style-css-av-4nooiw-951b7d9a7d1f148cdca08d5316339b3e\">\n.flex_column.av-4nooiw-951b7d9a7d1f148cdca08d5316339b3e{\nborder-radius:0px 0px 0px 0px;\npadding:0px 0px 0px 0px;\n}\n<\/style>\n<div  class='flex_column av-4nooiw-951b7d9a7d1f148cdca08d5316339b3e av_one_half  avia-builder-el-2  el_after_av_heading  el_before_av_one_half  first flex_column_div av-zero-column-padding  '     ><section  class='av_textblock_section av-g9mvc-885d9d6693d21d200407b0401f2e5e6d '  ><div class='avia_textblock' ><p>Remplissez et envoyez le formulaire suivant et l&rsquo;\u00e9quipe de Karting Vendrell vous contactera dans les plus brefs d\u00e9lais. Nous serons heureux de vous aider \u00e0 organiser votre activit\u00e9 dans nos installations.<\/p>\n<\/div><\/section><\/div>\n<style type=\"text\/css\" data-created_by=\"avia_inline_auto\" id=\"style-css-av-4e5q2o-3aabda11b32df4973c3a909a9e06e642\">\n.flex_column.av-4e5q2o-3aabda11b32df4973c3a909a9e06e642{\nborder-radius:0px 0px 0px 0px;\npadding:0px 0px 0px 0px;\n}\n<\/style>\n<div  class='flex_column av-4e5q2o-3aabda11b32df4973c3a909a9e06e642 av_one_half  avia-builder-el-4  el_after_av_one_half  avia-builder-el-last  flex_column_div av-zero-column-padding  '     ><section  class='av_textblock_section av-4682w8-8f45b09e602357276e25824645a1fd5a '  ><div class='avia_textblock' ><p>Renseignez-vous sur nos r\u00e9ductions sur les r\u00e9servations en ligne, utilisez le planificateur ou si vous pr\u00e9f\u00e9rez, venez nous rendre visite, appelez-nous au 977663776 ou demandez-nous en remplissant le formulaire de contact.<\/p>\n<\/div><\/section><\/div>\n\n<\/div><\/div><\/main><!-- close content main element --><\/div><\/div><div id='av-layout-grid-1'  class='av-layout-grid-container av-437mko-95e3d7964d6e05425a186daccd2a50f0 entry-content-wrapper main_color av-flex-cells  avia-builder-el-6  el_after_av_section  el_before_av_section  grid-row-not-first  container_wrap sidebar_right'  >\n\n<style type=\"text\/css\" data-created_by=\"avia_inline_auto\" id=\"style-css-av-3vyw00-5e456d957a9a40a6f3aaa263399f47f9\">\n.flex_cell.av-3vyw00-5e456d957a9a40a6f3aaa263399f47f9{\nvertical-align:top;\nbackground:url(https:\/\/kartingvendrell.com\/wp-content\/uploads\/2017\/12\/karting-en-catalunya.jpg) 50% 50% no-repeat scroll #000000;\n}\n.responsive #top #wrap_all .flex_cell.av-3vyw00-5e456d957a9a40a6f3aaa263399f47f9{\npadding:24px 24px 24px 24px !important;\n}\n<\/style>\n<div class='flex_cell av-3vyw00-5e456d957a9a40a6f3aaa263399f47f9 av-gridrow-cell av_one_full no_margin  avia-builder-el-7  avia-builder-el-no-sibling '  ><div class='flex_cell_inner'><\/div><\/div>\n<\/div>\n\n<style type=\"text\/css\" data-created_by=\"avia_inline_auto\" id=\"style-css-av-3rbcd4-fba8a1cb667ca10d96a7f1f1622d9d0b\">\n.avia-section.av-3rbcd4-fba8a1cb667ca10d96a7f1f1622d9d0b{\nbackground-repeat:repeat;\nbackground-image:url(https:\/\/kartingvendrell.com\/wp-content\/uploads\/2017\/12\/Mapa-Web-Karting-Vendrell.jpg);\nbackground-position:0% 0%;\nbackground-attachment:scroll;\n}\n<\/style>\n<div id='av_section_2'  class='avia-section av-3rbcd4-fba8a1cb667ca10d96a7f1f1622d9d0b footer_color avia-section-default avia-no-border-styling  avia-builder-el-8  el_after_av_layout_row  el_before_av_layout_row  avia-bg-style-scroll container_wrap sidebar_right'  data-section-bg-repeat='repeat'><div class='container av-section-cont-open' ><div class='template-page content  av-content-small alpha units'><div class='post-entry post-entry-type-page post-entry-16086'><div class='entry-content-wrapper clearfix'>\n\n<style type=\"text\/css\" data-created_by=\"avia_inline_auto\" id=\"style-css-av-3m9bw8-7c413088f609d703463f3bf80e85bf79\">\n.flex_column.av-3m9bw8-7c413088f609d703463f3bf80e85bf79{\nborder-radius:0px 0px 0px 0px;\npadding:0px 0px 0px 0px;\n}\n<\/style>\n<div  class='flex_column av-3m9bw8-7c413088f609d703463f3bf80e85bf79 av_one_half  avia-builder-el-9  el_before_av_one_half  avia-builder-el-first  first flex_column_div av-zero-column-padding  '     ><p>\n<style type=\"text\/css\" data-created_by=\"avia_inline_auto\" id=\"style-css-av-qoj0g-09e0eaf0efb3ee3e76a6b396bb209552\">\n#top .av-special-heading.av-qoj0g-09e0eaf0efb3ee3e76a6b396bb209552{\npadding-bottom:10px;\ncolor:#ffffff;\nfont-size:40px;\n}\nbody .av-special-heading.av-qoj0g-09e0eaf0efb3ee3e76a6b396bb209552 .av-special-heading-tag .heading-char{\nfont-size:25px;\n}\n#top #wrap_all .av-special-heading.av-qoj0g-09e0eaf0efb3ee3e76a6b396bb209552 .av-special-heading-tag{\nfont-size:40px;\n}\n.av-special-heading.av-qoj0g-09e0eaf0efb3ee3e76a6b396bb209552 .special-heading-inner-border{\nborder-color:#ffffff;\n}\n.av-special-heading.av-qoj0g-09e0eaf0efb3ee3e76a6b396bb209552 .av-subheading{\nfont-size:15px;\n}\n\n@media only screen and (min-width: 480px) and (max-width: 767px){ \n#top #wrap_all .av-special-heading.av-qoj0g-09e0eaf0efb3ee3e76a6b396bb209552 .av-special-heading-tag{\nfont-size:0.8em;\n}\n}\n\n@media only screen and (max-width: 479px){ \n#top #wrap_all .av-special-heading.av-qoj0g-09e0eaf0efb3ee3e76a6b396bb209552 .av-special-heading-tag{\nfont-size:0.8em;\n}\n}\n<\/style>\n<div  class='av-special-heading av-qoj0g-09e0eaf0efb3ee3e76a6b396bb209552 av-special-heading-h2 custom-color-heading blockquote modern-quote  avia-builder-el-10  el_before_av_textblock  avia-builder-el-first  av-inherit-size'><h2 class='av-special-heading-tag '  >Contacter Karting<b>.<\/b><\/h2><div class=\"special-heading-border\"><div class=\"special-heading-inner-border\"><\/div><\/div><\/div><br \/>\n<section  class='av_textblock_section av-35tf94-9362bb10100a4cafa9c87f611d188658 '  ><div class='avia_textblock' >\n<div class=\"wpcf7 no-js\" id=\"wpcf7-f17074-o1\" lang=\"es-ES\" dir=\"ltr\" data-wpcf7-id=\"17074\">\n<div class=\"screen-reader-response\"><p role=\"status\" aria-live=\"polite\" aria-atomic=\"true\"><\/p> <ul><\/ul><\/div>\n<form action=\"\/fr\/wp-json\/wp\/v2\/pages\/16086#wpcf7-f17074-o1\" method=\"post\" class=\"wpcf7-form init\" aria-label=\"Formulario de contacto\" novalidate=\"novalidate\" data-status=\"init\">\n<fieldset class=\"hidden-fields-container\"><input type=\"hidden\" name=\"_wpcf7\" value=\"17074\" \/><input type=\"hidden\" name=\"_wpcf7_version\" value=\"6.1.5\" \/><input type=\"hidden\" name=\"_wpcf7_locale\" value=\"es_ES\" \/><input type=\"hidden\" name=\"_wpcf7_unit_tag\" value=\"wpcf7-f17074-o1\" \/><input type=\"hidden\" name=\"_wpcf7_container_post\" value=\"0\" \/><input type=\"hidden\" name=\"_wpcf7_posted_data_hash\" value=\"\" \/><input type=\"hidden\" name=\"_wpcf7_recaptcha_response\" value=\"\" \/>\n<\/fieldset>\n<p><label> Nom (obligatoire)<br \/>\n<span class=\"wpcf7-form-control-wrap\" data-name=\"your-name\"><input size=\"40\" maxlength=\"400\" class=\"wpcf7-form-control wpcf7-text wpcf7-validates-as-required\" aria-required=\"true\" aria-invalid=\"false\" value=\"\" type=\"text\" name=\"your-name\" \/><\/span> <\/label>\n<\/p>\n<p><label> Ton adresse mail (obligatoire)<br \/>\n<span class=\"wpcf7-form-control-wrap\" data-name=\"your-email\"><input size=\"40\" maxlength=\"400\" class=\"wpcf7-form-control wpcf7-email wpcf7-validates-as-required wpcf7-text wpcf7-validates-as-email\" aria-required=\"true\" aria-invalid=\"false\" value=\"\" type=\"email\" name=\"your-email\" \/><\/span> <\/label>\n<\/p>\n<p><label> Affaires<br \/>\n<span class=\"wpcf7-form-control-wrap\" data-name=\"your-subject\"><input size=\"40\" maxlength=\"400\" class=\"wpcf7-form-control wpcf7-text\" aria-invalid=\"false\" value=\"\" type=\"text\" name=\"your-subject\" \/><\/span> <\/label>\n<\/p>\n<p><label> Message<br \/>\n<span class=\"wpcf7-form-control-wrap\" data-name=\"your-message\"><textarea cols=\"40\" rows=\"10\" maxlength=\"2000\" class=\"wpcf7-form-control wpcf7-textarea\" aria-invalid=\"false\" name=\"your-message\"><\/textarea><\/span> <\/label>\n<\/p>\n<p>J'ai lu et j'accepte la <a href=\"https:\/\/kartingvendrell.com\/fr\/politique-de-confidentialite\/\" target=\"_blank\">politique de confidentialit\u00e9<\/a> de kartingvendrell.com\n<\/p>\n\n\n<p><input class=\"wpcf7-form-control wpcf7-submit has-spinner\" type=\"submit\" value=\"Envoyer\" \/>\n<\/p><div class=\"wpcf7-response-output\" aria-hidden=\"true\"><\/div>\n<\/form>\n<\/div>\n\n<\/div><\/section><\/p><\/div>\n<style type=\"text\/css\" data-created_by=\"avia_inline_auto\" id=\"style-css-av-b2hzk-4e09262f5c0d994308c507d33f86b679\">\n.flex_column.av-b2hzk-4e09262f5c0d994308c507d33f86b679{\nborder-radius:0px 0px 0px 0px;\npadding:0px 0px 0px 0px;\n}\n<\/style>\n<div  class='flex_column av-b2hzk-4e09262f5c0d994308c507d33f86b679 av_one_half  avia-builder-el-12  el_after_av_one_half  avia-builder-el-last  flex_column_div av-zero-column-padding  '     ><p>\n<style type=\"text\/css\" data-created_by=\"avia_inline_auto\" id=\"style-css-av-jqs9s-1cd4e5336e89e5d9616a815857ba3df2\">\n#top .av-special-heading.av-jqs9s-1cd4e5336e89e5d9616a815857ba3df2{\npadding-bottom:10px;\ncolor:#ffffff;\nfont-size:40px;\n}\nbody .av-special-heading.av-jqs9s-1cd4e5336e89e5d9616a815857ba3df2 .av-special-heading-tag .heading-char{\nfont-size:25px;\n}\n#top #wrap_all .av-special-heading.av-jqs9s-1cd4e5336e89e5d9616a815857ba3df2 .av-special-heading-tag{\nfont-size:40px;\n}\n.av-special-heading.av-jqs9s-1cd4e5336e89e5d9616a815857ba3df2 .special-heading-inner-border{\nborder-color:#ffffff;\n}\n.av-special-heading.av-jqs9s-1cd4e5336e89e5d9616a815857ba3df2 .av-subheading{\nfont-size:15px;\n}\n\n@media only screen and (min-width: 480px) and (max-width: 767px){ \n#top #wrap_all .av-special-heading.av-jqs9s-1cd4e5336e89e5d9616a815857ba3df2 .av-special-heading-tag{\nfont-size:0.8em;\n}\n}\n\n@media only screen and (max-width: 479px){ \n#top #wrap_all .av-special-heading.av-jqs9s-1cd4e5336e89e5d9616a815857ba3df2 .av-special-heading-tag{\nfont-size:0.8em;\n}\n}\n<\/style>\n<div  class='av-special-heading av-jqs9s-1cd4e5336e89e5d9616a815857ba3df2 av-special-heading-h2 custom-color-heading blockquote modern-quote  avia-builder-el-13  el_before_av_textblock  avia-builder-el-first  av-inherit-size'><h2 class='av-special-heading-tag '  >Adresse et horaires<b>.<\/b><\/h2><div class=\"special-heading-border\"><div class=\"special-heading-inner-border\"><\/div><\/div><\/div><br \/>\n<section  class='av_textblock_section av-2pvne0-fd5679a0ebe28b3eab72d923bca82c01 '  ><div class='avia_textblock' ><p>Crtra. N-340 Km 1 189<br \/>\n43700 El Vendrell (Tarragone)<br \/>\nCoordonn\u00e9es N 41.19880,E 1.52816<br \/>\nT\u00e9l.977663776<br \/>\ninfo@kartingvendrell.com<\/p>\n<\/div><\/section><br \/>\n<div  class='avia-icon-list-container av-2kfgw0-da15ba76355703613096b35b34c6d582  avia-builder-el-15  el_after_av_textblock  avia-builder-el-last '><ul class='avia-icon-list avia_animate_when_almost_visible avia-icon-list-left av-iconlist-small av-2kfgw0-da15ba76355703613096b35b34c6d582 avia-iconlist-animate'>\n<li><div class='iconlist_icon av-gusg0-11319f4ea251c6e5b4b6d7d402a9a7c8 avia-font-entypo-fontello'><span class='iconlist-char' aria-hidden='true' data-av_icon='\ue862' data-av_iconfont='entypo-fontello'><\/span><\/div><article class=\"article-icon-entry \" ><div class=\"iconlist_content_wrap\"><header class=\"entry-content-header\" aria-label=\"Icon: Programme\"><div class='av_iconlist_title iconlist_title_small  ' >Programme<\/div><\/header><div class='iconlist_content ' ><p>Du lundi au vendredi<br \/>\n10h-14h<br \/>\n16h-20h<\/p>\n<p>Les samedis et dimanches<br \/>\n10h-21h<\/p>\n<\/div><\/div><footer class=\"entry-footer\"><\/footer><\/article><div class=\"iconlist-timeline\"><\/div><\/li>\n<\/ul><\/div><\/p><\/div><\/div><\/div><\/div><!-- close content main div --><\/div><\/div><div id='av-layout-grid-2'  class='av-layout-grid-container av-1nggmw-33c59a24349165cd063ec3bc3a84650b entry-content-wrapper main_color av-flex-cells  avia-builder-el-16  el_after_av_section  el_before_av_section  grid-row-not-first  container_wrap sidebar_right'  >\n\n<style type=\"text\/css\" data-created_by=\"avia_inline_auto\" id=\"style-css-av-4xr88-a69dba106e3f3318dd7dab967b955da5\">\n.flex_cell.av-4xr88-a69dba106e3f3318dd7dab967b955da5{\nvertical-align:top;\nbackground:url(https:\/\/kartingvendrell.com\/wp-content\/uploads\/2017\/12\/karting-en-catalunya.jpg) 50% 50% no-repeat scroll #000000;\n}\n.responsive #top #wrap_all .flex_cell.av-4xr88-a69dba106e3f3318dd7dab967b955da5{\npadding:24px 24px 24px 24px !important;\n}\n<\/style>\n<div class='flex_cell av-4xr88-a69dba106e3f3318dd7dab967b955da5 av-gridrow-cell av_one_full no_margin  avia-builder-el-17  avia-builder-el-no-sibling '  ><div class='flex_cell_inner'><\/div><\/div>\n<\/div><\/p>\n<div id='av_section_3'  class='avia-section av-17xev4-8625867090fe42676004aa49cba2aa53 main_color avia-section-default avia-shadow  avia-builder-el-18  el_after_av_layout_row  el_before_av_layout_row  avia-bg-style-scroll av-minimum-height av-minimum-height-25 av-height-25  container_wrap sidebar_right'   data-av_minimum_height_pc='25' data-av_min_height_opt='25'><div class='container av-section-cont-open' ><div class='template-page content  av-content-small alpha units'><div class='post-entry post-entry-type-page post-entry-16086'><div class='entry-content-wrapper clearfix'>\n\n<style type=\"text\/css\" data-created_by=\"avia_inline_auto\" id=\"style-css-av-116sao-708c893c017bed3be4a672675975bfe1\">\n.flex_column.av-116sao-708c893c017bed3be4a672675975bfe1{\nborder-radius:0px 0px 0px 0px;\npadding:0px 0px 0px 0px;\n}\n<\/style>\n<div  class='flex_column av-116sao-708c893c017bed3be4a672675975bfe1 av_one_half  avia-builder-el-19  el_before_av_one_half  avia-builder-el-first  first flex_column_div av-zero-column-padding  '     ><section  class='av_textblock_section av-vfl6w-04c68e91aad35e8f99bd1725ff6376da '  ><div class='avia_textblock' ><p>Nous sommes \u00e0 une minute de la sortie AP7 El Vendrell, \u00e0 cinq minutes de Coma-ruga et \u00e0 une minute d&rsquo;El Vendrell. Nous avons un parking gratuit et l&rsquo;entr\u00e9e est \u00e9galement gratuite.<\/p>\n<\/div><\/section><\/div>\n<style type=\"text\/css\" data-created_by=\"avia_inline_auto\" id=\"style-css-av-soacg-bc6f742ee6ab56a775b7b9a5f7175195\">\n.flex_column.av-soacg-bc6f742ee6ab56a775b7b9a5f7175195{\nborder-radius:0px 0px 0px 0px;\npadding:0px 0px 0px 0px;\n}\n<\/style>\n<div  class='flex_column av-soacg-bc6f742ee6ab56a775b7b9a5f7175195 av_one_half  avia-builder-el-21  el_after_av_one_half  avia-builder-el-last  flex_column_div av-zero-column-padding  '     ><section  class='av_textblock_section av-ip28w-f339a6c1eb5afc3a83b1258b6e4806c7 '  ><div class='avia_textblock' ><p>Si vous utilisez le GPS, vous souhaitez noter les coordonn\u00e9es de localisation des installations du Karting Vendrell : N 41.19880 E 1.52816.<\/p>\n<\/div><\/section><\/div>\n\n<\/div><\/div><\/div><!-- close content main div --><\/div><\/div><div id='av-layout-grid-3'  class='av-layout-grid-container av-gngk0-61be476f7a5009425b624ca3961b6d43 entry-content-wrapper main_color av-flex-cells  avia-builder-el-23  el_after_av_section  avia-builder-el-last  grid-row-not-first  container_wrap sidebar_right'  >\n<div class='flex_cell av-95w2w-34de2a91401c02769550fcaf89c7e4d9 av-gridrow-cell av_one_full no_margin  avia-builder-el-24  avia-builder-el-no-sibling '  ><div class='flex_cell_inner'>\n<\/div><\/div>\n<\/div>\n","protected":false},"excerpt":{"rendered":"","protected":false},"author":1,"featured_media":0,"parent":0,"menu_order":9,"comment_status":"closed","ping_status":"closed","template":"","meta":{"_joinchat":[],"footnotes":""},"class_list":["post-16086","page","type-page","status-publish","hentry"],"yoast_head":"<!-- This site is optimized with the Yoast SEO plugin v26.0 - https:\/\/yoast.com\/wordpress\/plugins\/seo\/ -->\n<title>Contacter le karting | Karting Vendrell \u00e0 Tarragone et Barcelone<\/title>\n<meta name=\"description\" content=\"Contactez Karting Vendrell pour r\u00e9server des karts, les champs de bataille de paintball, votre f\u00eate d&#039;anniversaire ou le restaurant.\" \/>\n<meta name=\"robots\" content=\"index, follow, max-snippet:-1, max-image-preview:large, max-video-preview:-1\" \/>\n<link rel=\"canonical\" href=\"https:\/\/kartingvendrell.com\/fr\/contact\/\" \/>\n<meta property=\"og:locale\" content=\"fr_FR\" \/>\n<meta property=\"og:type\" content=\"article\" \/>\n<meta property=\"og:title\" content=\"Contacter le karting | Karting Vendrell \u00e0 Tarragone et Barcelone\" \/>\n<meta property=\"og:description\" content=\"Contactez Karting Vendrell pour r\u00e9server des karts, les champs de bataille de paintball, votre f\u00eate d&#039;anniversaire ou le restaurant.\" \/>\n<meta property=\"og:url\" content=\"https:\/\/kartingvendrell.com\/fr\/contact\/\" \/>\n<meta property=\"og:site_name\" content=\"Karting Vendrell\" \/>\n<meta property=\"article:publisher\" content=\"https:\/\/www.facebook.com\/karting.vendrell\" \/>\n<meta property=\"article:modified_time\" content=\"2025-09-03T14:57:32+00:00\" \/>\n<meta name=\"twitter:card\" content=\"summary_large_image\" \/>\n<meta name=\"twitter:site\" content=\"@ClubVendrell\" \/>\n<meta name=\"twitter:label1\" content=\"Dur\u00e9e de lecture estim\u00e9e\" \/>\n\t<meta name=\"twitter:data1\" content=\"1 minute\" \/>\n<script type=\"application\/ld+json\" class=\"yoast-schema-graph\">{\"@context\":\"https:\/\/schema.org\",\"@graph\":[{\"@type\":\"WebPage\",\"@id\":\"https:\/\/kartingvendrell.com\/fr\/contact\/\",\"url\":\"https:\/\/kartingvendrell.com\/fr\/contact\/\",\"name\":\"Contacter le karting | Karting Vendrell \u00e0 Tarragone et Barcelone\",\"isPartOf\":{\"@id\":\"https:\/\/kartingvendrell.com\/#website\"},\"datePublished\":\"2022-05-09T16:55:55+00:00\",\"dateModified\":\"2025-09-03T14:57:32+00:00\",\"description\":\"Contactez Karting Vendrell pour r\u00e9server des karts, les champs de bataille de paintball, votre f\u00eate d'anniversaire ou le restaurant.\",\"breadcrumb\":{\"@id\":\"https:\/\/kartingvendrell.com\/fr\/contact\/#breadcrumb\"},\"inLanguage\":\"fr-FR\",\"potentialAction\":[{\"@type\":\"ReadAction\",\"target\":[\"https:\/\/kartingvendrell.com\/fr\/contact\/\"]}]},{\"@type\":\"BreadcrumbList\",\"@id\":\"https:\/\/kartingvendrell.com\/fr\/contact\/#breadcrumb\",\"itemListElement\":[{\"@type\":\"ListItem\",\"position\":1,\"name\":\"Karting Vendrell\",\"item\":\"https:\/\/kartingvendrell.com\/fr\/\"},{\"@type\":\"ListItem\",\"position\":2,\"name\":\"Contact\"}]},{\"@type\":\"WebSite\",\"@id\":\"https:\/\/kartingvendrell.com\/#website\",\"url\":\"https:\/\/kartingvendrell.com\/\",\"name\":\"Karting Vendrell\",\"description\":\"Circuito de Karts\",\"publisher\":{\"@id\":\"https:\/\/kartingvendrell.com\/#organization\"},\"potentialAction\":[{\"@type\":\"SearchAction\",\"target\":{\"@type\":\"EntryPoint\",\"urlTemplate\":\"https:\/\/kartingvendrell.com\/?s={search_term_string}\"},\"query-input\":{\"@type\":\"PropertyValueSpecification\",\"valueRequired\":true,\"valueName\":\"search_term_string\"}}],\"inLanguage\":\"fr-FR\"},{\"@type\":\"Organization\",\"@id\":\"https:\/\/kartingvendrell.com\/#organization\",\"name\":\"Karting Vendrell\",\"url\":\"https:\/\/kartingvendrell.com\/\",\"logo\":{\"@type\":\"ImageObject\",\"inLanguage\":\"fr-FR\",\"@id\":\"https:\/\/kartingvendrell.com\/#\/schema\/logo\/image\/\",\"url\":\"https:\/\/kartingvendrell.com\/wp-content\/uploads\/2017\/12\/Karting-Vendrell.png\",\"contentUrl\":\"https:\/\/kartingvendrell.com\/wp-content\/uploads\/2017\/12\/Karting-Vendrell.png\",\"width\":244,\"height\":100,\"caption\":\"Karting Vendrell\"},\"image\":{\"@id\":\"https:\/\/kartingvendrell.com\/#\/schema\/logo\/image\/\"},\"sameAs\":[\"https:\/\/www.facebook.com\/karting.vendrell\",\"https:\/\/x.com\/ClubVendrell\"]}]}<\/script>\n<!-- \/ Yoast SEO plugin. -->","yoast_head_json":{"title":"Contacter le karting | Karting Vendrell \u00e0 Tarragone et Barcelone","description":"Contactez Karting Vendrell pour r\u00e9server des karts, les champs de bataille de paintball, votre f\u00eate d'anniversaire ou le restaurant.","robots":{"index":"index","follow":"follow","max-snippet":"max-snippet:-1","max-image-preview":"max-image-preview:large","max-video-preview":"max-video-preview:-1"},"canonical":"https:\/\/kartingvendrell.com\/fr\/contact\/","og_locale":"fr_FR","og_type":"article","og_title":"Contacter le karting | Karting Vendrell \u00e0 Tarragone et Barcelone","og_description":"Contactez Karting Vendrell pour r\u00e9server des karts, les champs de bataille de paintball, votre f\u00eate d'anniversaire ou le restaurant.","og_url":"https:\/\/kartingvendrell.com\/fr\/contact\/","og_site_name":"Karting Vendrell","article_publisher":"https:\/\/www.facebook.com\/karting.vendrell","article_modified_time":"2025-09-03T14:57:32+00:00","twitter_card":"summary_large_image","twitter_site":"@ClubVendrell","twitter_misc":{"Dur\u00e9e de lecture estim\u00e9e":"1 minute"},"schema":{"@context":"https:\/\/schema.org","@graph":[{"@type":"WebPage","@id":"https:\/\/kartingvendrell.com\/fr\/contact\/","url":"https:\/\/kartingvendrell.com\/fr\/contact\/","name":"Contacter le karting | Karting Vendrell \u00e0 Tarragone et Barcelone","isPartOf":{"@id":"https:\/\/kartingvendrell.com\/#website"},"datePublished":"2022-05-09T16:55:55+00:00","dateModified":"2025-09-03T14:57:32+00:00","description":"Contactez Karting Vendrell pour r\u00e9server des karts, les champs de bataille de paintball, votre f\u00eate d'anniversaire ou le restaurant.","breadcrumb":{"@id":"https:\/\/kartingvendrell.com\/fr\/contact\/#breadcrumb"},"inLanguage":"fr-FR","potentialAction":[{"@type":"ReadAction","target":["https:\/\/kartingvendrell.com\/fr\/contact\/"]}]},{"@type":"BreadcrumbList","@id":"https:\/\/kartingvendrell.com\/fr\/contact\/#breadcrumb","itemListElement":[{"@type":"ListItem","position":1,"name":"Karting Vendrell","item":"https:\/\/kartingvendrell.com\/fr\/"},{"@type":"ListItem","position":2,"name":"Contact"}]},{"@type":"WebSite","@id":"https:\/\/kartingvendrell.com\/#website","url":"https:\/\/kartingvendrell.com\/","name":"Karting Vendrell","description":"Circuito de Karts","publisher":{"@id":"https:\/\/kartingvendrell.com\/#organization"},"potentialAction":[{"@type":"SearchAction","target":{"@type":"EntryPoint","urlTemplate":"https:\/\/kartingvendrell.com\/?s={search_term_string}"},"query-input":{"@type":"PropertyValueSpecification","valueRequired":true,"valueName":"search_term_string"}}],"inLanguage":"fr-FR"},{"@type":"Organization","@id":"https:\/\/kartingvendrell.com\/#organization","name":"Karting Vendrell","url":"https:\/\/kartingvendrell.com\/","logo":{"@type":"ImageObject","inLanguage":"fr-FR","@id":"https:\/\/kartingvendrell.com\/#\/schema\/logo\/image\/","url":"https:\/\/kartingvendrell.com\/wp-content\/uploads\/2017\/12\/Karting-Vendrell.png","contentUrl":"https:\/\/kartingvendrell.com\/wp-content\/uploads\/2017\/12\/Karting-Vendrell.png","width":244,"height":100,"caption":"Karting Vendrell"},"image":{"@id":"https:\/\/kartingvendrell.com\/#\/schema\/logo\/image\/"},"sameAs":["https:\/\/www.facebook.com\/karting.vendrell","https:\/\/x.com\/ClubVendrell"]}]}},"_links":{"self":[{"href":"https:\/\/kartingvendrell.com\/fr\/wp-json\/wp\/v2\/pages\/16086","targetHints":{"allow":["GET"]}}],"collection":[{"href":"https:\/\/kartingvendrell.com\/fr\/wp-json\/wp\/v2\/pages"}],"about":[{"href":"https:\/\/kartingvendrell.com\/fr\/wp-json\/wp\/v2\/types\/page"}],"author":[{"embeddable":true,"href":"https:\/\/kartingvendrell.com\/fr\/wp-json\/wp\/v2\/users\/1"}],"replies":[{"embeddable":true,"href":"https:\/\/kartingvendrell.com\/fr\/wp-json\/wp\/v2\/comments?post=16086"}],"version-history":[{"count":12,"href":"https:\/\/kartingvendrell.com\/fr\/wp-json\/wp\/v2\/pages\/16086\/revisions"}],"predecessor-version":[{"id":39456,"href":"https:\/\/kartingvendrell.com\/fr\/wp-json\/wp\/v2\/pages\/16086\/revisions\/39456"}],"wp:attachment":[{"href":"https:\/\/kartingvendrell.com\/fr\/wp-json\/wp\/v2\/media?parent=16086"}],"curies":[{"name":"wp","href":"https:\/\/api.w.org\/{rel}","templated":true}]}}